{"id":874,"date":"2017-02-16T10:25:01","date_gmt":"2017-02-16T10:25:01","guid":{"rendered":"http:\/\/hansael.eu\/lv\/?page_id=874"},"modified":"2018-03-13T10:54:11","modified_gmt":"2018-03-13T10:54:11","slug":"ecdis-online-cbt","status":"publish","type":"page","link":"https:\/\/shipnet.eu\/lv\/services\/ecdis-online-cbt\/","title":{"rendered":"ECDIS online CBT"},"content":{"rendered":"<section class=\"l-section wpb_row height_auto width_full\"><div class=\"l-section-h i-cf\"><div class=\"g-cols type_small valign_top\"><div class=\"vc_col-sm-12 wpb_column vc_column_container\"><div class=\"vc_column-inner\"><div class=\"wpb_wrapper\"><div class=\"w-image\"><div class=\"us-frame\"><img width=\"2000\" height=\"336\" src=\"https:\/\/shipnet.eu\/wp-content\/uploads\/2016\/11\/1-1.jpg\" class=\"attachment-full size-full\" alt=\"\" loading=\"lazy\" srcset=\"https:\/\/shipnet.eu\/wp-content\/uploads\/2016\/11\/1-1.jpg 2000w, https:\/\/shipnet.eu\/wp-content\/uploads\/2016\/11\/1-1-300x50.jpg 300w, https:\/\/shipnet.eu\/wp-content\/uploads\/2016\/11\/1-1-768x129.jpg 768w, https:\/\/shipnet.eu\/wp-content\/uploads\/2016\/11\/1-1-1024x172.jpg 1024w, https:\/\/shipnet.eu\/wp-content\/uploads\/2016\/11\/1-1-600x101.jpg 600w\" sizes=\"(max-width: 2000px) 100vw, 2000px\" \/><\/div><\/div><\/div><\/div><\/div><\/div><\/div><\/section><section class=\"l-section wpb_row height_medium color_alternate\"><div class=\"l-section-h i-cf\"><div class=\"g-cols type_small valign_top\"><div class=\"vc_col-sm-12 wpb_column vc_column_container\"><div class=\"vc_column-inner\"><div class=\"wpb_wrapper\"><div class=\"wpb_text_column \"><div class=\"wpb_wrapper\">\n<h1 style=\"text-align: center;\">ECDIS online CBT<\/h1>\n<\/div> <\/div> <\/div><\/div><\/div><\/div><\/div><\/section><section class=\"l-section wpb_row height_small\"><div class=\"l-section-h i-cf\"><div class=\"g-cols type_small valign_top\"><div class=\"vc_col-sm-6 wpb_column vc_column_container has-fill\"><div class=\"vc_column-inner  vc_custom_1486161006089\"><div class=\"wpb_wrapper\">[vc_empty_space height=&#8221;42px&#8221;]<div class=\"wpb_text_column \"><div class=\"wpb_wrapper\">\n<h2 style=\"text-align: center;\"><span style=\"color: #ffffff;\">First time come first time fix&#8230;<\/span><\/h2>\n<\/div> <\/div> [vc_empty_space height=&#8221;42px&#8221;]<\/div><\/div><\/div><div class=\"vc_col-sm-6 wpb_column vc_column_container\"><div class=\"vc_column-inner\"><div class=\"wpb_wrapper\"><div class=\"g-cols wpb_row type_default valign_top vc_inner  vc_custom_1487198720888\"><div class=\"vc_col-sm-12 wpb_column vc_column_container\"><div class=\"vc_column-inner\"><div class=\"wpb_wrapper\"><div class=\"wpb_text_column \"><div class=\"wpb_wrapper\"><strong>Visiem ku\u0123a virsniekiem, kas atbild par navig\u0101cijas sardzes ku\u0123iem, ir nepiecie\u0161ama ECDIS apm\u0101c\u012bba.<\/strong><\/div> <\/div> <\/div><\/div><\/div><\/div><\/div><\/div><\/div><\/div><\/div><\/section><section class=\"l-section wpb_row height_small\"><div class=\"l-section-h i-cf\"><div class=\"g-cols type_small valign_top\"><div class=\"vc_col-sm-6 wpb_column vc_column_container\"><div class=\"vc_column-inner\"><div class=\"wpb_wrapper\"><div class=\"g-cols wpb_row type_default valign_top vc_inner  vc_custom_1487198735840\"><div class=\"vc_col-sm-12 wpb_column vc_column_container\"><div class=\"vc_column-inner\"><div class=\"wpb_wrapper\"><div class=\"wpb_text_column \"><div class=\"wpb_wrapper\"><p>Tas sast\u0101v no visp\u0101r\u0113jas ECDIS apm\u0101c\u012bbas, kuras pamat\u0101 ir SJO modu\u013ca kurss 1.27, k\u0101 ar\u012b tipveida ECDIS iepaz\u012b\u0161anas apm\u0101c\u012bbu par konkr\u0113to apr\u012bkojuma mar\u0137\u0113jumu un modeli uz ku\u0123a.<\/p>\n<p>Lai ku\u0123a \u012bpa\u0161nieka dz\u012bvi atvieglotu un samazin\u0101tu apkalpes ce\u013ca izdevumus par apm\u0101c\u012bbu, HANSAEL pied\u0101v\u0101 ECDIS bortu, CBT, izmantojot <strong>HANSAEL WEB<\/strong> r\u012bku vai klases apm\u0101c\u012bbu.<\/p><\/div> <\/div> <\/div><\/div><\/div><\/div><\/div><\/div><\/div><div class=\"vc_col-sm-6 wpb_column vc_column_container\"><div class=\"vc_column-inner\"><div class=\"wpb_wrapper\"><div class=\"w-slider\"><div class=\"us-frame\"><div class=\"royalSlider\"><div class=\"rsContent\"><a class=\"rsImg\" data-rsw=\"736\" data-rsh=\"899\" href=\"https:\/\/shipnet.eu\/wp-content\/uploads\/2017\/02\/CBT-Training.jpg\"><\/a><\/div><div class=\"rsContent\"><a class=\"rsImg\" data-rsw=\"900\" data-rsh=\"499\" href=\"https:\/\/shipnet.eu\/wp-content\/uploads\/2017\/02\/Furuno-CBT.jpg\"><\/a><\/div><div class=\"rsContent\"><a class=\"rsImg\" data-rsw=\"1024\" data-rsh=\"576\" href=\"https:\/\/shipnet.eu\/wp-content\/uploads\/2017\/02\/onboard-familiarisation-featured-1024x576.jpg\"><\/a><\/div><div class=\"rsContent\"><a class=\"rsImg\" data-rsw=\"1024\" data-rsh=\"501\" href=\"https:\/\/shipnet.eu\/wp-content\/uploads\/2017\/02\/Danelec-CBT-1024x501.jpg\"><\/a><\/div><div class=\"rsContent\"><a class=\"rsImg\" data-rsw=\"735\" data-rsh=\"749\" href=\"https:\/\/shipnet.eu\/wp-content\/uploads\/2017\/02\/CBT-Training-1.jpg\"><\/a><\/div><div class=\"rsContent\"><a class=\"rsImg\" data-rsw=\"1024\" data-rsh=\"532\" href=\"https:\/\/shipnet.eu\/wp-content\/uploads\/2017\/02\/ECDIS-1024x532.jpg\"><\/a><\/div><\/div><img src=\"https:\/\/shipnet.eu\/wp-content\/uploads\/2017\/02\/CBT-Training.jpg\" alt=\"\"><\/div><div class=\"w-slider-json\" onclick='return {&quot;transitionSpeed&quot;:300,&quot;loopRewind&quot;:true,&quot;slidesSpacing&quot;:0,&quot;imageScalePadding&quot;:0,&quot;numImagesToPreload&quot;:2,&quot;arrowsNav&quot;:true,&quot;arrowsNavAutoHide&quot;:false,&quot;transitionType&quot;:&quot;move&quot;,&quot;block&quot;:{&quot;moveEffect&quot;:&quot;none&quot;,&quot;speed&quot;:300},&quot;controlNavigation&quot;:&quot;none&quot;,&quot;imageScaleMode&quot;:&quot;fit-if-smaller&quot;,&quot;autoScaleSlider&quot;:true,&quot;autoScaleSliderWidth&quot;:736,&quot;autoScaleSliderHeight&quot;:899,&quot;fitInViewport&quot;:false}'><\/div><\/div><\/div><\/div><\/div><\/div><\/div><\/section><section class=\"l-section wpb_row height_medium\"><div class=\"l-section-h i-cf\"><div class=\"g-cols type_small valign_top\"><\/div><\/div><\/section><section class=\"l-section wpb_row height_medium\"><div class=\"l-section-h i-cf\"><div class=\"g-cols type_small valign_top\"><div class=\"vc_col-sm-3 wpb_column vc_column_container\"><div class=\"vc_column-inner\"><div class=\"wpb_wrapper\">[vc_empty_space]<\/div><\/div><\/div><div class=\"vc_col-sm-6 wpb_column vc_column_container\"><div class=\"vc_column-inner\"><div class=\"wpb_wrapper\"><div class=\"wpb_text_column \"><div class=\"wpb_wrapper\">\n<h2><span style=\"color: #ffffff;\">Contact us:<\/span><\/h2>\n<\/div> <\/div> <div class=\"w-form for_cform align_left\" id=\"us_form_1\">\r\n\t<form class=\"w-form-h\" autocomplete=\"off\" action=\"https:\/\/shipnet.eu\/lv\/wp-json\/wp\/v2\/pages\/874\" method=\"post\">\r\n\t\t\t\t\t\t\t<div class=\"w-form-row for_name required\">\r\n\t<div class=\"w-form-row-label\">\r\n\t\t<label for=\"us_form_1_name\"><\/label>\r\n\t<\/div>\r\n\t<div class=\"w-form-row-field\">\r\n\t\t\t\t<input type=\"text\" name=\"name\" id=\"us_form_1_name\" value=\"\"\r\n\t\t\t   placeholder=\"Name *\" data-required=\"true\" aria-required=\"true\"\/>\r\n\t\t<span class=\"w-form-row-field-bar\"><\/span>\r\n\t\t\t<\/div>\r\n\t<div class=\"w-form-row-state\"><\/div>\r\n\t<\/div>\r\n\t\t\t\t\t<div class=\"w-form-row for_email required\">\r\n\t<div class=\"w-form-row-label\">\r\n\t\t<label for=\"us_form_1_email\"><\/label>\r\n\t<\/div>\r\n\t<div class=\"w-form-row-field\">\r\n\t\t\t\t<input type=\"email\" name=\"email\" id=\"us_form_1_email\" value=\"\"\r\n\t\t\t   placeholder=\"Email *\" data-required=\"true\" aria-required=\"true\"\/>\r\n\t\t<span class=\"w-form-row-field-bar\"><\/span>\r\n\t\t\t<\/div>\r\n\t<div class=\"w-form-row-state\"><\/div>\r\n\t<\/div>\r\n\t\t\t\t\t<div class=\"w-form-row for_phone required\">\r\n\t<div class=\"w-form-row-label\">\r\n\t\t<label for=\"us_form_1_phone\"><\/label>\r\n\t<\/div>\r\n\t<div class=\"w-form-row-field\">\r\n\t\t\t\t<input type=\"text\" name=\"phone\" id=\"us_form_1_phone\" value=\"\"\r\n\t\t\t   placeholder=\"Phone Number *\" data-required=\"true\" aria-required=\"true\"\/>\r\n\t\t<span class=\"w-form-row-field-bar\"><\/span>\r\n\t\t\t<\/div>\r\n\t<div class=\"w-form-row-state\"><\/div>\r\n\t<\/div>\r\n\t\t\t\t\t<div class=\"w-form-row for_message required\">\r\n\t<div class=\"w-form-row-label\">\r\n\t\t<label for=\"us_form_1_message\"><\/label>\r\n\t<\/div>\r\n\t<div class=\"w-form-row-field\">\r\n\t\t\t\t<textarea name=\"message\" id=\"us_form_1_message\" cols=\"30\" rows=\"10\" placeholder=\"Message *\"\r\n\t\t\t data-required=\"true\" aria-required=\"true\"><\/textarea>\r\n\t\t<span class=\"w-form-row-field-bar\"><\/span>\r\n\t\t\t<\/div>\r\n\t<div class=\"w-form-row-state\"><\/div>\r\n\t<\/div>\r\n\t\t\t\t\t<div class=\"w-form-row for_captcha required\">\r\n\t<div class=\"w-form-row-label\">\r\n\t\t<label for=\"us_form_1_captcha\">Just to prove you are a human, please solve the equation: <span>25 - 10 = ?<\/span><\/label>\r\n\t<\/div>\r\n\t<div class=\"w-form-row-field\">\r\n\t\t\t\t<input type=\"hidden\" name=\"captcha_hash\" value=\"ae8cd7493be60baba06555aa31dff127\" \/>\r\n\t\t<input type=\"text\" name=\"captcha\" id=\"us_form_1_captcha\" value=\"\"\r\n\t\t\t   data-required=\"1\" placeholder=\"\" aria-required=\"true\" \/>\r\n\t\t<span class=\"w-form-row-field-bar\"><\/span>\r\n\t\t\t<\/div>\r\n\t<div class=\"w-form-row-state\"><\/div>\r\n\t<\/div>\r\n\t\t\t\t\t<input type=\"hidden\" name=\"action\" value=\"us_ajax_cform\" \/>\r\n\t\t\t\t\t<input type=\"hidden\" name=\"post_id\" value=\"874\" \/>\r\n\t\t\t\t\t<input type=\"hidden\" name=\"form_index\" value=\"1\" \/>\r\n\t\t\t\t\t<div class=\"w-form-row for_submit\">\r\n\t<div class=\"w-form-row-field\">\r\n\t\t<button class=\"w-btn size_15px color_primary style_solid\" type=\"submit\"><span class=\"g-preloader type_1\"><\/span><span class=\"w-btn-label\">Send Message<\/span><\/button>\r\n\t<\/div>\r\n<\/div>\r\n\t\t\t\t<div class=\"w-form-message\"><\/div>\r\n\t\t\t<\/form>\r\n\t\t\t<div class=\"w-form-json hidden\" onclick='return {&quot;ajaxurl&quot;:&quot;https:\\\/\\\/shipnet.eu\\\/wp-admin\\\/admin-ajax.php&quot;,&quot;success&quot;:&quot;Thank you! Your message was sent.&quot;,&quot;errors&quot;:{&quot;name&quot;:&quot;Please enter your Name&quot;,&quot;email&quot;:&quot;Please enter your Email&quot;,&quot;phone&quot;:&quot;Please enter your Phone Number&quot;,&quot;message&quot;:&quot;Please enter a Message&quot;,&quot;captcha&quot;:&quot;Please enter the equation result&quot;}}'><\/div>\r\n\t<\/div>\r\n<\/div><\/div><\/div><div class=\"vc_col-sm-3 wpb_column vc_column_container\"><div class=\"vc_column-inner\"><div class=\"wpb_wrapper\">[vc_empty_space]<\/div><\/div><\/div><\/div><\/div><\/section><!-- Row Backgrounds --><div class=\"upb_color\" data-bg-override=\"0\" data-bg-color=\"#981e32\" data-fadeout=\"\" data-fadeout-percentage=\"30\" data-parallax-content=\"\" data-parallax-content-sense=\"30\" data-row-effect-mobile-disable=\"true\" data-img-parallax-mobile-disable=\"true\" data-rtl=\"false\"  data-custom-vc-row=\"\"  data-vc=\"5.0.1\"  data-is_old_vc=\"\"  data-theme-support=\"\"   data-overlay=\"false\" data-overlay-color=\"\" data-overlay-pattern=\"\" data-overlay-pattern-opacity=\"\" data-overlay-pattern-size=\"\"    ><\/div>\n","protected":false},"excerpt":{"rendered":"ECDIS online CBT [vc_empty_space height=\"42px\"] First time come first time fix... [vc_empty_space height=\"42px\"]Visiem ku\u0123a virsniekiem, kas atbild par navig\u0101cijas sardzes ku\u0123iem, ir nepiecie\u0161ama ECDIS apm\u0101c\u012bba. Tas sast\u0101v no visp\u0101r\u0113jas ECDIS apm\u0101c\u012bbas, kuras pamat\u0101 ir SJO modu\u013ca kurss 1.27, k\u0101 ar\u012b tipveida ECDIS iepaz\u012b\u0161anas apm\u0101c\u012bbu par konkr\u0113to apr\u012bkojuma mar\u0137\u0113jumu un modeli uz ku\u0123a. Lai ku\u0123a \u012bpa\u0161nieka...","protected":false},"author":1,"featured_media":0,"parent":528,"menu_order":0,"comment_status":"closed","ping_status":"closed","template":"","meta":[],"aioseo_notices":[],"_links":{"self":[{"href":"https:\/\/shipnet.eu\/lv\/wp-json\/wp\/v2\/pages\/874"}],"collection":[{"href":"https:\/\/shipnet.eu\/lv\/wp-json\/wp\/v2\/pages"}],"about":[{"href":"https:\/\/shipnet.eu\/lv\/wp-json\/wp\/v2\/types\/page"}],"author":[{"embeddable":true,"href":"https:\/\/shipnet.eu\/lv\/wp-json\/wp\/v2\/users\/1"}],"replies":[{"embeddable":true,"href":"https:\/\/shipnet.eu\/lv\/wp-json\/wp\/v2\/comments?post=874"}],"version-history":[{"count":3,"href":"https:\/\/shipnet.eu\/lv\/wp-json\/wp\/v2\/pages\/874\/revisions"}],"predecessor-version":[{"id":2035,"href":"https:\/\/shipnet.eu\/lv\/wp-json\/wp\/v2\/pages\/874\/revisions\/2035"}],"up":[{"embeddable":true,"href":"https:\/\/shipnet.eu\/lv\/wp-json\/wp\/v2\/pages\/528"}],"wp:attachment":[{"href":"https:\/\/shipnet.eu\/lv\/wp-json\/wp\/v2\/media?parent=874"}],"curies":[{"name":"wp","href":"https:\/\/api.w.org\/{rel}","templated":true}]}}