{"id":564,"date":"2017-01-24T16:39:36","date_gmt":"2017-01-24T16:39:36","guid":{"rendered":"http:\/\/hansael.eu\/?page_id=564&#038;lang=lv"},"modified":"2018-03-13T10:20:19","modified_gmt":"2018-03-13T10:20:19","slug":"worldwide-service-coordination","status":"publish","type":"page","link":"https:\/\/shipnet.eu\/lv\/services\/worldwide-service-coordination\/","title":{"rendered":"Worldwide service on demand"},"content":{"rendered":"<section class=\"l-section wpb_row height_auto width_full\"><div class=\"l-section-h i-cf\"><div class=\"g-cols type_small valign_top\"><div class=\"vc_col-sm-12 wpb_column vc_column_container\"><div class=\"vc_column-inner\"><div class=\"wpb_wrapper\"><div class=\"w-image\"><div class=\"us-frame\"><img width=\"2000\" height=\"336\" src=\"https:\/\/shipnet.eu\/wp-content\/uploads\/2016\/11\/1-1.jpg\" class=\"attachment-full size-full\" alt=\"\" loading=\"lazy\" srcset=\"https:\/\/shipnet.eu\/wp-content\/uploads\/2016\/11\/1-1.jpg 2000w, https:\/\/shipnet.eu\/wp-content\/uploads\/2016\/11\/1-1-300x50.jpg 300w, https:\/\/shipnet.eu\/wp-content\/uploads\/2016\/11\/1-1-768x129.jpg 768w, https:\/\/shipnet.eu\/wp-content\/uploads\/2016\/11\/1-1-1024x172.jpg 1024w, https:\/\/shipnet.eu\/wp-content\/uploads\/2016\/11\/1-1-600x101.jpg 600w\" sizes=\"(max-width: 2000px) 100vw, 2000px\" \/><\/div><\/div><\/div><\/div><\/div><\/div><\/div><\/section><section class=\"l-section wpb_row height_medium color_alternate\"><div class=\"l-section-h i-cf\"><div class=\"g-cols type_small valign_top\"><div class=\"vc_col-sm-12 wpb_column vc_column_container\"><div class=\"vc_column-inner\"><div class=\"wpb_wrapper\"><div class=\"wpb_text_column \"><div class=\"wpb_wrapper\">\n<h1 style=\"text-align: center;\">Worldwide service on demand<\/h1>\n<\/div> <\/div> <\/div><\/div><\/div><\/div><\/div><\/section><section class=\"l-section wpb_row height_small\"><div class=\"l-section-h i-cf\"><div class=\"g-cols type_small valign_top\"><div class=\"vc_col-sm-6 wpb_column vc_column_container has-fill\"><div class=\"vc_column-inner  vc_custom_1486161006089\"><div class=\"wpb_wrapper\">[vc_empty_space height=&#8221;42px&#8221;]<div class=\"wpb_text_column \"><div class=\"wpb_wrapper\">\n<h2 style=\"text-align: center;\"><span style=\"color: #ffffff;\">First time come, first time fix<\/span><\/h2>\n<\/div> <\/div> [vc_empty_space height=&#8221;42px&#8221;]<\/div><\/div><\/div><div class=\"vc_col-sm-6 wpb_column vc_column_container\"><div class=\"vc_column-inner\"><div class=\"wpb_wrapper\"><div class=\"g-cols wpb_row type_default valign_top vc_inner  vc_custom_1487199036183\"><div class=\"vc_col-sm-12 wpb_column vc_column_container\"><div class=\"vc_column-inner\"><div class=\"wpb_wrapper\"><div class=\"wpb_text_column \"><div class=\"wpb_wrapper\"><strong>Hansael SIA nodro\u0161ina kvalitat\u012bvus pakalpojumus, piem\u0113ram:<\/strong><\/p>\n<ul>\n<li>Radio un navig\u0101cijas iek\u0101rtu un satel\u012btu sakaru sist\u0113mu remonts un apkope uz ku\u0123a;<\/li>\n<li>S\/VDR gada veiktsp\u0113jas p\u0101rbaude;<\/li>\n<li>GMDSS Radiosakari.<\/li>\n<\/ul>\n<\/div> <\/div> <\/div><\/div><\/div><\/div><\/div><\/div><\/div><\/div><\/div><\/section><section class=\"l-section wpb_row height_small\"><div class=\"l-section-h i-cf\"><div class=\"g-cols type_small valign_top\"><div class=\"vc_col-sm-6 wpb_column vc_column_container\"><div class=\"vc_column-inner\"><div class=\"wpb_wrapper\"><div class=\"g-cols wpb_row type_default valign_top vc_inner  vc_custom_1487199058942\"><div class=\"vc_col-sm-12 wpb_column vc_column_container\"><div class=\"vc_column-inner\"><div class=\"wpb_wrapper\"><div class=\"wpb_text_column \"><div class=\"wpb_wrapper\"><strong>M\u0113s esam ieinteres\u0113ti veiksm\u012bg\u0101 pakalpojuma snieg\u0161an\u0101 &#8220;pirmo reizi&#8221;.<\/strong><\/p>\n<ul>\n<li>Nep\u0101rtraukti p\u0101rejot no pasaules vado\u0161o Radio \/ Navigational un Satcom iek\u0101rtu ra\u017eot\u0101ju kvalifik\u0101cijas cel\u0161anas kursiem, m\u016bsu komandai ir pietiekamas zin\u0101\u0161anas un pieredze, kas nepiecie\u0161ama, lai nodro\u0161in\u0101tu ne tikai remontu, bet ar\u012b att\u0101lin\u0101tu atbalstu p\u0113k\u0161\u0146a apr\u012bkojuma sabrukuma gad\u012bjum\u0101;<\/li>\n<li>Pateicoties veiksm\u012bgai sadarb\u012bbai, m\u016bsu komp\u0101nija pieg\u0101d\u0101 visu nepiecie\u0161amo rezerves da\u013cu komplektu, ko katrs in\u017eenieris uz\u0146em ku\u0123\u012b. M\u0113s dar\u0101m visu iesp\u0113jamo, lai uzlabotu pakalpojumu efektivit\u0101ti;<\/li>\n<li>\u0145emot p\u0101rst\u0101vi vis\u0101 pasaul\u0113, m\u0113s veicam remontu uz jebkura ku\u0123a, neatkar\u012bgi no t\u0101 karoga vai klasific\u0113\u0161anas sabiedr\u012bbas.<\/li>\n<\/ul>\n<\/div> <\/div> <\/div><\/div><\/div><\/div><\/div><\/div><\/div><div class=\"vc_col-sm-6 wpb_column vc_column_container\"><div class=\"vc_column-inner\"><div class=\"wpb_wrapper\"><div class=\"w-map\" id=\"us_map_1\" style=\"height: 400px\"><div class=\"w-map-h\"><\/div><div class=\"w-map-json\" onclick='return {&quot;address&quot;:&quot;Riga, Latvia&quot;,&quot;markers&quot;:[{&quot;address&quot;:&quot;Riga, Latvia&quot;,&quot;html&quot;:&quot;&lt;h6&gt;Hansael SIA&lt;\\\/h6&gt;&lt;p&gt;One contact, global coverage&lt;\\\/p&gt;&quot;,&quot;infowindow&quot;:false},{&quot;html&quot;:&quot;Service network station&quot;,&quot;address&quot;:&quot;Kosaya liniya, 15, \\u043b\\u0438\\u0442\\u0435\\u0440\\u0430 \\&quot;\\u0410\\&quot;, Sankt-Peterburg, Russia, 199106&quot;,&quot;latitude&quot;:null,&quot;longitude&quot;:null},{&quot;html&quot;:&quot;Service network station&quot;,&quot;address&quot;:&quot;Norgesvej 7, 5700 Svendborg, Denmark&quot;,&quot;latitude&quot;:null,&quot;longitude&quot;:null},{&quot;html&quot;:&quot;Regional service station&quot;,&quot;address&quot;:&quot;Ostas iela Ventspils, LV-3601&quot;,&quot;latitude&quot;:null,&quot;longitude&quot;:null},{&quot;html&quot;:&quot;Regional service station&quot;,&quot;address&quot;:&quot;Sp\\u012b\\u0137eru iela 19\\\/23 Liep\\u0101ja, LV-3401&quot;,&quot;latitude&quot;:null,&quot;longitude&quot;:null},{&quot;html&quot;:&quot;Service network station&quot;,&quot;address&quot;:&quot;Pilies g. 3 Klaip\\u0117da 91233 Lithuania&quot;,&quot;latitude&quot;:null,&quot;longitude&quot;:null},{&quot;html&quot;:&quot; Hansael SIA Estonia&quot;,&quot;address&quot;:&quot;Laanemere tee 21-38 13914 Tallinn Estonia &quot;,&quot;latitude&quot;:null,&quot;longitude&quot;:null},{&quot;html&quot;:&quot;Service network station&quot;,&quot;address&quot;:&quot;ul. Pravaya Naberezhnaya, 2 236006 Kaliningrad, Russia&quot;,&quot;latitude&quot;:null,&quot;longitude&quot;:null},{&quot;html&quot;:&quot;Service network station&quot;,&quot;address&quot;:&quot;Unit 2, Clayton Manor, Victoria Gardens RH159NB, Burgess Hill, West Sussez&quot;,&quot;latitude&quot;:null,&quot;longitude&quot;:null}],&quot;zoom&quot;:2,&quot;maptype&quot;:&quot;ROADMAP&quot;,&quot;height&quot;:&quot;400&quot;,&quot;hideControls&quot;:true,&quot;disableDragging&quot;:true}'><\/div><div class=\"w-map-style-json\" onclick='return [{\n\t\t\t\t  \"featureType\":\"administrative\",\n\t\t\t\t  \"elementType\":\"labels.text.fill\",\n\t\t\t\t  \"stylers\":[{\"color\":\"#444444\"}]},{\"featureType\":\"landscape\",\"elementType\":\"all\",\"stylers\":[{\"color\":\"#f2f2f2\"}]},{\"featureType\":\"poi\",\"elementType\":\"all\",\"stylers\":[{\"visibility\":\"off\"}]},{\"featureType\":\"road\",\"elementType\":\"all\",\"stylers\":[{\"saturation\":-100},{\"lightness\":45}]},{\"featureType\":\"road.highway\",\"elementType\":\"all\",\"stylers\":[{\"visibility\":\"simplified\"}]},{\"featureType\":\"road.arterial\",\"elementType\":\"labels.icon\",\"stylers\":[{\"visibility\":\"off\"}]},{\"featureType\":\"transit\",\"elementType\":\"all\",\"stylers\":[{\"visibility\":\"off\"}]},{\"featureType\":\"water\",\"elementType\":\"all\",\"stylers\":[{\"color\":\"#87172a\"},{\"visibility\":\"on\"}]}]'><\/div><\/div><\/div><\/div><\/div><\/div><\/div><\/section><section class=\"l-section wpb_row height_small\"><div class=\"l-section-h i-cf\"><div class=\"g-cols type_small valign_top\"><div class=\"vc_col-sm-6 wpb_column vc_column_container\"><div class=\"vc_column-inner\"><div class=\"wpb_wrapper\"><div class=\"w-slider\"><div class=\"us-frame\"><div class=\"royalSlider\"><div class=\"rsContent\"><a class=\"rsImg\" data-rsw=\"1024\" data-rsh=\"576\" href=\"https:\/\/shipnet.eu\/wp-content\/uploads\/2017\/01\/20170318_093818-1024x576.jpg\"><\/a><\/div><div class=\"rsContent\"><a class=\"rsImg\" data-rsw=\"1024\" data-rsh=\"576\" href=\"https:\/\/shipnet.eu\/wp-content\/uploads\/2017\/01\/20170320_113134-1024x576.jpg\"><\/a><\/div><div class=\"rsContent\"><a class=\"rsImg\" data-rsw=\"1024\" data-rsh=\"768\" href=\"https:\/\/shipnet.eu\/wp-content\/uploads\/2017\/01\/IMG_20160418_131352-1024x768.jpg\"><\/a><\/div><div class=\"rsContent\"><a class=\"rsImg\" data-rsw=\"1024\" data-rsh=\"576\" href=\"https:\/\/shipnet.eu\/wp-content\/uploads\/2017\/01\/20170320_091321-1024x576.jpg\"><\/a><\/div><div class=\"rsContent\"><a class=\"rsImg\" data-rsw=\"1024\" data-rsh=\"768\" href=\"https:\/\/shipnet.eu\/wp-content\/uploads\/2017\/01\/IMG_9180-1024x768.jpg\"><\/a><\/div><\/div><img src=\"https:\/\/shipnet.eu\/wp-content\/uploads\/2017\/01\/20170318_093818-1024x576.jpg\" alt=\"\"><\/div><div class=\"w-slider-json\" onclick='return {&quot;transitionSpeed&quot;:300,&quot;loopRewind&quot;:true,&quot;slidesSpacing&quot;:0,&quot;imageScalePadding&quot;:0,&quot;numImagesToPreload&quot;:2,&quot;arrowsNav&quot;:true,&quot;arrowsNavAutoHide&quot;:false,&quot;transitionType&quot;:&quot;move&quot;,&quot;block&quot;:{&quot;moveEffect&quot;:&quot;none&quot;,&quot;speed&quot;:300},&quot;controlNavigation&quot;:&quot;none&quot;,&quot;imageScaleMode&quot;:&quot;fit-if-smaller&quot;,&quot;autoScaleSlider&quot;:true,&quot;autoScaleSliderWidth&quot;:1024,&quot;autoScaleSliderHeight&quot;:576,&quot;fitInViewport&quot;:false}'><\/div><\/div><\/div><\/div><\/div><div class=\"vc_col-sm-6 wpb_column vc_column_container\"><div class=\"vc_column-inner\"><div class=\"wpb_wrapper\"><div class=\"g-cols wpb_row type_default valign_top vc_inner  vc_custom_1487199071732\"><div class=\"vc_col-sm-12 wpb_column vc_column_container\"><div class=\"vc_column-inner\"><div class=\"wpb_wrapper\"><div class=\"wpb_text_column \"><div class=\"wpb_wrapper\"><p>Viena no m\u016bsu priek\u0161roc\u012bb\u0101m ir tas, ka m\u0113s re\u0123istr\u0113jam katra ku\u0123a apr\u012bkojumu. Str\u0101d\u0101jot vien\u0101 pasaules pakalpojumu sist\u0113m\u0101, m\u016bsu in\u017eenieri vienm\u0113r tiek inform\u0113ti par iepriek\u0161 veikto remontu un apkopi.<\/p>\n<p><strong>Hansael SIA nodro\u0161ina mobilit\u0101ti un pieejam\u012bbu 24\/7\/365.<\/strong><\/p>\n<p>M\u0113s lepojamies ar to, ka katram klientam ir piln\u012bgi individu\u0101la pieeja probl\u0113mu risin\u0101\u0161anai.<\/p><\/div> <\/div> <\/div><\/div><\/div><\/div><\/div><\/div><\/div><\/div><\/div><\/section><section class=\"l-section wpb_row height_medium\"><div class=\"l-section-h i-cf\"><div class=\"g-cols type_small valign_top\"><\/div><\/div><\/section><section class=\"l-section wpb_row height_medium\"><div class=\"l-section-h i-cf\"><div class=\"g-cols type_small valign_top\"><div class=\"vc_col-sm-3 wpb_column vc_column_container\"><div class=\"vc_column-inner\"><div class=\"wpb_wrapper\">[vc_empty_space]<\/div><\/div><\/div><div class=\"vc_col-sm-6 wpb_column vc_column_container\"><div class=\"vc_column-inner\"><div class=\"wpb_wrapper\"><div class=\"wpb_text_column \"><div class=\"wpb_wrapper\">\n<h2><span style=\"color: #ffffff;\">Contact us:<\/span><\/h2>\n<\/div> <\/div> <div class=\"w-form for_cform align_left\" id=\"us_form_1\">\r\n\t<form class=\"w-form-h\" autocomplete=\"off\" action=\"https:\/\/shipnet.eu\/lv\/wp-json\/wp\/v2\/pages\/564\" method=\"post\">\r\n\t\t\t\t\t\t\t<div class=\"w-form-row for_name required\">\r\n\t<div class=\"w-form-row-label\">\r\n\t\t<label for=\"us_form_1_name\"><\/label>\r\n\t<\/div>\r\n\t<div class=\"w-form-row-field\">\r\n\t\t\t\t<input type=\"text\" name=\"name\" id=\"us_form_1_name\" value=\"\"\r\n\t\t\t   placeholder=\"Name *\" data-required=\"true\" aria-required=\"true\"\/>\r\n\t\t<span class=\"w-form-row-field-bar\"><\/span>\r\n\t\t\t<\/div>\r\n\t<div class=\"w-form-row-state\"><\/div>\r\n\t<\/div>\r\n\t\t\t\t\t<div class=\"w-form-row for_email required\">\r\n\t<div class=\"w-form-row-label\">\r\n\t\t<label for=\"us_form_1_email\"><\/label>\r\n\t<\/div>\r\n\t<div class=\"w-form-row-field\">\r\n\t\t\t\t<input type=\"email\" name=\"email\" id=\"us_form_1_email\" value=\"\"\r\n\t\t\t   placeholder=\"Email *\" data-required=\"true\" aria-required=\"true\"\/>\r\n\t\t<span class=\"w-form-row-field-bar\"><\/span>\r\n\t\t\t<\/div>\r\n\t<div class=\"w-form-row-state\"><\/div>\r\n\t<\/div>\r\n\t\t\t\t\t<div class=\"w-form-row for_phone required\">\r\n\t<div class=\"w-form-row-label\">\r\n\t\t<label for=\"us_form_1_phone\"><\/label>\r\n\t<\/div>\r\n\t<div class=\"w-form-row-field\">\r\n\t\t\t\t<input type=\"text\" name=\"phone\" id=\"us_form_1_phone\" value=\"\"\r\n\t\t\t   placeholder=\"Phone Number *\" data-required=\"true\" aria-required=\"true\"\/>\r\n\t\t<span class=\"w-form-row-field-bar\"><\/span>\r\n\t\t\t<\/div>\r\n\t<div class=\"w-form-row-state\"><\/div>\r\n\t<\/div>\r\n\t\t\t\t\t<div class=\"w-form-row for_message required\">\r\n\t<div class=\"w-form-row-label\">\r\n\t\t<label for=\"us_form_1_message\"><\/label>\r\n\t<\/div>\r\n\t<div class=\"w-form-row-field\">\r\n\t\t\t\t<textarea name=\"message\" id=\"us_form_1_message\" cols=\"30\" rows=\"10\" placeholder=\"Message *\"\r\n\t\t\t data-required=\"true\" aria-required=\"true\"><\/textarea>\r\n\t\t<span class=\"w-form-row-field-bar\"><\/span>\r\n\t\t\t<\/div>\r\n\t<div class=\"w-form-row-state\"><\/div>\r\n\t<\/div>\r\n\t\t\t\t\t<div class=\"w-form-row for_captcha required\">\r\n\t<div class=\"w-form-row-label\">\r\n\t\t<label for=\"us_form_1_captcha\">Just to prove you are a human, please solve the equation: <span>19 - 7 = ?<\/span><\/label>\r\n\t<\/div>\r\n\t<div class=\"w-form-row-field\">\r\n\t\t\t\t<input type=\"hidden\" name=\"captcha_hash\" value=\"49191351397dab92cb522870a352cba6\" \/>\r\n\t\t<input type=\"text\" name=\"captcha\" id=\"us_form_1_captcha\" value=\"\"\r\n\t\t\t   data-required=\"1\" placeholder=\"\" aria-required=\"true\" \/>\r\n\t\t<span class=\"w-form-row-field-bar\"><\/span>\r\n\t\t\t<\/div>\r\n\t<div class=\"w-form-row-state\"><\/div>\r\n\t<\/div>\r\n\t\t\t\t\t<input type=\"hidden\" name=\"action\" value=\"us_ajax_cform\" \/>\r\n\t\t\t\t\t<input type=\"hidden\" name=\"post_id\" value=\"564\" \/>\r\n\t\t\t\t\t<input type=\"hidden\" name=\"form_index\" value=\"1\" \/>\r\n\t\t\t\t\t<div class=\"w-form-row for_submit\">\r\n\t<div class=\"w-form-row-field\">\r\n\t\t<button class=\"w-btn size_15px color_primary style_solid\" type=\"submit\"><span class=\"g-preloader type_1\"><\/span><span class=\"w-btn-label\">Send Message<\/span><\/button>\r\n\t<\/div>\r\n<\/div>\r\n\t\t\t\t<div class=\"w-form-message\"><\/div>\r\n\t\t\t<\/form>\r\n\t\t\t<div class=\"w-form-json hidden\" onclick='return {&quot;ajaxurl&quot;:&quot;https:\\\/\\\/shipnet.eu\\\/wp-admin\\\/admin-ajax.php&quot;,&quot;success&quot;:&quot;Thank you! Your message was sent.&quot;,&quot;errors&quot;:{&quot;name&quot;:&quot;Please enter your Name&quot;,&quot;email&quot;:&quot;Please enter your Email&quot;,&quot;phone&quot;:&quot;Please enter your Phone Number&quot;,&quot;message&quot;:&quot;Please enter a Message&quot;,&quot;captcha&quot;:&quot;Please enter the equation result&quot;}}'><\/div>\r\n\t<\/div>\r\n<\/div><\/div><\/div><div class=\"vc_col-sm-3 wpb_column vc_column_container\"><div class=\"vc_column-inner\"><div class=\"wpb_wrapper\">[vc_empty_space]<\/div><\/div><\/div><\/div><\/div><\/section><!-- Row Backgrounds --><div class=\"upb_color\" data-bg-override=\"0\" data-bg-color=\"#981e32\" data-fadeout=\"\" data-fadeout-percentage=\"30\" data-parallax-content=\"\" data-parallax-content-sense=\"30\" data-row-effect-mobile-disable=\"true\" data-img-parallax-mobile-disable=\"true\" data-rtl=\"false\"  data-custom-vc-row=\"\"  data-vc=\"5.0.1\"  data-is_old_vc=\"\"  data-theme-support=\"\"   data-overlay=\"false\" data-overlay-color=\"\" data-overlay-pattern=\"\" data-overlay-pattern-opacity=\"\" data-overlay-pattern-size=\"\"    ><\/div>\n","protected":false},"excerpt":{"rendered":"Worldwide service on demand [vc_empty_space height=\"42px\"] First time come, first time fix [vc_empty_space height=\"42px\"]Hansael SIA nodro\u0161ina kvalitat\u012bvus pakalpojumus, piem\u0113ram: Radio un navig\u0101cijas iek\u0101rtu un satel\u012btu sakaru sist\u0113mu remonts un apkope uz ku\u0123a; S\/VDR gada veiktsp\u0113jas p\u0101rbaude; GMDSS Radiosakari. M\u0113s esam ieinteres\u0113ti veiksm\u012bg\u0101 pakalpojuma snieg\u0161an\u0101 \"pirmo reizi\". Nep\u0101rtraukti p\u0101rejot no pasaules vado\u0161o Radio \/ Navigational un...","protected":false},"author":1,"featured_media":0,"parent":528,"menu_order":0,"comment_status":"closed","ping_status":"closed","template":"","meta":[],"aioseo_notices":[],"_links":{"self":[{"href":"https:\/\/shipnet.eu\/lv\/wp-json\/wp\/v2\/pages\/564"}],"collection":[{"href":"https:\/\/shipnet.eu\/lv\/wp-json\/wp\/v2\/pages"}],"about":[{"href":"https:\/\/shipnet.eu\/lv\/wp-json\/wp\/v2\/types\/page"}],"author":[{"embeddable":true,"href":"https:\/\/shipnet.eu\/lv\/wp-json\/wp\/v2\/users\/1"}],"replies":[{"embeddable":true,"href":"https:\/\/shipnet.eu\/lv\/wp-json\/wp\/v2\/comments?post=564"}],"version-history":[{"count":17,"href":"https:\/\/shipnet.eu\/lv\/wp-json\/wp\/v2\/pages\/564\/revisions"}],"predecessor-version":[{"id":2030,"href":"https:\/\/shipnet.eu\/lv\/wp-json\/wp\/v2\/pages\/564\/revisions\/2030"}],"up":[{"embeddable":true,"href":"https:\/\/shipnet.eu\/lv\/wp-json\/wp\/v2\/pages\/528"}],"wp:attachment":[{"href":"https:\/\/shipnet.eu\/lv\/wp-json\/wp\/v2\/media?parent=564"}],"curies":[{"name":"wp","href":"https:\/\/api.w.org\/{rel}","templated":true}]}}