{"id":556,"date":"2017-02-12T23:31:40","date_gmt":"2017-02-12T23:31:40","guid":{"rendered":"http:\/\/hansael.eu\/?page_id=556&#038;lang=lv"},"modified":"2018-03-13T10:37:20","modified_gmt":"2018-03-13T10:37:20","slug":"satellite-communication","status":"publish","type":"page","link":"https:\/\/shipnet.eu\/lv\/services\/satellite-communication\/","title":{"rendered":"Satellite communication"},"content":{"rendered":"<section class=\"l-section wpb_row height_auto width_full\"><div class=\"l-section-h i-cf\"><div class=\"g-cols type_small valign_top\"><div class=\"vc_col-sm-12 wpb_column vc_column_container\"><div class=\"vc_column-inner\"><div class=\"wpb_wrapper\"><div class=\"w-image\"><div class=\"us-frame\"><img width=\"2000\" height=\"336\" src=\"https:\/\/shipnet.eu\/wp-content\/uploads\/2016\/11\/1-1.jpg\" class=\"attachment-full size-full\" alt=\"\" loading=\"lazy\" srcset=\"https:\/\/shipnet.eu\/wp-content\/uploads\/2016\/11\/1-1.jpg 2000w, https:\/\/shipnet.eu\/wp-content\/uploads\/2016\/11\/1-1-300x50.jpg 300w, https:\/\/shipnet.eu\/wp-content\/uploads\/2016\/11\/1-1-768x129.jpg 768w, https:\/\/shipnet.eu\/wp-content\/uploads\/2016\/11\/1-1-1024x172.jpg 1024w, https:\/\/shipnet.eu\/wp-content\/uploads\/2016\/11\/1-1-600x101.jpg 600w\" sizes=\"(max-width: 2000px) 100vw, 2000px\" \/><\/div><\/div><\/div><\/div><\/div><\/div><\/div><\/section><section class=\"l-section wpb_row height_medium color_alternate\"><div class=\"l-section-h i-cf\"><div class=\"g-cols type_small valign_top\"><div class=\"vc_col-sm-12 wpb_column vc_column_container\"><div class=\"vc_column-inner\"><div class=\"wpb_wrapper\"><div class=\"wpb_text_column \"><div class=\"wpb_wrapper\">\n<h1 style=\"text-align: center;\">Satellite communication<\/h1>\n<\/div> <\/div> <\/div><\/div><\/div><\/div><\/div><\/section><section class=\"l-section wpb_row height_small\" style=\"padding-right: 20px !important;padding-left: 20px !important;\"><div class=\"l-section-h i-cf\"><div class=\"g-cols type_default valign_top\"><div class=\"vc_col-sm-6 wpb_column vc_column_container has-fill\"><div class=\"vc_column-inner  vc_custom_1486161006089\"><div class=\"wpb_wrapper\">[vc_empty_space height=&#8221;42px&#8221;]<div class=\"wpb_text_column \"><div class=\"wpb_wrapper\">\n<h2 style=\"text-align: center;\"><span style=\"color: #ffffff;\">ALWAYS ONLINE!<\/span><\/h2>\n<\/div> <\/div> [vc_empty_space height=&#8221;42px&#8221;]<\/div><\/div><\/div><div class=\"vc_col-sm-6 wpb_column vc_column_container\"><div class=\"vc_column-inner\"><div class=\"wpb_wrapper\"><div class=\"wpb_text_column \"><div class=\"wpb_wrapper\"><strong>HANSAEL<\/strong> ir licenc\u0113ta gr\u0101matved\u012bbas iest\u0101de (AAIC) un ofici\u0101lais Inmarsat pakalpojumu sniedz\u0113js. M\u0113s pied\u0101v\u0101jam ar\u012b papla\u0161in\u0101tu GSM pakalpojumu, kas ir alternat\u012bva krasta satel\u012btkomunik\u0101cij\u0101m. Kombin\u0101cij\u0101 <strong>HANSAEL LR GSM + SATCOM\u00a0<\/strong>terminal ku\u0123is ieg\u016bst maksim\u0101lu, stabilu, efekt\u012bvu un izmaksu zi\u0146\u0101 draudz\u012bgu sazi\u0146as r\u012bku, kas uztur ku\u0123i vienm\u0113r <strong>ONLINE<\/strong> vis\u0101 pasaul\u0113 ietaupot ku\u0123a bud\u017eetu.<\/div> <\/div> <\/div><\/div><\/div><\/div><\/div><\/section><section class=\"l-section wpb_row height_small\" style=\"padding-right: 20px !important;padding-left: 20px !important;\"><div class=\"l-section-h i-cf\"><div class=\"g-cols type_default valign_top\"><div class=\"vc_col-sm-6 wpb_column vc_column_container\"><div class=\"vc_column-inner\"><div class=\"wpb_wrapper\"><div class=\"wpb_text_column \"><div class=\"wpb_wrapper\"><strong>HANSAEL GSM<\/strong> risin\u0101jums darbojas vis\u0101s pasaules mobilo GSM pakalpojumu frekvenc\u0113s, tas noz\u012bm\u0113, ka klienti neaprobe\u017eojas tikai ar konkr\u0113tu mobilo sakaru t\u012bkla pakalpojumu sniedz\u0113ju.<\/p>\n<p><strong>HANSAEL specializ\u0113jas:<\/strong><\/p>\n<ul>\n<li>Tie\u0161saistes pakalpojumu un risin\u0101jumu nodro\u0161in\u0101\u0161ana<\/li>\n<li>LRIT sertifik\u0101cija un p\u0101rbaude<\/li>\n<li>Inmarsat aktiviz\u0113\u0161ana<\/li>\n<li>Gr\u0101matved\u012bbas p\u0101rvalde (AAIC)<\/li>\n<li>Punktu apkalpo\u0161anas aktiviz\u0113\u0161ana (PSA)<\/li>\n<\/ul>\n<p>Ar\u012b m\u016bsu unik\u0101l\u0101 programma <strong>&#8220;NIMBUS&#8221;<\/strong> pal\u012bdz optimiz\u0113t un ietaup\u012bt laiku un naudu, izmantojot glob\u0101lo j\u016bras satel\u012bta internetu.<\/div> <\/div> <\/div><\/div><\/div><div class=\"vc_col-sm-6 wpb_column vc_column_container\"><div class=\"vc_column-inner\"><div class=\"wpb_wrapper\"><div class=\"w-image\"><div class=\"us-frame\"><img width=\"1024\" height=\"768\" src=\"https:\/\/shipnet.eu\/wp-content\/uploads\/2017\/01\/cimg1574-1024x768.jpg\" class=\"attachment-large size-large\" alt=\"\" loading=\"lazy\" srcset=\"https:\/\/shipnet.eu\/wp-content\/uploads\/2017\/01\/cimg1574-1024x768.jpg 1024w, https:\/\/shipnet.eu\/wp-content\/uploads\/2017\/01\/cimg1574-300x225.jpg 300w, https:\/\/shipnet.eu\/wp-content\/uploads\/2017\/01\/cimg1574-768x576.jpg 768w, https:\/\/shipnet.eu\/wp-content\/uploads\/2017\/01\/cimg1574-600x450.jpg 600w, https:\/\/shipnet.eu\/wp-content\/uploads\/2017\/01\/cimg1574.jpg 1600w\" sizes=\"(max-width: 1024px) 100vw, 1024px\" \/><\/div><\/div><\/div><\/div><\/div><\/div><\/div><\/section><section class=\"l-section wpb_row height_small\" style=\"padding-right: 20px !important;padding-left: 20px !important;\"><div class=\"l-section-h i-cf\"><div class=\"g-cols type_default valign_top\"><div class=\"vc_col-sm-6 wpb_column vc_column_container\"><div class=\"vc_column-inner\"><div class=\"wpb_wrapper\"><div class=\"w-image\"><div class=\"us-frame\"><img width=\"483\" height=\"467\" src=\"https:\/\/shipnet.eu\/wp-content\/uploads\/2016\/11\/Coverage.jpg\" class=\"attachment-large size-large\" alt=\"\" loading=\"lazy\" srcset=\"https:\/\/shipnet.eu\/wp-content\/uploads\/2016\/11\/Coverage.jpg 483w, https:\/\/shipnet.eu\/wp-content\/uploads\/2016\/11\/Coverage-300x290.jpg 300w\" sizes=\"(max-width: 483px) 100vw, 483px\" \/><\/div><\/div><\/div><\/div><\/div><div class=\"vc_col-sm-6 wpb_column vc_column_container\"><div class=\"vc_column-inner\"><div class=\"wpb_wrapper\"><div class=\"wpb_text_column \"><div class=\"wpb_wrapper\"><strong>NIMBUS iez\u012bmes:<\/strong><\/p>\n<ul>\n<li>Vair\u0101ki LAN (Bizness, apkalpes loceklis)<\/li>\n<li>Platjoslas savienojumu p\u0101rvald\u012bba (FBB, IOP, VSAT, Thuraya)<\/li>\n<li>Kompresija, ke\u0161darbi un optimiz\u0101cija uzlabotai interneta p\u0101rl\u016bko\u0161anai<\/li>\n<li>Ieb\u016bv\u0113tais e-pasta serveris \u013cauj piesl\u0113gties korporat\u012bvajiem vai t\u012bmek\u013ca pasta pakalpojumiem<\/li>\n<li>Piel\u0101gotais modulis atbalsta tre\u0161o personu un klientu specifisko programmu integr\u0113\u0161anu<\/li>\n<li>Piln\u012bga redzam\u012bba, kontrole un atbild\u012bba starp t\u012bkliem un ier\u012bc\u0113m no ku\u0123a un krasta<\/li>\n<li>Atbalsta n\u0101kam\u0101s paaudzes komandas komunik\u0101cijas ar iegultiem<\/li>\n<li>PayPal un kred\u012btkartes autoriz\u0101ciju<\/li>\n<li>Izmantojot partnerattiec\u012bbu nol\u012bgumu ar liel\u0101ko gr\u0101matved\u012bbu, m\u0113s varam nodro\u0161in\u0101t liel\u0101ko<strong> AAIC un Inmarsat<\/strong> aktiviz\u0101cijas pakalpojumu l\u012bmeni liel\u0101kajai da\u013cai karoga valstu.<\/li>\n<\/ul>\n<\/div> <\/div> <\/div><\/div><\/div><\/div><\/div><\/section><section class=\"l-section wpb_row height_medium\"><div class=\"l-section-h i-cf\"><div class=\"g-cols type_small valign_top\"><\/div><\/div><\/section><section class=\"l-section wpb_row height_medium\"><div class=\"l-section-h i-cf\"><div class=\"g-cols type_small valign_top\"><div class=\"vc_col-sm-3 wpb_column vc_column_container\"><div class=\"vc_column-inner\"><div class=\"wpb_wrapper\">[vc_empty_space]<\/div><\/div><\/div><div class=\"vc_col-sm-6 wpb_column vc_column_container\"><div class=\"vc_column-inner\"><div class=\"wpb_wrapper\"><div class=\"wpb_text_column \"><div class=\"wpb_wrapper\">\n<h2><span style=\"color: #ffffff;\">Contact us:<\/span><\/h2>\n<\/div> <\/div> <div class=\"w-form for_cform align_left\" id=\"us_form_1\">\r\n\t<form class=\"w-form-h\" autocomplete=\"off\" action=\"https:\/\/shipnet.eu\/lv\/wp-json\/wp\/v2\/pages\/556\" method=\"post\">\r\n\t\t\t\t\t\t\t<div class=\"w-form-row for_name required\">\r\n\t<div class=\"w-form-row-label\">\r\n\t\t<label for=\"us_form_1_name\"><\/label>\r\n\t<\/div>\r\n\t<div class=\"w-form-row-field\">\r\n\t\t\t\t<input type=\"text\" name=\"name\" id=\"us_form_1_name\" value=\"\"\r\n\t\t\t   placeholder=\"Name *\" data-required=\"true\" aria-required=\"true\"\/>\r\n\t\t<span class=\"w-form-row-field-bar\"><\/span>\r\n\t\t\t<\/div>\r\n\t<div class=\"w-form-row-state\"><\/div>\r\n\t<\/div>\r\n\t\t\t\t\t<div class=\"w-form-row for_email required\">\r\n\t<div class=\"w-form-row-label\">\r\n\t\t<label for=\"us_form_1_email\"><\/label>\r\n\t<\/div>\r\n\t<div class=\"w-form-row-field\">\r\n\t\t\t\t<input type=\"email\" name=\"email\" id=\"us_form_1_email\" value=\"\"\r\n\t\t\t   placeholder=\"Email *\" data-required=\"true\" aria-required=\"true\"\/>\r\n\t\t<span class=\"w-form-row-field-bar\"><\/span>\r\n\t\t\t<\/div>\r\n\t<div class=\"w-form-row-state\"><\/div>\r\n\t<\/div>\r\n\t\t\t\t\t<div class=\"w-form-row for_phone required\">\r\n\t<div class=\"w-form-row-label\">\r\n\t\t<label for=\"us_form_1_phone\"><\/label>\r\n\t<\/div>\r\n\t<div class=\"w-form-row-field\">\r\n\t\t\t\t<input type=\"text\" name=\"phone\" id=\"us_form_1_phone\" value=\"\"\r\n\t\t\t   placeholder=\"Phone Number *\" data-required=\"true\" aria-required=\"true\"\/>\r\n\t\t<span class=\"w-form-row-field-bar\"><\/span>\r\n\t\t\t<\/div>\r\n\t<div class=\"w-form-row-state\"><\/div>\r\n\t<\/div>\r\n\t\t\t\t\t<div class=\"w-form-row for_message required\">\r\n\t<div class=\"w-form-row-label\">\r\n\t\t<label for=\"us_form_1_message\"><\/label>\r\n\t<\/div>\r\n\t<div class=\"w-form-row-field\">\r\n\t\t\t\t<textarea name=\"message\" id=\"us_form_1_message\" cols=\"30\" rows=\"10\" placeholder=\"Message *\"\r\n\t\t\t data-required=\"true\" aria-required=\"true\"><\/textarea>\r\n\t\t<span class=\"w-form-row-field-bar\"><\/span>\r\n\t\t\t<\/div>\r\n\t<div class=\"w-form-row-state\"><\/div>\r\n\t<\/div>\r\n\t\t\t\t\t<div class=\"w-form-row for_captcha required\">\r\n\t<div class=\"w-form-row-label\">\r\n\t\t<label for=\"us_form_1_captcha\">Just to prove you are a human, please solve the equation: <span>30 - 6 = ?<\/span><\/label>\r\n\t<\/div>\r\n\t<div class=\"w-form-row-field\">\r\n\t\t\t\t<input type=\"hidden\" name=\"captcha_hash\" value=\"40bbd85cbb7eeceb3b73f8960f41cf61\" \/>\r\n\t\t<input type=\"text\" name=\"captcha\" id=\"us_form_1_captcha\" value=\"\"\r\n\t\t\t   data-required=\"1\" placeholder=\"\" aria-required=\"true\" \/>\r\n\t\t<span class=\"w-form-row-field-bar\"><\/span>\r\n\t\t\t<\/div>\r\n\t<div class=\"w-form-row-state\"><\/div>\r\n\t<\/div>\r\n\t\t\t\t\t<input type=\"hidden\" name=\"action\" value=\"us_ajax_cform\" \/>\r\n\t\t\t\t\t<input type=\"hidden\" name=\"post_id\" value=\"556\" \/>\r\n\t\t\t\t\t<input type=\"hidden\" name=\"form_index\" value=\"1\" \/>\r\n\t\t\t\t\t<div class=\"w-form-row for_submit\">\r\n\t<div class=\"w-form-row-field\">\r\n\t\t<button class=\"w-btn size_15px color_primary style_solid\" type=\"submit\"><span class=\"g-preloader type_1\"><\/span><span class=\"w-btn-label\">Send Message<\/span><\/button>\r\n\t<\/div>\r\n<\/div>\r\n\t\t\t\t<div class=\"w-form-message\"><\/div>\r\n\t\t\t<\/form>\r\n\t\t\t<div class=\"w-form-json hidden\" onclick='return {&quot;ajaxurl&quot;:&quot;https:\\\/\\\/shipnet.eu\\\/wp-admin\\\/admin-ajax.php&quot;,&quot;success&quot;:&quot;Thank you! Your message was sent.&quot;,&quot;errors&quot;:{&quot;name&quot;:&quot;Please enter your Name&quot;,&quot;email&quot;:&quot;Please enter your Email&quot;,&quot;phone&quot;:&quot;Please enter your Phone Number&quot;,&quot;message&quot;:&quot;Please enter a Message&quot;,&quot;captcha&quot;:&quot;Please enter the equation result&quot;}}'><\/div>\r\n\t<\/div>\r\n<\/div><\/div><\/div><div class=\"vc_col-sm-3 wpb_column vc_column_container\"><div class=\"vc_column-inner\"><div class=\"wpb_wrapper\">[vc_empty_space]<\/div><\/div><\/div><\/div><\/div><\/section><!-- Row Backgrounds --><div class=\"upb_color\" data-bg-override=\"0\" data-bg-color=\"#981e32\" data-fadeout=\"\" data-fadeout-percentage=\"30\" data-parallax-content=\"\" data-parallax-content-sense=\"30\" data-row-effect-mobile-disable=\"true\" data-img-parallax-mobile-disable=\"true\" data-rtl=\"false\"  data-custom-vc-row=\"\"  data-vc=\"5.0.1\"  data-is_old_vc=\"\"  data-theme-support=\"\"   data-overlay=\"false\" data-overlay-color=\"\" data-overlay-pattern=\"\" data-overlay-pattern-opacity=\"\" data-overlay-pattern-size=\"\"    ><\/div>\n","protected":false},"excerpt":{"rendered":"Satellite communication [vc_empty_space height=\"42px\"] ALWAYS ONLINE! [vc_empty_space height=\"42px\"]HANSAEL ir licenc\u0113ta gr\u0101matved\u012bbas iest\u0101de (AAIC) un ofici\u0101lais Inmarsat pakalpojumu sniedz\u0113js. M\u0113s pied\u0101v\u0101jam ar\u012b papla\u0161in\u0101tu GSM pakalpojumu, kas ir alternat\u012bva krasta satel\u012btkomunik\u0101cij\u0101m. Kombin\u0101cij\u0101 HANSAEL LR GSM + SATCOM\u00a0terminal ku\u0123is ieg\u016bst maksim\u0101lu, stabilu, efekt\u012bvu un izmaksu zi\u0146\u0101 draudz\u012bgu sazi\u0146as r\u012bku, kas uztur ku\u0123i vienm\u0113r ONLINE vis\u0101 pasaul\u0113 ietaupot ku\u0123a...","protected":false},"author":1,"featured_media":0,"parent":528,"menu_order":0,"comment_status":"closed","ping_status":"closed","template":"","meta":[],"aioseo_notices":[],"_links":{"self":[{"href":"https:\/\/shipnet.eu\/lv\/wp-json\/wp\/v2\/pages\/556"}],"collection":[{"href":"https:\/\/shipnet.eu\/lv\/wp-json\/wp\/v2\/pages"}],"about":[{"href":"https:\/\/shipnet.eu\/lv\/wp-json\/wp\/v2\/types\/page"}],"author":[{"embeddable":true,"href":"https:\/\/shipnet.eu\/lv\/wp-json\/wp\/v2\/users\/1"}],"replies":[{"embeddable":true,"href":"https:\/\/shipnet.eu\/lv\/wp-json\/wp\/v2\/comments?post=556"}],"version-history":[{"count":6,"href":"https:\/\/shipnet.eu\/lv\/wp-json\/wp\/v2\/pages\/556\/revisions"}],"predecessor-version":[{"id":2032,"href":"https:\/\/shipnet.eu\/lv\/wp-json\/wp\/v2\/pages\/556\/revisions\/2032"}],"up":[{"embeddable":true,"href":"https:\/\/shipnet.eu\/lv\/wp-json\/wp\/v2\/pages\/528"}],"wp:attachment":[{"href":"https:\/\/shipnet.eu\/lv\/wp-json\/wp\/v2\/media?parent=556"}],"curies":[{"name":"wp","href":"https:\/\/api.w.org\/{rel}","templated":true}]}}