{"id":552,"date":"2017-01-24T16:43:45","date_gmt":"2017-01-24T16:43:45","guid":{"rendered":"http:\/\/hansael.eu\/?page_id=552&#038;lang=lv"},"modified":"2018-03-13T10:50:29","modified_gmt":"2018-03-13T10:50:29","slug":"roaminig-free-gsm","status":"publish","type":"page","link":"https:\/\/shipnet.eu\/lv\/services\/roaminig-free-gsm\/","title":{"rendered":"Roaminig-free GSM"},"content":{"rendered":"<section class=\"l-section wpb_row height_auto width_full\"><div class=\"l-section-h i-cf\"><div class=\"g-cols type_small valign_top\"><div class=\"vc_col-sm-12 wpb_column vc_column_container\"><div class=\"vc_column-inner\"><div class=\"wpb_wrapper\"><div class=\"w-image\"><div class=\"us-frame\"><img width=\"2000\" height=\"336\" src=\"https:\/\/shipnet.eu\/wp-content\/uploads\/2016\/11\/1-1.jpg\" class=\"attachment-full size-full\" alt=\"\" loading=\"lazy\" srcset=\"https:\/\/shipnet.eu\/wp-content\/uploads\/2016\/11\/1-1.jpg 2000w, https:\/\/shipnet.eu\/wp-content\/uploads\/2016\/11\/1-1-300x50.jpg 300w, https:\/\/shipnet.eu\/wp-content\/uploads\/2016\/11\/1-1-768x129.jpg 768w, https:\/\/shipnet.eu\/wp-content\/uploads\/2016\/11\/1-1-1024x172.jpg 1024w, https:\/\/shipnet.eu\/wp-content\/uploads\/2016\/11\/1-1-600x101.jpg 600w\" sizes=\"(max-width: 2000px) 100vw, 2000px\" \/><\/div><\/div><\/div><\/div><\/div><\/div><\/div><\/section><section class=\"l-section wpb_row height_medium color_alternate\"><div class=\"l-section-h i-cf\"><div class=\"g-cols type_small valign_top\"><div class=\"vc_col-sm-12 wpb_column vc_column_container\"><div class=\"vc_column-inner\"><div class=\"wpb_wrapper\"><div class=\"wpb_text_column \"><div class=\"wpb_wrapper\">\n<h1 style=\"text-align: center;\">Roaminig-free GSM<\/h1>\n<\/div> <\/div> <\/div><\/div><\/div><\/div><\/div><\/section><section class=\"l-section wpb_row height_small\"><div class=\"l-section-h i-cf\"><div class=\"g-cols type_small valign_top\"><div class=\"vc_col-sm-6 wpb_column vc_column_container has-fill\"><div class=\"vc_column-inner  vc_custom_1486161006089\"><div class=\"wpb_wrapper\">[vc_empty_space height=&#8221;42px&#8221;]<div class=\"wpb_text_column \"><div class=\"wpb_wrapper\">\n<h2 style=\"text-align: center;\"><span style=\"color: #ffffff;\">Feel like at home&#8230;<\/span><\/h2>\n<\/div> <\/div> [vc_empty_space height=&#8221;42px&#8221;]<\/div><\/div><\/div><div class=\"vc_col-sm-6 wpb_column vc_column_container\"><div class=\"vc_column-inner\"><div class=\"wpb_wrapper\"><div class=\"g-cols wpb_row type_default valign_top vc_inner  vc_custom_1487199859675\"><div class=\"vc_col-sm-12 wpb_column vc_column_container\"><div class=\"vc_column-inner\"><div class=\"wpb_wrapper\"><div class=\"wpb_text_column \"><div class=\"wpb_wrapper\"><p>Palieliniet produktivit\u0101ti, samaziniet dar\u012bjumu braucienu izdevumus un palieciet savienojumu neatkar\u012bgi no t\u0101, kur j\u016bs ce\u013cojat ar HANSAEL GSM viesabon\u0113\u0161anas bezmaksas SIM karti.<\/p>\n<p><strong>HANSAEL GSM<\/strong> viesabon\u0113\u0161anas bezmaksas risin\u0101jums \u013cauj iev\u0113rojami samazin\u0101t starptautisk\u0101s viesabon\u0113\u0161anas izmaksas, ja j\u016bs vai j\u016bsu ku\u0123is atrodas \u0101rpus savas valsts, kas \u013cauj veikt vair\u0101k par katru izt\u0113r\u0113to EUR.<\/p><\/div> <\/div> <\/div><\/div><\/div><\/div><\/div><\/div><\/div><\/div><\/div><\/section><section class=\"l-section wpb_row height_small\"><div class=\"l-section-h i-cf\"><div class=\"g-cols type_small valign_top\"><div class=\"vc_col-sm-6 wpb_column vc_column_container\"><div class=\"vc_column-inner\"><div class=\"wpb_wrapper\"><div class=\"g-cols wpb_row type_default valign_top vc_inner  vc_custom_1487199859675\"><div class=\"vc_col-sm-12 wpb_column vc_column_container\"><div class=\"vc_column-inner\"><div class=\"wpb_wrapper\"><div class=\"wpb_text_column \"><div class=\"wpb_wrapper\"><strong>Hansael GSM<\/strong> ir novatorisks GSM risin\u0101jums, kas \u013cauj iev\u0113rojami ietaup\u012bt l\u0113tus starptautiskos izejo\u0161os zvanus un bezmaksas ien\u0101ko\u0161os zvanus, kad esat \u0101rvalst\u012bs.<\/p>\n<p><strong>M\u016bsu pakalpojums ietver:<\/strong><\/p>\n<ul>\n<li>Zvan\u012bt un sa\u0146emt zvanus 150 valst\u012bs + 6 kru\u012bzu operatoriem;<\/li>\n<li>Sa\u0146em bezmaksas ien\u0101ko\u0161os zvanus <strong>132 valst\u012bs<\/strong>, pat ja j\u016bsu bilance ir tuk\u0161a;<\/li>\n<li>Nos\u016bt\u012bt un sa\u0146emt SMS;<\/li>\n<li>Veidojiet datu savienojumu ar re\u0101llaika tarifik\u0101ciju un nor\u0113\u0137inu pieaugumu tikai <strong>10 kb;<\/strong><\/li>\n<li>Izmantojiet neaizmirstamu Latvijas mobilo numuru, piem\u0113ram: <strong>+371 222 \u0445\u0445\u0445\u0445\u0445 vai 21x \u0445\u0445\u0445\u0445\u0445;<\/strong><\/li>\n<li>Izmantojiet balto un melno sarakstu pakalpojumus;<\/li>\n<li>P\u0101rvald\u012bt savu zvan\u012bt\u0101ja ID;<\/li>\n<li>Izmantojiet autom\u0101tisku atzvan\u012b\u0161anu;<\/li>\n<li>Balss pasta pakalpojums ir zvan\u012bt\u0101ja valod\u0101;<\/li>\n<li>Skatiet deta\u013cas par zvaniem un l\u012bdzsvaru uzpild\u012b\u0161anai re\u0101laj\u0101 laik\u0101, izmantojot savu person\u012bgo skapi<\/li>\n<li>Iesp\u0113ja sa\u0146emt faksus;<\/li>\n<li>Iesp\u0113ja lietot SIP pakalpojumus (zvanot internet\u0101) sav\u0101 t\u0101lrun\u012b un dator\u0101; pakalpojuma izmaksas tiks apvienotas ar j\u016bsu SIM izdevumiem.<\/li>\n<li>SIP zvanu tarifi ir nor\u0101d\u012bti zem\u0101k tabul\u0101.<\/li>\n<li>Zvanu gaid\u012b\u0161anu var aktiviz\u0113t, izmantojot t\u0101lru\u0146a izv\u0113lni;<\/li>\n<li>&#8220;Zvan\u012bt man atpaka\u013c&#8221; bez pakalpojuma sms ar aicin\u0101jumu jums piezvan\u012bt.<\/li>\n<\/ul>\n<\/div> <\/div> <\/div><\/div><\/div><\/div><\/div><\/div><\/div><div class=\"vc_col-sm-6 wpb_column vc_column_container\"><div class=\"vc_column-inner\"><div class=\"wpb_wrapper\"><div class=\"w-image\"><div class=\"us-frame\"><img width=\"640\" height=\"497\" src=\"https:\/\/shipnet.eu\/wp-content\/uploads\/2017\/01\/Roaming-free.jpg\" class=\"attachment-large size-large\" alt=\"\" loading=\"lazy\" srcset=\"https:\/\/shipnet.eu\/wp-content\/uploads\/2017\/01\/Roaming-free.jpg 640w, https:\/\/shipnet.eu\/wp-content\/uploads\/2017\/01\/Roaming-free-300x233.jpg 300w, https:\/\/shipnet.eu\/wp-content\/uploads\/2017\/01\/Roaming-free-600x466.jpg 600w\" sizes=\"(max-width: 640px) 100vw, 640px\" \/><\/div><\/div><\/div><\/div><\/div><\/div><\/div><\/section><section class=\"l-section wpb_row height_small\"><div class=\"l-section-h i-cf\"><div class=\"g-cols type_small valign_top\"><div class=\"vc_col-sm-6 wpb_column vc_column_container\"><div class=\"vc_column-inner\"><div class=\"wpb_wrapper\"><div class=\"w-image\"><div class=\"us-frame\"><img width=\"519\" height=\"341\" src=\"https:\/\/shipnet.eu\/wp-content\/uploads\/2017\/01\/unlimited-roaming-e1496417156620.jpg\" class=\"attachment-large size-large\" alt=\"\" loading=\"lazy\" srcset=\"https:\/\/shipnet.eu\/wp-content\/uploads\/2017\/01\/unlimited-roaming-e1496417156620.jpg 519w, https:\/\/shipnet.eu\/wp-content\/uploads\/2017\/01\/unlimited-roaming-e1496417156620-300x197.jpg 300w\" sizes=\"(max-width: 519px) 100vw, 519px\" \/><\/div><\/div><\/div><\/div><\/div><div class=\"vc_col-sm-6 wpb_column vc_column_container\"><div class=\"vc_column-inner\"><div class=\"wpb_wrapper\"><div class=\"g-cols wpb_row type_default valign_top vc_inner  vc_custom_1487199859675\"><div class=\"vc_col-sm-12 wpb_column vc_column_container\"><div class=\"vc_column-inner\"><div class=\"wpb_wrapper\"><div class=\"wpb_text_column \"><div class=\"wpb_wrapper\"><strong>Pakalpojuma izmanto\u0161ana:<\/strong><\/p>\n<p>SIM karte ir ieprogramm\u0113ta t\u0101, ka visi izejo\u0161ie zvani izmanto autom\u0101tisko atzvan\u012b\u0161anas pakalpojumu, kas noz\u012bm\u0113, ka nav nepiecie\u0161ams ievad\u012bt papildu ciparus, un t\u0101lru\u0146a gr\u0101mata var tikt izmantota.<br \/>\nVien\u012bg\u0101 at\u0161\u0137ir\u012bba starp standarta SIM kart\u0113m ir t\u0101, ka, piezvanot, zvan\u012bt\u0101js uzreiz p\u0113c numura sa\u0146em ien\u0101ko\u0161u zvanu un tam j\u0101piekr\u012bt, lai sa\u0146emtu savienojumu.<br \/>\n! Da\u017ei \u013coti vecie mobilo t\u0101lru\u0146u mode\u013ci neatbalsta autom\u0101tisko atzvan\u012b\u0161anu, t\u0101p\u0113c lietot\u0101jam pirms zvana veik\u0161anas j\u0101ievada tehniskais prefikss.<\/div> <\/div> <\/div><\/div><\/div><\/div><\/div><\/div><\/div><\/div><\/div><\/section><section class=\"l-section wpb_row height_medium\"><div class=\"l-section-h i-cf\"><div class=\"g-cols type_small valign_top\"><\/div><\/div><\/section><section class=\"l-section wpb_row height_medium\"><div class=\"l-section-h i-cf\"><div class=\"g-cols type_small valign_top\"><div class=\"vc_col-sm-3 wpb_column vc_column_container\"><div class=\"vc_column-inner\"><div class=\"wpb_wrapper\">[vc_empty_space]<\/div><\/div><\/div><div class=\"vc_col-sm-6 wpb_column vc_column_container\"><div class=\"vc_column-inner\"><div class=\"wpb_wrapper\"><div class=\"wpb_text_column \"><div class=\"wpb_wrapper\">\n<h2><span style=\"color: #ffffff;\">Contact us:<\/span><\/h2>\n<\/div> <\/div> <div class=\"w-form for_cform align_left\" id=\"us_form_1\">\r\n\t<form class=\"w-form-h\" autocomplete=\"off\" action=\"https:\/\/shipnet.eu\/lv\/wp-json\/wp\/v2\/pages\/552\" method=\"post\">\r\n\t\t\t\t\t\t\t<div class=\"w-form-row for_name required\">\r\n\t<div class=\"w-form-row-label\">\r\n\t\t<label for=\"us_form_1_name\"><\/label>\r\n\t<\/div>\r\n\t<div class=\"w-form-row-field\">\r\n\t\t\t\t<input type=\"text\" name=\"name\" id=\"us_form_1_name\" value=\"\"\r\n\t\t\t   placeholder=\"Name *\" data-required=\"true\" aria-required=\"true\"\/>\r\n\t\t<span class=\"w-form-row-field-bar\"><\/span>\r\n\t\t\t<\/div>\r\n\t<div class=\"w-form-row-state\"><\/div>\r\n\t<\/div>\r\n\t\t\t\t\t<div class=\"w-form-row for_email required\">\r\n\t<div class=\"w-form-row-label\">\r\n\t\t<label for=\"us_form_1_email\"><\/label>\r\n\t<\/div>\r\n\t<div class=\"w-form-row-field\">\r\n\t\t\t\t<input type=\"email\" name=\"email\" id=\"us_form_1_email\" value=\"\"\r\n\t\t\t   placeholder=\"Email *\" data-required=\"true\" aria-required=\"true\"\/>\r\n\t\t<span class=\"w-form-row-field-bar\"><\/span>\r\n\t\t\t<\/div>\r\n\t<div class=\"w-form-row-state\"><\/div>\r\n\t<\/div>\r\n\t\t\t\t\t<div class=\"w-form-row for_phone required\">\r\n\t<div class=\"w-form-row-label\">\r\n\t\t<label for=\"us_form_1_phone\"><\/label>\r\n\t<\/div>\r\n\t<div class=\"w-form-row-field\">\r\n\t\t\t\t<input type=\"text\" name=\"phone\" id=\"us_form_1_phone\" value=\"\"\r\n\t\t\t   placeholder=\"Phone Number *\" data-required=\"true\" aria-required=\"true\"\/>\r\n\t\t<span class=\"w-form-row-field-bar\"><\/span>\r\n\t\t\t<\/div>\r\n\t<div class=\"w-form-row-state\"><\/div>\r\n\t<\/div>\r\n\t\t\t\t\t<div class=\"w-form-row for_message required\">\r\n\t<div class=\"w-form-row-label\">\r\n\t\t<label for=\"us_form_1_message\"><\/label>\r\n\t<\/div>\r\n\t<div class=\"w-form-row-field\">\r\n\t\t\t\t<textarea name=\"message\" id=\"us_form_1_message\" cols=\"30\" rows=\"10\" placeholder=\"Message *\"\r\n\t\t\t data-required=\"true\" aria-required=\"true\"><\/textarea>\r\n\t\t<span class=\"w-form-row-field-bar\"><\/span>\r\n\t\t\t<\/div>\r\n\t<div class=\"w-form-row-state\"><\/div>\r\n\t<\/div>\r\n\t\t\t\t\t<div class=\"w-form-row for_captcha required\">\r\n\t<div class=\"w-form-row-label\">\r\n\t\t<label for=\"us_form_1_captcha\">Just to prove you are a human, please solve the equation: <span>17 - 13 = ?<\/span><\/label>\r\n\t<\/div>\r\n\t<div class=\"w-form-row-field\">\r\n\t\t\t\t<input type=\"hidden\" name=\"captcha_hash\" value=\"ba15c3bb07e2786a19b15dba4b324dcf\" \/>\r\n\t\t<input type=\"text\" name=\"captcha\" id=\"us_form_1_captcha\" value=\"\"\r\n\t\t\t   data-required=\"1\" placeholder=\"\" aria-required=\"true\" \/>\r\n\t\t<span class=\"w-form-row-field-bar\"><\/span>\r\n\t\t\t<\/div>\r\n\t<div class=\"w-form-row-state\"><\/div>\r\n\t<\/div>\r\n\t\t\t\t\t<input type=\"hidden\" name=\"action\" value=\"us_ajax_cform\" \/>\r\n\t\t\t\t\t<input type=\"hidden\" name=\"post_id\" value=\"552\" \/>\r\n\t\t\t\t\t<input type=\"hidden\" name=\"form_index\" value=\"1\" \/>\r\n\t\t\t\t\t<div class=\"w-form-row for_submit\">\r\n\t<div class=\"w-form-row-field\">\r\n\t\t<button class=\"w-btn size_15px color_primary style_solid\" type=\"submit\"><span class=\"g-preloader type_1\"><\/span><span class=\"w-btn-label\">Send Message<\/span><\/button>\r\n\t<\/div>\r\n<\/div>\r\n\t\t\t\t<div class=\"w-form-message\"><\/div>\r\n\t\t\t<\/form>\r\n\t\t\t<div class=\"w-form-json hidden\" onclick='return {&quot;ajaxurl&quot;:&quot;https:\\\/\\\/shipnet.eu\\\/wp-admin\\\/admin-ajax.php&quot;,&quot;success&quot;:&quot;Thank you! Your message was sent.&quot;,&quot;errors&quot;:{&quot;name&quot;:&quot;Please enter your Name&quot;,&quot;email&quot;:&quot;Please enter your Email&quot;,&quot;phone&quot;:&quot;Please enter your Phone Number&quot;,&quot;message&quot;:&quot;Please enter a Message&quot;,&quot;captcha&quot;:&quot;Please enter the equation result&quot;}}'><\/div>\r\n\t<\/div>\r\n<\/div><\/div><\/div><div class=\"vc_col-sm-3 wpb_column vc_column_container\"><div class=\"vc_column-inner\"><div class=\"wpb_wrapper\">[vc_empty_space]<\/div><\/div><\/div><\/div><\/div><\/section><!-- Row Backgrounds --><div class=\"upb_color\" data-bg-override=\"0\" data-bg-color=\"#981e32\" data-fadeout=\"\" data-fadeout-percentage=\"30\" data-parallax-content=\"\" data-parallax-content-sense=\"30\" data-row-effect-mobile-disable=\"true\" data-img-parallax-mobile-disable=\"true\" data-rtl=\"false\"  data-custom-vc-row=\"\"  data-vc=\"5.0.1\"  data-is_old_vc=\"\"  data-theme-support=\"\"   data-overlay=\"false\" data-overlay-color=\"\" data-overlay-pattern=\"\" data-overlay-pattern-opacity=\"\" data-overlay-pattern-size=\"\"    ><\/div>\n","protected":false},"excerpt":{"rendered":"Roaminig-free GSM [vc_empty_space height=\"42px\"] Feel like at home... [vc_empty_space height=\"42px\"]Palieliniet produktivit\u0101ti, samaziniet dar\u012bjumu braucienu izdevumus un palieciet savienojumu neatkar\u012bgi no t\u0101, kur j\u016bs ce\u013cojat ar HANSAEL GSM viesabon\u0113\u0161anas bezmaksas SIM karti. HANSAEL GSM viesabon\u0113\u0161anas bezmaksas risin\u0101jums \u013cauj iev\u0113rojami samazin\u0101t starptautisk\u0101s viesabon\u0113\u0161anas izmaksas, ja j\u016bs vai j\u016bsu ku\u0123is atrodas \u0101rpus savas valsts, kas \u013cauj veikt vair\u0101k...","protected":false},"author":1,"featured_media":0,"parent":528,"menu_order":0,"comment_status":"closed","ping_status":"closed","template":"","meta":[],"aioseo_notices":[],"_links":{"self":[{"href":"https:\/\/shipnet.eu\/lv\/wp-json\/wp\/v2\/pages\/552"}],"collection":[{"href":"https:\/\/shipnet.eu\/lv\/wp-json\/wp\/v2\/pages"}],"about":[{"href":"https:\/\/shipnet.eu\/lv\/wp-json\/wp\/v2\/types\/page"}],"author":[{"embeddable":true,"href":"https:\/\/shipnet.eu\/lv\/wp-json\/wp\/v2\/users\/1"}],"replies":[{"embeddable":true,"href":"https:\/\/shipnet.eu\/lv\/wp-json\/wp\/v2\/comments?post=552"}],"version-history":[{"count":8,"href":"https:\/\/shipnet.eu\/lv\/wp-json\/wp\/v2\/pages\/552\/revisions"}],"predecessor-version":[{"id":2034,"href":"https:\/\/shipnet.eu\/lv\/wp-json\/wp\/v2\/pages\/552\/revisions\/2034"}],"up":[{"embeddable":true,"href":"https:\/\/shipnet.eu\/lv\/wp-json\/wp\/v2\/pages\/528"}],"wp:attachment":[{"href":"https:\/\/shipnet.eu\/lv\/wp-json\/wp\/v2\/media?parent=552"}],"curies":[{"name":"wp","href":"https:\/\/api.w.org\/{rel}","templated":true}]}}