{"id":544,"date":"2017-01-19T14:53:16","date_gmt":"2017-01-19T14:53:16","guid":{"rendered":"http:\/\/hansael.eu\/?page_id=544&#038;lang=lv"},"modified":"2018-03-13T10:43:03","modified_gmt":"2018-03-13T10:43:03","slug":"lrit-vessel-monitoring-services","status":"publish","type":"page","link":"https:\/\/shipnet.eu\/lv\/services\/lrit-vessel-monitoring-services\/","title":{"rendered":"LRIT &#038; Vessel Monitoring Services"},"content":{"rendered":"<section class=\"l-section wpb_row height_auto width_full\"><div class=\"l-section-h i-cf\"><div class=\"g-cols type_small valign_top\"><div class=\"vc_col-sm-12 wpb_column vc_column_container\"><div class=\"vc_column-inner\"><div class=\"wpb_wrapper\"><div class=\"w-image\"><div class=\"us-frame\"><img width=\"2000\" height=\"336\" src=\"https:\/\/shipnet.eu\/wp-content\/uploads\/2016\/11\/1-1.jpg\" class=\"attachment-full size-full\" alt=\"\" loading=\"lazy\" srcset=\"https:\/\/shipnet.eu\/wp-content\/uploads\/2016\/11\/1-1.jpg 2000w, https:\/\/shipnet.eu\/wp-content\/uploads\/2016\/11\/1-1-300x50.jpg 300w, https:\/\/shipnet.eu\/wp-content\/uploads\/2016\/11\/1-1-768x129.jpg 768w, https:\/\/shipnet.eu\/wp-content\/uploads\/2016\/11\/1-1-1024x172.jpg 1024w, https:\/\/shipnet.eu\/wp-content\/uploads\/2016\/11\/1-1-600x101.jpg 600w\" sizes=\"(max-width: 2000px) 100vw, 2000px\" \/><\/div><\/div><\/div><\/div><\/div><\/div><\/div><\/section><section class=\"l-section wpb_row height_medium color_alternate\"><div class=\"l-section-h i-cf\"><div class=\"g-cols type_small valign_top\"><div class=\"vc_col-sm-12 wpb_column vc_column_container\"><div class=\"vc_column-inner\"><div class=\"wpb_wrapper\"><div class=\"wpb_text_column \"><div class=\"wpb_wrapper\">\n<h1 style=\"text-align: center;\">LRIT &amp; Vessel Monitoring Services<\/h1>\n<\/div> <\/div> <\/div><\/div><\/div><\/div><\/div><\/section><section class=\"l-section wpb_row height_small\"><div class=\"l-section-h i-cf\"><div class=\"g-cols type_small valign_top\"><div class=\"vc_col-sm-6 wpb_column vc_column_container has-fill\"><div class=\"vc_column-inner  vc_custom_1486161006089\"><div class=\"wpb_wrapper\">[vc_empty_space height=&#8221;42px&#8221;]<div class=\"wpb_text_column \"><div class=\"wpb_wrapper\">\n<h2 style=\"text-align: center;\"><span style=\"color: #ffffff;\">All flags. One company. <\/span><\/h2>\n<h2 style=\"text-align: center;\"><span style=\"color: #ffffff;\">Everything under control.<\/span><\/h2>\n<\/div> <\/div> [vc_empty_space height=&#8221;42px&#8221;]<\/div><\/div><\/div><div class=\"vc_col-sm-6 wpb_column vc_column_container\"><div class=\"vc_column-inner\"><div class=\"wpb_wrapper\"><div class=\"g-cols wpb_row type_default valign_top vc_inner  vc_custom_1487199699638\"><div class=\"vc_col-sm-12 wpb_column vc_column_container\"><div class=\"vc_column-inner\"><div class=\"wpb_wrapper\"><div class=\"wpb_text_column \"><div class=\"wpb_wrapper\"><p>Sadarb\u012bb\u0101 ar vado\u0161o<strong> LRIT ASP<\/strong> m\u016bsu uz\u0146\u0113mums nodro\u0161ina LRIT atbilst\u012bbas p\u0101rbaudes un sertifik\u0101cijas pakalpojumus liel\u0101kajai da\u013cai karoga valstu valstu atbilsto\u0161i sav\u0101m pras\u012bb\u0101m. M\u0113s pied\u0101v\u0101jam pilnu pakalpojumu kl\u0101stu: s\u0101kot no iek\u0101rtu p\u0101rdo\u0161anas un uzst\u0101d\u012b\u0161anas, t\u0101s aktiviz\u0113\u0161anas l\u012bdz test\u0113\u0161anas un sertifik\u0101tu izsnieg\u0161anas.<\/p>\n<p>Papildu pievienot\u0101s v\u0113rt\u012bbas pakalpojums ir ku\u0123u nov\u0113ro\u0161anas sist\u0113ma, kas \u013cauj ku\u0123u \u012bpa\u0161niekiem izsekot vi\u0146u ku\u0123im, izmantojot <strong>Inmarsat-C, IsatPro, Iridium un satel\u012btu AIS.<\/strong><\/p><\/div> <\/div> <\/div><\/div><\/div><\/div><\/div><\/div><\/div><\/div><\/div><\/section><section class=\"l-section wpb_row height_small\"><div class=\"l-section-h i-cf\"><div class=\"g-cols type_small valign_top\"><div class=\"vc_col-sm-6 wpb_column vc_column_container\"><div class=\"vc_column-inner\"><div class=\"wpb_wrapper\"><div class=\"g-cols wpb_row type_default valign_top vc_inner  vc_custom_1487199707302\"><div class=\"vc_col-sm-12 wpb_column vc_column_container\"><div class=\"vc_column-inner\"><div class=\"wpb_wrapper\"><div class=\"wpb_text_column \"><div class=\"wpb_wrapper\"><strong>Saska\u0146\u0101 ar <a href=\"http:\/\/www.imo.org\/en\/OurWork\/safety\/navigation\/pages\/lrit.aspx\">IMO<\/a>, \u0161\u0101diem starptautiskiem ku\u0123iem j\u0101b\u016bt apr\u012bkotiem ar ekspluat\u0101cijas un sertific\u0113tu LRIT sist\u0113mu:<\/strong><\/p>\n<p>&#8211; visi pasa\u017eieru ku\u0123i, tostarp \u0101trgaitas amatniec\u012bba;<\/p>\n<p>&#8211; tirgot\u0101ja ku\u0123i ar bruto tonn\u0101\u017eu 300 un vair\u0101k;<\/p>\n<p>&#8211; stacion\u0101ras j\u016bras platformas.<\/p>\n<p>M\u0113s organiz\u0113jam <strong>LRIT<\/strong> sist\u0113mu test\u0113\u0161anu un sertific\u0113\u0161anu liel\u0101kajai da\u013cai karoga valstu. LRIT testa uzs\u0101k\u0161anai, l\u016bdzu, nos\u016btiet mums <a href=\"http:\/\/hansael.eu\/wp-content\/uploads\/2017\/02\/LRIT-FleetRegistrationForm.xls\">LRIT test registration form<\/a>.<\/p>\n<p><strong>Visp\u0101r\u0113ji ieteikumi par LRIT test\u0113\u0161anu:<\/strong><\/p>\n<p>P\u0101rbaudes process ietver komandu s\u016bt\u012b\u0161anu uz satel\u012btu termin\u0101li (aptauju) un analiz\u0113to sa\u0146emto atbildi uz SJO pras\u012bb\u0101m. Test\u0113\u0161ana tiek veikta autom\u0101tiski un var tikt palaista jebkur\u0101 laik\u0101. P\u0101rbaudes proced\u016bra ilgst l\u012bdz 48 stund\u0101m, kura laik\u0101 ir svar\u012bgi nodro\u0161in\u0101t termin\u0101\u013ca iesl\u0113g\u0161anu, piesl\u0113g\u0161anos satel\u012bta t\u012bklam un tuvu net\u0101lu no radiosakaru trauc\u0113jumiem (metin\u0101\u0161anas darbi, celt\u0146i utt.). Liel\u0101ko da\u013cu neveiksm\u012bgo testu izdara nestabilas baro\u0161anas avota d\u0113\u013c (elektropadeves p\u0101rtraukumi, ku\u0123a jauda ir v\u0113l lab\u0101ka), nestabils sign\u0101ls (kalnu ainava, ostas celt\u0146u blo\u0137\u0113\u0161anas sign\u0101ls) vai cilv\u0113ku iejauk\u0161an\u0101s, t.i., visi iemesli, kurus b\u016btu bijis iesp\u0113jams izvair\u012bties, izmantojot piem\u0113rotu pieeju. Vispiem\u0113rot\u0101kie test\u0113\u0161anas nosac\u012bjumi ir \u0161\u0101di:<\/p>\n<p>&#8211; ku\u0123is atrodas j\u016br\u0101 2 dienas vai ilg\u0101k;<\/p>\n<p>&#8211; stabils baro\u0161anas avots (v\u0113lams no ku\u0123a akumulatoriem);<\/p>\n<p>&#8211; apkalpes inform\u0113\u0161ana par pl\u0101noto \/ notieko\u0161o p\u0101rbaudi;<\/p>\n<p>&#8211; nos\u016bt\u012bt e-pastu uz p\u0101rbaud\u012bto termin\u0101li un sa\u0146emt apstiprin\u0101jumu par sa\u0146em\u0161anu pirms LRIT testa uzs\u0101k\u0161anas.<\/p>\n<p>P\u0113c veiksm\u012bgas LRIT p\u0101rbaudes pabeig\u0161anas tiek izdots LRIT atbilst\u012bbas p\u0101rbaudes protokols (sertifik\u0101ts) atkar\u012bb\u0101 no karoga pras\u012bb\u0101m. LRIT sertifik\u0101ta izsnieg\u0161anas process var ilgt 7 dienas atkar\u012bb\u0101 no ASP un karoga <strong>(parasti 1-3 darba dienas)<\/strong>.<\/div> <\/div> <\/div><\/div><\/div><\/div><\/div><\/div><\/div><div class=\"vc_col-sm-6 wpb_column vc_column_container\"><div class=\"vc_column-inner\"><div class=\"wpb_wrapper\"><div class=\"w-image\"><div class=\"us-frame\"><img width=\"460\" height=\"300\" src=\"https:\/\/shipnet.eu\/wp-content\/uploads\/2017\/02\/LRIT.jpg\" class=\"attachment-large size-large\" alt=\"\" loading=\"lazy\" srcset=\"https:\/\/shipnet.eu\/wp-content\/uploads\/2017\/02\/LRIT.jpg 460w, https:\/\/shipnet.eu\/wp-content\/uploads\/2017\/02\/LRIT-300x196.jpg 300w\" sizes=\"(max-width: 460px) 100vw, 460px\" \/><\/div><\/div><div class=\"wpb_text_column \"><div class=\"wpb_wrapper\"><span style=\"text-decoration: underline;\"><strong>List of flag states\u00a0we arrange LRIT testing and certification for:<\/strong><\/span><\/p>\n<p>Algeria, American Samoa, Angola, Belgium, Anguilla, Antigua and Barbuda, Argentina, Aruba, Australia, Austria, Azerbaijan, Bahamas, Barbados, Bahrain, Bangladesh, Belize, Benin, Bermuda, Bolivia, Bosnia and Herzegovina, Brazil, Brunei Darussalam, Bulgaria, Burma, Cambodia, Cameroon, Canada, Cape Verde, Cayman Islands, Channel Islands, Chile, China, Colombia, Comoros, Congo, Cook Islands, Costa Rica, Cote d&#8217;Ivoire, Croatia, Cuba, Cyprus, Czech Republic, Denmark, Dominica, Dominican Republic, Ecuador, Egypt, El Salvador, Equatorial Guinea, Eritrea, Estonia, Ethiopia, Faeroe Islands, Falkland Islands, Fiji, Finland, France, French Guiana, French Polynesia, Gabon, Gambia, Georgia, Germany, Ghana, Gibraltar , Greece, Greenland, Grenada, Guadeloupe, Guam, Guatemala, Guinea, Guinea\u00adBissau, Guyana, Haiti, Honduras, Hong Kong, Hungary, Iceland, India, Indonesia, Iran, Iraq, Ireland, Isle of Man, Israel, Italy, Jamaica, Japan, Jordan, Kazakhstan , Kenya, Kiribati, &#8220;Korea, North&#8221;, &#8220;Korea, South&#8221;, Kuwait, Laos, Latvia, Liberia, Lithuania, Luxembourg, Macao, Macedonia, Madagascar, Madeira, Malawi, Malaysia, Maldives, Malta, Marshall Islands, Martinique, Mauritania, Mauritius, Mayotte, Mexico, Micronesia, Moldova, Monaco, Mongolia, Monserrat, Montenegro, Morocco, Mozambique, Myanmar, Namibia, Nauru, Nepal, Netherlands, Netherlands Antilles, New Caledonia, New Zealand, Nicaragua, Nigeria, Northern Mariana Islands, Norway, Oman, Pakistan, Palau, Panama, Papua New Guinea, Paraguay, Peru, Philippines, Poland, Portugal, Puerto Rico, Qatar, Romania, Russian Federation, Saint Helena, Saint Kitts and Nevis , Saint Lucia, Saint Pierre and Miquelon, Saint Vincent and Grenadines, Samoa, San Marino, Sao Tome and Principe, Saudi Arabia, Senegal, Serbia, Seychelles, Sierra Leone, Singapore, Slovakia , Slovenia, Solomon Islands, Somalia, South Africa, Spain, Sri Lanka, Sudan, Suriname, Sweden, Switzerland, Syrian Arab Republic, Tanzania, Tanzania, Thailand, Timor-Leste, Togo, Tonga, Trinidad and Tobago, Tunisia, Turkey, Turkmenistan, Turks and Caicos Islands, Tuvalu, Uganda, Ukraine, Union of Comoros, United Arab Emirates, United Kingdom, United States of America, Uruguay, Vanuatu, Venezuela, Viet Nam, &#8220;Virgin Islands, British&#8221;, &#8220;Virgin Islands, US&#8221;, Wallis &amp; Futuna, Yemen, Zimbabwe<\/div> <\/div> <\/div><\/div><\/div><\/div><\/div><\/section><section class=\"l-section wpb_row height_small\"><div class=\"l-section-h i-cf\"><div class=\"g-cols type_small valign_top\"><div class=\"vc_col-sm-6 wpb_column vc_column_container has-fill\"><div class=\"vc_column-inner  vc_custom_1490870273029\"><div class=\"wpb_wrapper\"><div class=\"w-image\"><div class=\"us-frame\"><img width=\"1024\" height=\"579\" src=\"https:\/\/shipnet.eu\/wp-content\/uploads\/2017\/02\/Traffic-1024x579.jpg\" class=\"attachment-large size-large\" alt=\"\" loading=\"lazy\" srcset=\"https:\/\/shipnet.eu\/wp-content\/uploads\/2017\/02\/Traffic-1024x579.jpg 1024w, https:\/\/shipnet.eu\/wp-content\/uploads\/2017\/02\/Traffic-300x170.jpg 300w, https:\/\/shipnet.eu\/wp-content\/uploads\/2017\/02\/Traffic-768x434.jpg 768w, https:\/\/shipnet.eu\/wp-content\/uploads\/2017\/02\/Traffic-600x339.jpg 600w, https:\/\/shipnet.eu\/wp-content\/uploads\/2017\/02\/Traffic.jpg 1183w\" sizes=\"(max-width: 1024px) 100vw, 1024px\" \/><\/div><\/div><\/div><\/div><\/div><div class=\"vc_col-sm-6 wpb_column vc_column_container\"><div class=\"vc_column-inner\"><div class=\"wpb_wrapper\"><div class=\"g-cols wpb_row type_default valign_top vc_inner  vc_custom_1487199707302\"><div class=\"vc_col-sm-12 wpb_column vc_column_container\"><div class=\"vc_column-inner\"><div class=\"wpb_wrapper\"><div class=\"wpb_text_column \"><div class=\"wpb_wrapper\"><strong>Papildus LRIT test\u0113\u0161anai un sertific\u0113\u0161anai m\u016bsu uz\u0146\u0113mums nodro\u0161ina ku\u0123u nov\u0113ro\u0161anas pakalpojumus (veicot Inmarsat, Iridium un satel\u012btu AIS sist\u0113mas) attiec\u012bgajiem ku\u0123u \u012bpa\u0161niekiem.<\/strong><\/p>\n<p>Ku\u0123u pa\u0161reiz\u0113jie un v\u0113sturiskie atra\u0161an\u0101s vietas dati tiek par\u0101d\u012bti tie\u0161saist\u0113 eso\u0161aj\u0101s j\u016bras kartes, kas pieejamas PC, Mac, viedt\u0101lru\u0146os. Sist\u0113mai ir visda\u017e\u0101d\u0101kie piek\u013cuves iestat\u012bjumi (ku\u0123us var sagrup\u0113t, un attiec\u012bgajiem lietot\u0101jiem, piem\u0113ram, bank\u0101m vai investoriem, var tikt atv\u0113rta piek\u013cuve noteikt\u0101m grup\u0101m). \u012apa\u0161as zonas un pazi\u0146ojumus var izveidot (kad ku\u0123is iebrauc \/ iziet no noteiktas zonas, atbild\u012bgajai personai tiek nos\u016bt\u012bts e-pasta pazi\u0146ojums).<\/p>\n<p><strong>Lai ieg\u016btu s\u012bk\u0101ku inform\u0101ciju, l\u016bdzu, nekautr\u0113jieties sazin\u0101ties ar mums.<\/strong><\/div> <\/div> <\/div><\/div><\/div><\/div><div class=\"w-gallery layout_default cols_2 style_simple link_media\"><div class=\"w-gallery-list\"><a class=\"w-gallery-item order_1\" href=\"https:\/\/shipnet.eu\/wp-content\/uploads\/2017\/01\/Pole-Star-FM-2.jpg\" title=\"Pole Star FM (2)\"><div class=\"w-gallery-item-img\"><img width=\"600\" height=\"538\" src=\"https:\/\/shipnet.eu\/wp-content\/uploads\/2017\/01\/Pole-Star-FM-2-600x538.jpg\" class=\"attachment-tnail-1x1 size-tnail-1x1\" alt=\"\" loading=\"lazy\" \/><\/div><\/a><a class=\"w-gallery-item order_2\" href=\"https:\/\/shipnet.eu\/wp-content\/uploads\/2017\/01\/Pole-Star-FM-2.png\" title=\"Pole Star FM (2)\"><div class=\"w-gallery-item-img\"><img width=\"600\" height=\"396\" src=\"https:\/\/shipnet.eu\/wp-content\/uploads\/2017\/01\/Pole-Star-FM-2-600x396.png\" class=\"attachment-tnail-1x1 size-tnail-1x1\" alt=\"\" loading=\"lazy\" \/><\/div><\/a><a class=\"w-gallery-item order_3\" href=\"https:\/\/shipnet.eu\/wp-content\/uploads\/2017\/01\/Pole-Star-FM-3.png\" title=\"Pole Star FM (3)\"><div class=\"w-gallery-item-img\"><img width=\"600\" height=\"518\" src=\"https:\/\/shipnet.eu\/wp-content\/uploads\/2017\/01\/Pole-Star-FM-3-600x518.png\" class=\"attachment-tnail-1x1 size-tnail-1x1\" alt=\"\" loading=\"lazy\" \/><\/div><\/a><a class=\"w-gallery-item order_4\" href=\"https:\/\/shipnet.eu\/wp-content\/uploads\/2017\/01\/Pole-Star-FM-1.png\" title=\"Pole Star FM (1)\"><div class=\"w-gallery-item-img\"><img width=\"600\" height=\"367\" src=\"https:\/\/shipnet.eu\/wp-content\/uploads\/2017\/01\/Pole-Star-FM-1-600x367.png\" class=\"attachment-tnail-1x1 size-tnail-1x1\" alt=\"\" loading=\"lazy\" srcset=\"https:\/\/shipnet.eu\/wp-content\/uploads\/2017\/01\/Pole-Star-FM-1.png 600w, https:\/\/shipnet.eu\/wp-content\/uploads\/2017\/01\/Pole-Star-FM-1-300x184.png 300w\" sizes=\"(max-width: 600px) 100vw, 600px\" \/><\/div><\/a><\/div><\/div>\n<\/div><\/div><\/div><\/div><\/div><\/section><section class=\"l-section wpb_row height_medium\"><div class=\"l-section-h i-cf\"><div class=\"g-cols type_small valign_top\"><\/div><\/div><\/section><section class=\"l-section wpb_row height_medium\"><div class=\"l-section-h i-cf\"><div class=\"g-cols type_small valign_top\"><div class=\"vc_col-sm-3 wpb_column vc_column_container\"><div class=\"vc_column-inner\"><div class=\"wpb_wrapper\">[vc_empty_space]<\/div><\/div><\/div><div class=\"vc_col-sm-6 wpb_column vc_column_container\"><div class=\"vc_column-inner\"><div class=\"wpb_wrapper\"><div class=\"wpb_text_column \"><div class=\"wpb_wrapper\">\n<h2><span style=\"color: #ffffff;\">Contact us:<\/span><\/h2>\n<\/div> <\/div> <div class=\"w-form for_cform align_left\" id=\"us_form_1\">\r\n\t<form class=\"w-form-h\" autocomplete=\"off\" action=\"https:\/\/shipnet.eu\/lv\/wp-json\/wp\/v2\/pages\/544\" method=\"post\">\r\n\t\t\t\t\t\t\t<div class=\"w-form-row for_name required\">\r\n\t<div class=\"w-form-row-label\">\r\n\t\t<label for=\"us_form_1_name\"><\/label>\r\n\t<\/div>\r\n\t<div class=\"w-form-row-field\">\r\n\t\t\t\t<input type=\"text\" name=\"name\" id=\"us_form_1_name\" value=\"\"\r\n\t\t\t   placeholder=\"Name *\" data-required=\"true\" aria-required=\"true\"\/>\r\n\t\t<span class=\"w-form-row-field-bar\"><\/span>\r\n\t\t\t<\/div>\r\n\t<div class=\"w-form-row-state\"><\/div>\r\n\t<\/div>\r\n\t\t\t\t\t<div class=\"w-form-row for_email required\">\r\n\t<div class=\"w-form-row-label\">\r\n\t\t<label for=\"us_form_1_email\"><\/label>\r\n\t<\/div>\r\n\t<div class=\"w-form-row-field\">\r\n\t\t\t\t<input type=\"email\" name=\"email\" id=\"us_form_1_email\" value=\"\"\r\n\t\t\t   placeholder=\"Email *\" data-required=\"true\" aria-required=\"true\"\/>\r\n\t\t<span class=\"w-form-row-field-bar\"><\/span>\r\n\t\t\t<\/div>\r\n\t<div class=\"w-form-row-state\"><\/div>\r\n\t<\/div>\r\n\t\t\t\t\t<div class=\"w-form-row for_phone required\">\r\n\t<div class=\"w-form-row-label\">\r\n\t\t<label for=\"us_form_1_phone\"><\/label>\r\n\t<\/div>\r\n\t<div class=\"w-form-row-field\">\r\n\t\t\t\t<input type=\"text\" name=\"phone\" id=\"us_form_1_phone\" value=\"\"\r\n\t\t\t   placeholder=\"Phone Number *\" data-required=\"true\" aria-required=\"true\"\/>\r\n\t\t<span class=\"w-form-row-field-bar\"><\/span>\r\n\t\t\t<\/div>\r\n\t<div class=\"w-form-row-state\"><\/div>\r\n\t<\/div>\r\n\t\t\t\t\t<div class=\"w-form-row for_message required\">\r\n\t<div class=\"w-form-row-label\">\r\n\t\t<label for=\"us_form_1_message\"><\/label>\r\n\t<\/div>\r\n\t<div class=\"w-form-row-field\">\r\n\t\t\t\t<textarea name=\"message\" id=\"us_form_1_message\" cols=\"30\" rows=\"10\" placeholder=\"Message *\"\r\n\t\t\t data-required=\"true\" aria-required=\"true\"><\/textarea>\r\n\t\t<span class=\"w-form-row-field-bar\"><\/span>\r\n\t\t\t<\/div>\r\n\t<div class=\"w-form-row-state\"><\/div>\r\n\t<\/div>\r\n\t\t\t\t\t<div class=\"w-form-row for_captcha required\">\r\n\t<div class=\"w-form-row-label\">\r\n\t\t<label for=\"us_form_1_captcha\">Just to prove you are a human, please solve the equation: <span>29 - 15 = ?<\/span><\/label>\r\n\t<\/div>\r\n\t<div class=\"w-form-row-field\">\r\n\t\t\t\t<input type=\"hidden\" name=\"captcha_hash\" value=\"8fb0f08873bd50af3af6b36b1f663eeb\" \/>\r\n\t\t<input type=\"text\" name=\"captcha\" id=\"us_form_1_captcha\" value=\"\"\r\n\t\t\t   data-required=\"1\" placeholder=\"\" aria-required=\"true\" \/>\r\n\t\t<span class=\"w-form-row-field-bar\"><\/span>\r\n\t\t\t<\/div>\r\n\t<div class=\"w-form-row-state\"><\/div>\r\n\t<\/div>\r\n\t\t\t\t\t<input type=\"hidden\" name=\"action\" value=\"us_ajax_cform\" \/>\r\n\t\t\t\t\t<input type=\"hidden\" name=\"post_id\" value=\"544\" \/>\r\n\t\t\t\t\t<input type=\"hidden\" name=\"form_index\" value=\"1\" \/>\r\n\t\t\t\t\t<div class=\"w-form-row for_submit\">\r\n\t<div class=\"w-form-row-field\">\r\n\t\t<button class=\"w-btn size_15px color_primary style_solid\" type=\"submit\"><span class=\"g-preloader type_1\"><\/span><span class=\"w-btn-label\">Send Message<\/span><\/button>\r\n\t<\/div>\r\n<\/div>\r\n\t\t\t\t<div class=\"w-form-message\"><\/div>\r\n\t\t\t<\/form>\r\n\t\t\t<div class=\"w-form-json hidden\" onclick='return {&quot;ajaxurl&quot;:&quot;https:\\\/\\\/shipnet.eu\\\/wp-admin\\\/admin-ajax.php&quot;,&quot;success&quot;:&quot;Thank you! Your message was sent.&quot;,&quot;errors&quot;:{&quot;name&quot;:&quot;Please enter your Name&quot;,&quot;email&quot;:&quot;Please enter your Email&quot;,&quot;phone&quot;:&quot;Please enter your Phone Number&quot;,&quot;message&quot;:&quot;Please enter a Message&quot;,&quot;captcha&quot;:&quot;Please enter the equation result&quot;}}'><\/div>\r\n\t<\/div>\r\n<\/div><\/div><\/div><div class=\"vc_col-sm-3 wpb_column vc_column_container\"><div class=\"vc_column-inner\"><div class=\"wpb_wrapper\">[vc_empty_space]<\/div><\/div><\/div><\/div><\/div><\/section><!-- Row Backgrounds --><div class=\"upb_color\" data-bg-override=\"0\" data-bg-color=\"#981e32\" data-fadeout=\"\" data-fadeout-percentage=\"30\" data-parallax-content=\"\" data-parallax-content-sense=\"30\" data-row-effect-mobile-disable=\"true\" data-img-parallax-mobile-disable=\"true\" data-rtl=\"false\"  data-custom-vc-row=\"\"  data-vc=\"5.0.1\"  data-is_old_vc=\"\"  data-theme-support=\"\"   data-overlay=\"false\" data-overlay-color=\"\" data-overlay-pattern=\"\" data-overlay-pattern-opacity=\"\" data-overlay-pattern-size=\"\"    ><\/div>\n","protected":false},"excerpt":{"rendered":"LRIT &amp; Vessel Monitoring Services [vc_empty_space height=\"42px\"] All flags. One company. Everything under control. [vc_empty_space height=\"42px\"]Sadarb\u012bb\u0101 ar vado\u0161o LRIT ASP m\u016bsu uz\u0146\u0113mums nodro\u0161ina LRIT atbilst\u012bbas p\u0101rbaudes un sertifik\u0101cijas pakalpojumus liel\u0101kajai da\u013cai karoga valstu valstu atbilsto\u0161i sav\u0101m pras\u012bb\u0101m. M\u0113s pied\u0101v\u0101jam pilnu pakalpojumu kl\u0101stu: s\u0101kot no iek\u0101rtu p\u0101rdo\u0161anas un uzst\u0101d\u012b\u0161anas, t\u0101s aktiviz\u0113\u0161anas l\u012bdz test\u0113\u0161anas un sertifik\u0101tu izsnieg\u0161anas....","protected":false},"author":1,"featured_media":0,"parent":528,"menu_order":0,"comment_status":"closed","ping_status":"closed","template":"","meta":[],"aioseo_notices":[],"_links":{"self":[{"href":"https:\/\/shipnet.eu\/lv\/wp-json\/wp\/v2\/pages\/544"}],"collection":[{"href":"https:\/\/shipnet.eu\/lv\/wp-json\/wp\/v2\/pages"}],"about":[{"href":"https:\/\/shipnet.eu\/lv\/wp-json\/wp\/v2\/types\/page"}],"author":[{"embeddable":true,"href":"https:\/\/shipnet.eu\/lv\/wp-json\/wp\/v2\/users\/1"}],"replies":[{"embeddable":true,"href":"https:\/\/shipnet.eu\/lv\/wp-json\/wp\/v2\/comments?post=544"}],"version-history":[{"count":12,"href":"https:\/\/shipnet.eu\/lv\/wp-json\/wp\/v2\/pages\/544\/revisions"}],"predecessor-version":[{"id":2033,"href":"https:\/\/shipnet.eu\/lv\/wp-json\/wp\/v2\/pages\/544\/revisions\/2033"}],"up":[{"embeddable":true,"href":"https:\/\/shipnet.eu\/lv\/wp-json\/wp\/v2\/pages\/528"}],"wp:attachment":[{"href":"https:\/\/shipnet.eu\/lv\/wp-json\/wp\/v2\/media?parent=544"}],"curies":[{"name":"wp","href":"https:\/\/api.w.org\/{rel}","templated":true}]}}