{"id":540,"date":"2017-01-24T16:38:34","date_gmt":"2017-01-24T16:38:34","guid":{"rendered":"http:\/\/hansael.eu\/?page_id=540&#038;lang=lv"},"modified":"2018-03-13T10:16:44","modified_gmt":"2018-03-13T10:16:44","slug":"gmdss-sbm-agreement","status":"publish","type":"page","link":"https:\/\/shipnet.eu\/lv\/services\/gmdss-sbm-agreement\/","title":{"rendered":"GMDSS SBM Agreement"},"content":{"rendered":"<section class=\"l-section wpb_row height_auto width_full\"><div class=\"l-section-h i-cf\"><div class=\"g-cols type_small valign_top\"><div class=\"vc_col-sm-12 wpb_column vc_column_container\"><div class=\"vc_column-inner\"><div class=\"wpb_wrapper\"><div class=\"w-image\"><div class=\"us-frame\"><img width=\"2000\" height=\"336\" src=\"https:\/\/shipnet.eu\/wp-content\/uploads\/2016\/11\/1-1.jpg\" class=\"attachment-full size-full\" alt=\"\" loading=\"lazy\" srcset=\"https:\/\/shipnet.eu\/wp-content\/uploads\/2016\/11\/1-1.jpg 2000w, https:\/\/shipnet.eu\/wp-content\/uploads\/2016\/11\/1-1-300x50.jpg 300w, https:\/\/shipnet.eu\/wp-content\/uploads\/2016\/11\/1-1-768x129.jpg 768w, https:\/\/shipnet.eu\/wp-content\/uploads\/2016\/11\/1-1-1024x172.jpg 1024w, https:\/\/shipnet.eu\/wp-content\/uploads\/2016\/11\/1-1-600x101.jpg 600w\" sizes=\"(max-width: 2000px) 100vw, 2000px\" \/><\/div><\/div><\/div><\/div><\/div><\/div><\/div><\/section><section class=\"l-section wpb_row height_medium color_alternate\"><div class=\"l-section-h i-cf\"><div class=\"g-cols type_small valign_top\"><div class=\"vc_col-sm-12 wpb_column vc_column_container\"><div class=\"vc_column-inner\"><div class=\"wpb_wrapper\"><div class=\"wpb_text_column \"><div class=\"wpb_wrapper\">\n<h1 style=\"text-align: center;\">GMDSS SBM Agreement<\/h1>\n<\/div> <\/div> <\/div><\/div><\/div><\/div><\/div><\/section><section class=\"l-section wpb_row height_small\"><div class=\"l-section-h i-cf\"><div class=\"g-cols type_small valign_top\"><div class=\"vc_col-sm-6 wpb_column vc_column_container has-fill\"><div class=\"vc_column-inner  vc_custom_1486161006089\"><div class=\"wpb_wrapper\">[vc_empty_space height=&#8221;42px&#8221;]<div class=\"wpb_text_column \"><div class=\"wpb_wrapper\">\n<h2 style=\"text-align: center;\"><span style=\"color: #ffffff;\">IMO compliant.<\/span><\/h2>\n<h2 style=\"text-align: center;\"><span style=\"color: #ffffff;\">Supported by professionals.<\/span><\/h2>\n<\/div> <\/div> [vc_empty_space height=&#8221;42px&#8221;]<\/div><\/div><\/div><div class=\"vc_col-sm-6 wpb_column vc_column_container\"><div class=\"vc_column-inner\"><div class=\"wpb_wrapper\"><div class=\"g-cols wpb_row type_default valign_top vc_inner  vc_custom_1487198720888\"><div class=\"vc_col-sm-12 wpb_column vc_column_container\"><div class=\"vc_column-inner\"><div class=\"wpb_wrapper\"><div class=\"wpb_text_column \"><div class=\"wpb_wrapper\"><strong>&#8220;Parakstot GMDSS SBM l\u012bgumu ar m\u016bsu klientiem, m\u0113s uz\u0146emamies atbild\u012bbu, lai sniegtu pirm\u0101s klases servisu un atbalstu ku\u0123iem, kas ra\u017eo ne tikai&#8221; pap\u012bra lapu &#8220;, kas saukts par SBM sertifik\u0101tu&#8221;, sac\u012bja HANSAEL izpilddirektors.<\/strong><\/p>\n<p><strong>GMDSS<\/strong> piekrastes tehnisk\u0101s apkopes l\u012bgums ietver atbilsto\u0161u sertifik\u0101tu izsnieg\u0161anu, kas ir nepiecie\u0161ama, lai padar\u012btu j\u016bsu GMDSS apr\u012bkojumu atbilst\u012bg\u0101m 1974. gada konvencijas SOLAS konvencijas (1988. Gada groz\u012bjumi), IV noda\u013cas 15. Noteikumam un rezol\u016bcij\u0101m A702 [17] III attiec\u012bb\u0101 uz GMDSS uz krasta Tehnisk\u0101s apkopes servisa sist\u0113ma.<\/div> <\/div> <\/div><\/div><\/div><\/div><\/div><\/div><\/div><\/div><\/div><\/section><section class=\"l-section wpb_row height_small\"><div class=\"l-section-h i-cf\"><div class=\"g-cols type_small valign_top\"><div class=\"vc_col-sm-6 wpb_column vc_column_container\"><div class=\"vc_column-inner\"><div class=\"wpb_wrapper\"><div class=\"g-cols wpb_row type_default valign_top vc_inner  vc_custom_1487198735840\"><div class=\"vc_col-sm-12 wpb_column vc_column_container\"><div class=\"vc_column-inner\"><div class=\"wpb_wrapper\"><div class=\"wpb_text_column \"><div class=\"wpb_wrapper\"><strong>Saska\u0146\u0101 ar \u0161o nol\u012bgumu Hansael SIA nodro\u0161ina ku\u0123a \u012bpa\u0161niekam \u0161\u0101du atbalstu:<\/strong><\/p>\n<ul>\n<li>Pirm\u0101s priorit\u0101tes uzman\u012bba;<\/li>\n<li>Atbalsts un konsult\u0113\u0161ana ar kvalific\u0113tiem speci\u0101listiem;<\/li>\n<li>\u012apa\u0161as atlaides darbam uz ku\u0123a;<\/li>\n<li>Ar GMDSS saist\u012bto iek\u0101rtu un rezerves da\u013cu atlaide 15% apm\u0113r\u0101 l\u012bdz standarta cenai;<\/li>\n<li>Kvalific\u0113ta servisa in\u017eeniera dienesta apmekl\u0113juma organiz\u0113\u0161ana un saska\u0146o\u0161ana, izmantojot m\u016bsu\u00a0<a href=\"http:\/\/hansael.eu\/services\/worldwide-service-coordination\/\" target=\"_blank\" rel=\"noopener noreferrer\">Partner Service Network<\/a>;<\/li>\n<li>Saist\u012bto iek\u0101rtu datub\u0101zes atbalsts (ja vajadz\u012bgos datus sniedz ku\u0123a \u012bpa\u0161nieks vai ku\u0123a apkalpe);<\/li>\n<li>Pazi\u0146ojums par izmai\u0146\u0101m eso\u0161ajos noteikumos par GMDDS;<\/li>\n<li>Inform\u0113t ku\u0123a \u012bpa\u0161nieku par radio navig\u0101cijas iek\u0101rtu moderniz\u0101cijas iesp\u0113j\u0101m.<\/li>\n<\/ul>\n<\/div> <\/div> <\/div><\/div><\/div><\/div><\/div><\/div><\/div><div class=\"vc_col-sm-6 wpb_column vc_column_container\"><div class=\"vc_column-inner\"><div class=\"wpb_wrapper\"><div class=\"w-image\"><div class=\"us-frame\"><img width=\"1024\" height=\"768\" src=\"https:\/\/shipnet.eu\/wp-content\/uploads\/2017\/01\/cimg1574-1024x768.jpg\" class=\"attachment-large size-large\" alt=\"\" loading=\"lazy\" srcset=\"https:\/\/shipnet.eu\/wp-content\/uploads\/2017\/01\/cimg1574-1024x768.jpg 1024w, https:\/\/shipnet.eu\/wp-content\/uploads\/2017\/01\/cimg1574-300x225.jpg 300w, https:\/\/shipnet.eu\/wp-content\/uploads\/2017\/01\/cimg1574-768x576.jpg 768w, https:\/\/shipnet.eu\/wp-content\/uploads\/2017\/01\/cimg1574-600x450.jpg 600w, https:\/\/shipnet.eu\/wp-content\/uploads\/2017\/01\/cimg1574.jpg 1600w\" sizes=\"(max-width: 1024px) 100vw, 1024px\" \/><\/div><\/div><\/div><\/div><\/div><\/div><\/div><\/section><section class=\"l-section wpb_row height_small\"><div class=\"l-section-h i-cf\"><div class=\"g-cols type_small valign_top\"><div class=\"vc_col-sm-6 wpb_column vc_column_container\"><div class=\"vc_column-inner\"><div class=\"wpb_wrapper\"><div class=\"w-image\"><div class=\"us-frame\"><img width=\"1024\" height=\"680\" src=\"https:\/\/shipnet.eu\/wp-content\/uploads\/2016\/11\/NGSM_bridge_3-1024x680.jpg\" class=\"attachment-large size-large\" alt=\"\" loading=\"lazy\" srcset=\"https:\/\/shipnet.eu\/wp-content\/uploads\/2016\/11\/NGSM_bridge_3-1024x680.jpg 1024w, https:\/\/shipnet.eu\/wp-content\/uploads\/2016\/11\/NGSM_bridge_3-300x199.jpg 300w, https:\/\/shipnet.eu\/wp-content\/uploads\/2016\/11\/NGSM_bridge_3-768x510.jpg 768w, https:\/\/shipnet.eu\/wp-content\/uploads\/2016\/11\/NGSM_bridge_3-600x399.jpg 600w\" sizes=\"(max-width: 1024px) 100vw, 1024px\" \/><\/div><\/div><\/div><\/div><\/div><div class=\"vc_col-sm-6 wpb_column vc_column_container\"><div class=\"vc_column-inner\"><div class=\"wpb_wrapper\"><div class=\"g-cols wpb_row type_default valign_top vc_inner  vc_custom_1487198753130\"><div class=\"vc_col-sm-12 wpb_column vc_column_container\"><div class=\"vc_column-inner\"><div class=\"wpb_wrapper\"><div class=\"wpb_text_column \"><div class=\"wpb_wrapper\"><strong>Remonta pas\u016bt\u012bjums j\u0101sast\u0101da tikai rakstisk\u0101 form\u0101 un taj\u0101 j\u0101ietver vismaz \u0161\u0101da inform\u0101cija:<\/strong><\/p>\n<ul>\n<li>Ku\u0123a nosaukums;<\/li>\n<li>Iek\u0101rtas un mode\u013ca ra\u017eot\u0101ja nosaukums, ieskaitot s\u0113rijas numuru un programmat\u016bras versiju;<\/li>\n<li>\u012ass darb\u012bbas trauc\u0113jumu apraksts;<\/li>\n<li>Ieb\u016bv\u0113t\u0101 pa\u0161testa rezult\u0101ti;<\/li>\n<li>Pie\u0146\u0113mumi par nepiecie\u0161amaj\u0101m rezerves da\u013c\u0101m;<\/li>\n<li>Pa\u0161reiz\u0113j\u0101s un n\u0101kam\u0101s ostas ETA \/ ETD;<\/li>\n<li>P\u0101rdev\u0113ja inform\u0101cija piln\u0101 stil\u0101.<\/li>\n<\/ul>\n<\/div> <\/div> <\/div><\/div><\/div><\/div><\/div><\/div><\/div><\/div><\/div><\/section><section class=\"l-section wpb_row height_medium\"><div class=\"l-section-h i-cf\"><div class=\"g-cols type_small valign_top\"><\/div><\/div><\/section><section class=\"l-section wpb_row height_medium\"><div class=\"l-section-h i-cf\"><div class=\"g-cols type_small valign_top\"><div class=\"vc_col-sm-3 wpb_column vc_column_container\"><div class=\"vc_column-inner\"><div class=\"wpb_wrapper\">[vc_empty_space]<\/div><\/div><\/div><div class=\"vc_col-sm-6 wpb_column vc_column_container\"><div class=\"vc_column-inner\"><div class=\"wpb_wrapper\"><div class=\"wpb_text_column \"><div class=\"wpb_wrapper\">\n<h2><span style=\"color: #ffffff;\">Contact us:<\/span><\/h2>\n<\/div> <\/div> <div class=\"w-form for_cform align_left\" id=\"us_form_1\">\r\n\t<form class=\"w-form-h\" autocomplete=\"off\" action=\"https:\/\/shipnet.eu\/lv\/wp-json\/wp\/v2\/pages\/540\" method=\"post\">\r\n\t\t\t\t\t\t\t<div class=\"w-form-row for_name required\">\r\n\t<div class=\"w-form-row-label\">\r\n\t\t<label for=\"us_form_1_name\"><\/label>\r\n\t<\/div>\r\n\t<div class=\"w-form-row-field\">\r\n\t\t\t\t<input type=\"text\" name=\"name\" id=\"us_form_1_name\" value=\"\"\r\n\t\t\t   placeholder=\"Name *\" data-required=\"true\" aria-required=\"true\"\/>\r\n\t\t<span class=\"w-form-row-field-bar\"><\/span>\r\n\t\t\t<\/div>\r\n\t<div class=\"w-form-row-state\"><\/div>\r\n\t<\/div>\r\n\t\t\t\t\t<div class=\"w-form-row for_email required\">\r\n\t<div class=\"w-form-row-label\">\r\n\t\t<label for=\"us_form_1_email\"><\/label>\r\n\t<\/div>\r\n\t<div class=\"w-form-row-field\">\r\n\t\t\t\t<input type=\"email\" name=\"email\" id=\"us_form_1_email\" value=\"\"\r\n\t\t\t   placeholder=\"Email *\" data-required=\"true\" aria-required=\"true\"\/>\r\n\t\t<span class=\"w-form-row-field-bar\"><\/span>\r\n\t\t\t<\/div>\r\n\t<div class=\"w-form-row-state\"><\/div>\r\n\t<\/div>\r\n\t\t\t\t\t<div class=\"w-form-row for_phone required\">\r\n\t<div class=\"w-form-row-label\">\r\n\t\t<label for=\"us_form_1_phone\"><\/label>\r\n\t<\/div>\r\n\t<div class=\"w-form-row-field\">\r\n\t\t\t\t<input type=\"text\" name=\"phone\" id=\"us_form_1_phone\" value=\"\"\r\n\t\t\t   placeholder=\"Phone Number *\" data-required=\"true\" aria-required=\"true\"\/>\r\n\t\t<span class=\"w-form-row-field-bar\"><\/span>\r\n\t\t\t<\/div>\r\n\t<div class=\"w-form-row-state\"><\/div>\r\n\t<\/div>\r\n\t\t\t\t\t<div class=\"w-form-row for_message required\">\r\n\t<div class=\"w-form-row-label\">\r\n\t\t<label for=\"us_form_1_message\"><\/label>\r\n\t<\/div>\r\n\t<div class=\"w-form-row-field\">\r\n\t\t\t\t<textarea name=\"message\" id=\"us_form_1_message\" cols=\"30\" rows=\"10\" placeholder=\"Message *\"\r\n\t\t\t data-required=\"true\" aria-required=\"true\"><\/textarea>\r\n\t\t<span class=\"w-form-row-field-bar\"><\/span>\r\n\t\t\t<\/div>\r\n\t<div class=\"w-form-row-state\"><\/div>\r\n\t<\/div>\r\n\t\t\t\t\t<div class=\"w-form-row for_captcha required\">\r\n\t<div class=\"w-form-row-label\">\r\n\t\t<label for=\"us_form_1_captcha\">Just to prove you are a human, please solve the equation: <span>26 + 6 = ?<\/span><\/label>\r\n\t<\/div>\r\n\t<div class=\"w-form-row-field\">\r\n\t\t\t\t<input type=\"hidden\" name=\"captcha_hash\" value=\"f7dd8ea300968d3376b627427db3523e\" \/>\r\n\t\t<input type=\"text\" name=\"captcha\" id=\"us_form_1_captcha\" value=\"\"\r\n\t\t\t   data-required=\"1\" placeholder=\"\" aria-required=\"true\" \/>\r\n\t\t<span class=\"w-form-row-field-bar\"><\/span>\r\n\t\t\t<\/div>\r\n\t<div class=\"w-form-row-state\"><\/div>\r\n\t<\/div>\r\n\t\t\t\t\t<input type=\"hidden\" name=\"action\" value=\"us_ajax_cform\" \/>\r\n\t\t\t\t\t<input type=\"hidden\" name=\"post_id\" value=\"540\" \/>\r\n\t\t\t\t\t<input type=\"hidden\" name=\"form_index\" value=\"1\" \/>\r\n\t\t\t\t\t<div class=\"w-form-row for_submit\">\r\n\t<div class=\"w-form-row-field\">\r\n\t\t<button class=\"w-btn size_15px color_primary style_solid\" type=\"submit\"><span class=\"g-preloader type_1\"><\/span><span class=\"w-btn-label\">Send Message<\/span><\/button>\r\n\t<\/div>\r\n<\/div>\r\n\t\t\t\t<div class=\"w-form-message\"><\/div>\r\n\t\t\t<\/form>\r\n\t\t\t<div class=\"w-form-json hidden\" onclick='return {&quot;ajaxurl&quot;:&quot;https:\\\/\\\/shipnet.eu\\\/wp-admin\\\/admin-ajax.php&quot;,&quot;success&quot;:&quot;Thank you! Your message was sent.&quot;,&quot;errors&quot;:{&quot;name&quot;:&quot;Please enter your Name&quot;,&quot;email&quot;:&quot;Please enter your Email&quot;,&quot;phone&quot;:&quot;Please enter your Phone Number&quot;,&quot;message&quot;:&quot;Please enter a Message&quot;,&quot;captcha&quot;:&quot;Please enter the equation result&quot;}}'><\/div>\r\n\t<\/div>\r\n<\/div><\/div><\/div><div class=\"vc_col-sm-3 wpb_column vc_column_container\"><div class=\"vc_column-inner\"><div class=\"wpb_wrapper\">[vc_empty_space]<\/div><\/div><\/div><\/div><\/div><\/section><!-- Row Backgrounds --><div class=\"upb_color\" data-bg-override=\"0\" data-bg-color=\"#981e32\" data-fadeout=\"\" data-fadeout-percentage=\"30\" data-parallax-content=\"\" data-parallax-content-sense=\"30\" data-row-effect-mobile-disable=\"true\" data-img-parallax-mobile-disable=\"true\" data-rtl=\"false\"  data-custom-vc-row=\"\"  data-vc=\"5.0.1\"  data-is_old_vc=\"\"  data-theme-support=\"\"   data-overlay=\"false\" data-overlay-color=\"\" data-overlay-pattern=\"\" data-overlay-pattern-opacity=\"\" data-overlay-pattern-size=\"\"    ><\/div>\n","protected":false},"excerpt":{"rendered":"GMDSS SBM Agreement [vc_empty_space height=\"42px\"] IMO compliant. Supported by professionals. [vc_empty_space height=\"42px\"]\"Parakstot GMDSS SBM l\u012bgumu ar m\u016bsu klientiem, m\u0113s uz\u0146emamies atbild\u012bbu, lai sniegtu pirm\u0101s klases servisu un atbalstu ku\u0123iem, kas ra\u017eo ne tikai\" pap\u012bra lapu \", kas saukts par SBM sertifik\u0101tu\", sac\u012bja HANSAEL izpilddirektors. GMDSS piekrastes tehnisk\u0101s apkopes l\u012bgums ietver atbilsto\u0161u sertifik\u0101tu izsnieg\u0161anu, kas ir...","protected":false},"author":1,"featured_media":0,"parent":528,"menu_order":0,"comment_status":"closed","ping_status":"closed","template":"","meta":[],"aioseo_notices":[],"_links":{"self":[{"href":"https:\/\/shipnet.eu\/lv\/wp-json\/wp\/v2\/pages\/540"}],"collection":[{"href":"https:\/\/shipnet.eu\/lv\/wp-json\/wp\/v2\/pages"}],"about":[{"href":"https:\/\/shipnet.eu\/lv\/wp-json\/wp\/v2\/types\/page"}],"author":[{"embeddable":true,"href":"https:\/\/shipnet.eu\/lv\/wp-json\/wp\/v2\/users\/1"}],"replies":[{"embeddable":true,"href":"https:\/\/shipnet.eu\/lv\/wp-json\/wp\/v2\/comments?post=540"}],"version-history":[{"count":17,"href":"https:\/\/shipnet.eu\/lv\/wp-json\/wp\/v2\/pages\/540\/revisions"}],"predecessor-version":[{"id":2029,"href":"https:\/\/shipnet.eu\/lv\/wp-json\/wp\/v2\/pages\/540\/revisions\/2029"}],"up":[{"embeddable":true,"href":"https:\/\/shipnet.eu\/lv\/wp-json\/wp\/v2\/pages\/528"}],"wp:attachment":[{"href":"https:\/\/shipnet.eu\/lv\/wp-json\/wp\/v2\/media?parent=540"}],"curies":[{"name":"wp","href":"https:\/\/api.w.org\/{rel}","templated":true}]}}