{"id":536,"date":"2017-02-12T23:23:57","date_gmt":"2017-02-12T23:23:57","guid":{"rendered":"http:\/\/hansael.eu\/?page_id=536&#038;lang=lv"},"modified":"2018-03-13T10:10:40","modified_gmt":"2018-03-13T10:10:40","slug":"gmdss-radio-surveys-vdr-apts","status":"publish","type":"page","link":"https:\/\/shipnet.eu\/lv\/services\/gmdss-radio-surveys-vdr-apts\/","title":{"rendered":"GMDSS radio surveys &#038; VDR APTs"},"content":{"rendered":"<section class=\"l-section wpb_row height_auto width_full\"><div class=\"l-section-h i-cf\"><div class=\"g-cols type_small valign_top\"><div class=\"vc_col-sm-12 wpb_column vc_column_container\"><div class=\"vc_column-inner\"><div class=\"wpb_wrapper\"><div class=\"w-image\"><div class=\"us-frame\"><img width=\"2000\" height=\"336\" src=\"https:\/\/shipnet.eu\/wp-content\/uploads\/2016\/11\/1-1.jpg\" class=\"attachment-full size-full\" alt=\"\" loading=\"lazy\" srcset=\"https:\/\/shipnet.eu\/wp-content\/uploads\/2016\/11\/1-1.jpg 2000w, https:\/\/shipnet.eu\/wp-content\/uploads\/2016\/11\/1-1-300x50.jpg 300w, https:\/\/shipnet.eu\/wp-content\/uploads\/2016\/11\/1-1-768x129.jpg 768w, https:\/\/shipnet.eu\/wp-content\/uploads\/2016\/11\/1-1-1024x172.jpg 1024w, https:\/\/shipnet.eu\/wp-content\/uploads\/2016\/11\/1-1-600x101.jpg 600w\" sizes=\"(max-width: 2000px) 100vw, 2000px\" \/><\/div><\/div><\/div><\/div><\/div><\/div><\/div><\/section><section class=\"l-section wpb_row height_medium color_alternate\"><div class=\"l-section-h i-cf\"><div class=\"g-cols type_small valign_top\"><div class=\"vc_col-sm-12 wpb_column vc_column_container\"><div class=\"vc_column-inner\"><div class=\"wpb_wrapper\"><div class=\"wpb_text_column \"><div class=\"wpb_wrapper\">\n<h1 style=\"text-align: center;\">GMDSS radio surveys &amp; VDR APTs<\/h1>\n<\/div> <\/div> <\/div><\/div><\/div><\/div><\/div><\/section><section class=\"l-section wpb_row height_medium\" style=\"padding-right: 20px !important;padding-left: 20px !important;\"><div class=\"l-section-h i-cf\"><div class=\"g-cols type_default valign_top\"><div class=\"vc_col-sm-6 wpb_column vc_column_container has-fill\"><div class=\"vc_column-inner  vc_custom_1486634649490\"><div class=\"wpb_wrapper\">[vc_empty_space height=&#8221;42px&#8221;]<div class=\"wpb_text_column \"><div class=\"wpb_wrapper\">\n<h2 style=\"text-align: center;\"><span style=\"color: #ffffff;\">First time come first time fix&#8230;<\/span><\/h2>\n<\/div> <\/div> [vc_empty_space height=&#8221;42px&#8221;]<div class=\"w-image align_center\"><div class=\"us-frame\"><img width=\"1024\" height=\"494\" src=\"https:\/\/shipnet.eu\/wp-content\/uploads\/2016\/11\/ssandm-1024x494.png\" class=\"attachment-large size-large\" alt=\"\" loading=\"lazy\" srcset=\"https:\/\/shipnet.eu\/wp-content\/uploads\/2016\/11\/ssandm-1024x494.png 1024w, https:\/\/shipnet.eu\/wp-content\/uploads\/2016\/11\/ssandm-300x145.png 300w, https:\/\/shipnet.eu\/wp-content\/uploads\/2016\/11\/ssandm-768x371.png 768w, https:\/\/shipnet.eu\/wp-content\/uploads\/2016\/11\/ssandm-600x290.png 600w, https:\/\/shipnet.eu\/wp-content\/uploads\/2016\/11\/ssandm.png 1550w\" sizes=\"(max-width: 1024px) 100vw, 1024px\" \/><\/div><\/div><\/div><\/div><\/div><div class=\"vc_col-sm-6 wpb_column vc_column_container\"><div class=\"vc_column-inner\"><div class=\"wpb_wrapper\"><div class=\"wpb_text_column \"><div class=\"wpb_wrapper\">\n<p style=\"background: white;\"><strong>HansaeL SIA<\/strong> ir pilnvarojusi visas galven\u0101s klasific\u0113\u0161anas sabiedr\u012bbas veikt GMDSS un AIS gada apsekojumus. M\u0113s ar\u012b sertific\u0113ju\u0161i liel\u0101k\u0101 da\u013ca S\/VDR ra\u017eot\u0101ju, lai veiktu ikgad\u0113jo veiktsp\u0113ju:<\/p>\n<div style=\"float: left; width: 49%;\">\u2022 <strong>American Bureau of Shipping;<\/strong><br \/>\n<strong>\u2022 Russian Maritime Register of Shipping;<\/strong><br \/>\n<strong>\u2022 DNVGL<\/strong><br \/>\n<strong>\u2022 Lloyd\u2019s Register;<\/strong><br \/>\n<strong>\u2022 Bureau Veritas;<\/strong><br \/>\n<strong>\u2022 Shipping Register of Ukraine;<\/strong><br \/>\n<strong>\u2022 RINA;<\/strong><br \/>\n<strong>\u2022 Nippon Kaiji Kyokai<\/strong><br \/>\n<strong>\u2022 Latvian Maritime Administration<\/strong><\/div>\n<div style=\"float: right; width: 49%;\"><strong>\u2022 Danelec Marine<\/strong><br \/>\n<strong>\u2022 Kelvin Hughes<\/strong><br \/>\n<strong>\u2022 NG Sperry Marine<\/strong><br \/>\n<strong>\u2022 Netwave Systems<\/strong><br \/>\n<strong>\u2022 MARIS<\/strong><br \/>\n<strong>\u2022 Qingdao Headway Technology Co.<\/strong><br \/>\n<strong>\u2022 Furuno<\/strong><br \/>\n<strong>\u2022 INTERSCHALT<\/strong><br \/>\n<strong>\u2022 AMI Marine<\/strong><br \/>\n<strong>\u2022 W\u00e4rtsil\u00e4 SAM Electronics<\/strong><br \/>\n<strong>\u2022 JRC<\/strong><br \/>\n<strong>\u2022 Hyundai Heavy Industries<\/strong><br \/>\n<strong>\u2022 Consilium Marine<\/strong><br \/>\n<strong>\u2022 Rutter<\/strong><\/div>\n<\/div> <\/div> <\/div><\/div><\/div><\/div><\/div><\/section><section class=\"l-section wpb_row height_medium\" style=\"padding-right: 20px !important;padding-left: 20px !important;\"><div class=\"l-section-h i-cf\"><div class=\"g-cols type_default valign_top\"><div class=\"vc_col-sm-6 wpb_column vc_column_container\"><div class=\"vc_column-inner\"><div class=\"wpb_wrapper\"><div class=\"wpb_text_column \"><div class=\"wpb_wrapper\">\n<ul>\n<li>Ce\u013co\u0161ana pa visu pasauli * Ce\u013cojot &#8211; k\u0101 galveno biroju Latvij\u0101 k\u0101 da\u013cu no ES, m\u0113s vienm\u0113r varam pievienoties jebkuram ku\u0123im un jebkurai valstij <strong>24\/7\/365<\/strong>.<br \/>\n* Amerikas Savienoto Valstu v\u012bzu atjauno\u0161ana, m\u016bsu in\u017eenieri sp\u0113j iek\u013c\u016bt ASV ku\u0123os un izbraukt par pakalpojumu.<\/li>\n<li>Elast\u012bgie darbinieki &#8211; visi ce\u013cu satiksm\u0113 iesaist\u012btie in\u017eenieri ir apm\u0101c\u012bti un var apmekl\u0113t apmekl\u0113t\u0101jus, kas atrodas uz ku\u0123a ne tikai GMDSS radio aptaujas,<strong> APT<\/strong>, bet ar\u012b giroskopu kapit\u0101lieguld\u012bjumus un citus pakalpojumus<strong> Radio \/ Nav \/ Satcom \/ IT apr\u012bkojumam.<\/strong><br \/>\nRezerves da\u013cu pieejam\u012bba &#8211; liel\u0101k\u0101 da\u013ca <strong>Radio \/ Nav \/ Satcom<\/strong> apr\u012bkojuma rezerves deta\u013cu ir pieejami noliktav\u0101, un in\u017eenieris to var apstr\u0101d\u0101t pat mais\u0101.<\/li>\n<li>Sapr\u0101t\u012bgas pakalpojumu cenas.<\/li>\n<li>Liel\u0101k\u0101 da\u013ca klasifik\u0101cijas sabiedr\u012bbu, liel\u0101k\u0101 da\u013ca <strong>VDR<\/strong> Ra\u017eot\u0101ja apstiprin\u0101jumi.<\/li>\n<\/ul>\n<p style=\"text-align: center;\"><strong>Kombin\u0113t\u0101 kombin\u0101cija \u013cauj ku\u0123u \u012bpa\u0161niekiem sazin\u0101ties ar tikai vienu uz\u0146\u0113mumu &#8211; Hansael SIA par visiem saist\u012btiem jaut\u0101jumiem.<\/strong><\/p>\n<\/div> <\/div> <\/div><\/div><\/div><div class=\"vc_col-sm-6 wpb_column vc_column_container\"><div class=\"vc_column-inner\"><div class=\"wpb_wrapper\"><div class=\"w-image\"><div class=\"us-frame\"><img width=\"1000\" height=\"1000\" src=\"https:\/\/shipnet.eu\/wp-content\/uploads\/2018\/02\/rsur.jpg\" class=\"attachment-large size-large\" alt=\"\" loading=\"lazy\" srcset=\"https:\/\/shipnet.eu\/wp-content\/uploads\/2018\/02\/rsur.jpg 1000w, https:\/\/shipnet.eu\/wp-content\/uploads\/2018\/02\/rsur-150x150.jpg 150w, https:\/\/shipnet.eu\/wp-content\/uploads\/2018\/02\/rsur-300x300.jpg 300w, https:\/\/shipnet.eu\/wp-content\/uploads\/2018\/02\/rsur-768x768.jpg 768w, https:\/\/shipnet.eu\/wp-content\/uploads\/2018\/02\/rsur-600x600.jpg 600w, https:\/\/shipnet.eu\/wp-content\/uploads\/2018\/02\/rsur-350x350.jpg 350w\" sizes=\"(max-width: 1000px) 100vw, 1000px\" \/><\/div><\/div><\/div><\/div><\/div><\/div><\/div><\/section><section class=\"l-section wpb_row height_medium\"><div class=\"l-section-h i-cf\"><div class=\"g-cols type_small valign_top\"><div class=\"vc_col-sm-3 wpb_column vc_column_container\"><div class=\"vc_column-inner\"><div class=\"wpb_wrapper\">[vc_empty_space]<\/div><\/div><\/div><div class=\"vc_col-sm-6 wpb_column vc_column_container\"><div class=\"vc_column-inner\"><div class=\"wpb_wrapper\"><div class=\"wpb_text_column \"><div class=\"wpb_wrapper\">\n<h2><span style=\"color: #ffffff;\">Contact us:<\/span><\/h2>\n<\/div> <\/div> <div class=\"w-form for_cform align_left\" id=\"us_form_1\">\r\n\t<form class=\"w-form-h\" autocomplete=\"off\" action=\"https:\/\/shipnet.eu\/lv\/wp-json\/wp\/v2\/pages\/536\" method=\"post\">\r\n\t\t\t\t\t\t\t<div class=\"w-form-row for_name required\">\r\n\t<div class=\"w-form-row-label\">\r\n\t\t<label for=\"us_form_1_name\"><\/label>\r\n\t<\/div>\r\n\t<div class=\"w-form-row-field\">\r\n\t\t\t\t<input type=\"text\" name=\"name\" id=\"us_form_1_name\" value=\"\"\r\n\t\t\t   placeholder=\"Name *\" data-required=\"true\" aria-required=\"true\"\/>\r\n\t\t<span class=\"w-form-row-field-bar\"><\/span>\r\n\t\t\t<\/div>\r\n\t<div class=\"w-form-row-state\"><\/div>\r\n\t<\/div>\r\n\t\t\t\t\t<div class=\"w-form-row for_email required\">\r\n\t<div class=\"w-form-row-label\">\r\n\t\t<label for=\"us_form_1_email\"><\/label>\r\n\t<\/div>\r\n\t<div class=\"w-form-row-field\">\r\n\t\t\t\t<input type=\"email\" name=\"email\" id=\"us_form_1_email\" value=\"\"\r\n\t\t\t   placeholder=\"Email *\" data-required=\"true\" aria-required=\"true\"\/>\r\n\t\t<span class=\"w-form-row-field-bar\"><\/span>\r\n\t\t\t<\/div>\r\n\t<div class=\"w-form-row-state\"><\/div>\r\n\t<\/div>\r\n\t\t\t\t\t<div class=\"w-form-row for_phone required\">\r\n\t<div class=\"w-form-row-label\">\r\n\t\t<label for=\"us_form_1_phone\"><\/label>\r\n\t<\/div>\r\n\t<div class=\"w-form-row-field\">\r\n\t\t\t\t<input type=\"text\" name=\"phone\" id=\"us_form_1_phone\" value=\"\"\r\n\t\t\t   placeholder=\"Phone Number *\" data-required=\"true\" aria-required=\"true\"\/>\r\n\t\t<span class=\"w-form-row-field-bar\"><\/span>\r\n\t\t\t<\/div>\r\n\t<div class=\"w-form-row-state\"><\/div>\r\n\t<\/div>\r\n\t\t\t\t\t<div class=\"w-form-row for_message required\">\r\n\t<div class=\"w-form-row-label\">\r\n\t\t<label for=\"us_form_1_message\"><\/label>\r\n\t<\/div>\r\n\t<div class=\"w-form-row-field\">\r\n\t\t\t\t<textarea name=\"message\" id=\"us_form_1_message\" cols=\"30\" rows=\"10\" placeholder=\"Message *\"\r\n\t\t\t data-required=\"true\" aria-required=\"true\"><\/textarea>\r\n\t\t<span class=\"w-form-row-field-bar\"><\/span>\r\n\t\t\t<\/div>\r\n\t<div class=\"w-form-row-state\"><\/div>\r\n\t<\/div>\r\n\t\t\t\t\t<div class=\"w-form-row for_captcha required\">\r\n\t<div class=\"w-form-row-label\">\r\n\t\t<label for=\"us_form_1_captcha\">Just to prove you are a human, please solve the equation: <span>17 + 10 = ?<\/span><\/label>\r\n\t<\/div>\r\n\t<div class=\"w-form-row-field\">\r\n\t\t\t\t<input type=\"hidden\" name=\"captcha_hash\" value=\"e57c7962b8c8dd95e7b9af90e800c8e2\" \/>\r\n\t\t<input type=\"text\" name=\"captcha\" id=\"us_form_1_captcha\" value=\"\"\r\n\t\t\t   data-required=\"1\" placeholder=\"\" aria-required=\"true\" \/>\r\n\t\t<span class=\"w-form-row-field-bar\"><\/span>\r\n\t\t\t<\/div>\r\n\t<div class=\"w-form-row-state\"><\/div>\r\n\t<\/div>\r\n\t\t\t\t\t<input type=\"hidden\" name=\"action\" value=\"us_ajax_cform\" \/>\r\n\t\t\t\t\t<input type=\"hidden\" name=\"post_id\" value=\"536\" \/>\r\n\t\t\t\t\t<input type=\"hidden\" name=\"form_index\" value=\"1\" \/>\r\n\t\t\t\t\t<div class=\"w-form-row for_submit\">\r\n\t<div class=\"w-form-row-field\">\r\n\t\t<button class=\"w-btn size_15px color_primary style_solid\" type=\"submit\"><span class=\"g-preloader type_1\"><\/span><span class=\"w-btn-label\">Send Message<\/span><\/button>\r\n\t<\/div>\r\n<\/div>\r\n\t\t\t\t<div class=\"w-form-message\"><\/div>\r\n\t\t\t<\/form>\r\n\t\t\t<div class=\"w-form-json hidden\" onclick='return {&quot;ajaxurl&quot;:&quot;https:\\\/\\\/shipnet.eu\\\/wp-admin\\\/admin-ajax.php&quot;,&quot;success&quot;:&quot;Thank you! Your message was sent.&quot;,&quot;errors&quot;:{&quot;name&quot;:&quot;Please enter your Name&quot;,&quot;email&quot;:&quot;Please enter your Email&quot;,&quot;phone&quot;:&quot;Please enter your Phone Number&quot;,&quot;message&quot;:&quot;Please enter a Message&quot;,&quot;captcha&quot;:&quot;Please enter the equation result&quot;}}'><\/div>\r\n\t<\/div>\r\n<\/div><\/div><\/div><div class=\"vc_col-sm-3 wpb_column vc_column_container\"><div class=\"vc_column-inner\"><div class=\"wpb_wrapper\">[vc_empty_space]<\/div><\/div><\/div><\/div><\/div><\/section><!-- Row Backgrounds --><div class=\"upb_color\" data-bg-override=\"0\" data-bg-color=\"#981e32\" data-fadeout=\"\" data-fadeout-percentage=\"30\" data-parallax-content=\"\" data-parallax-content-sense=\"30\" data-row-effect-mobile-disable=\"true\" data-img-parallax-mobile-disable=\"true\" data-rtl=\"false\"  data-custom-vc-row=\"\"  data-vc=\"5.0.1\"  data-is_old_vc=\"\"  data-theme-support=\"\"   data-overlay=\"false\" data-overlay-color=\"\" data-overlay-pattern=\"\" data-overlay-pattern-opacity=\"\" data-overlay-pattern-size=\"\"    ><\/div>\n","protected":false},"excerpt":{"rendered":"GMDSS radio surveys &amp; VDR APTs [vc_empty_space height=\"42px\"] First time come first time fix... [vc_empty_space height=\"42px\"] HansaeL SIA ir pilnvarojusi visas galven\u0101s klasific\u0113\u0161anas sabiedr\u012bbas veikt GMDSS un AIS gada apsekojumus. M\u0113s ar\u012b sertific\u0113ju\u0161i liel\u0101k\u0101 da\u013ca S\/VDR ra\u017eot\u0101ju, lai veiktu ikgad\u0113jo veiktsp\u0113ju: \u2022 American Bureau of Shipping; \u2022 Russian Maritime Register of Shipping; \u2022 DNVGL \u2022...","protected":false},"author":1,"featured_media":0,"parent":528,"menu_order":0,"comment_status":"closed","ping_status":"closed","template":"","meta":[],"aioseo_notices":[],"_links":{"self":[{"href":"https:\/\/shipnet.eu\/lv\/wp-json\/wp\/v2\/pages\/536"}],"collection":[{"href":"https:\/\/shipnet.eu\/lv\/wp-json\/wp\/v2\/pages"}],"about":[{"href":"https:\/\/shipnet.eu\/lv\/wp-json\/wp\/v2\/types\/page"}],"author":[{"embeddable":true,"href":"https:\/\/shipnet.eu\/lv\/wp-json\/wp\/v2\/users\/1"}],"replies":[{"embeddable":true,"href":"https:\/\/shipnet.eu\/lv\/wp-json\/wp\/v2\/comments?post=536"}],"version-history":[{"count":10,"href":"https:\/\/shipnet.eu\/lv\/wp-json\/wp\/v2\/pages\/536\/revisions"}],"predecessor-version":[{"id":2028,"href":"https:\/\/shipnet.eu\/lv\/wp-json\/wp\/v2\/pages\/536\/revisions\/2028"}],"up":[{"embeddable":true,"href":"https:\/\/shipnet.eu\/lv\/wp-json\/wp\/v2\/pages\/528"}],"wp:attachment":[{"href":"https:\/\/shipnet.eu\/lv\/wp-json\/wp\/v2\/media?parent=536"}],"curies":[{"name":"wp","href":"https:\/\/api.w.org\/{rel}","templated":true}]}}