{"id":532,"date":"2017-02-12T23:22:39","date_gmt":"2017-02-12T23:22:39","guid":{"rendered":"http:\/\/hansael.eu\/?page_id=532&#038;lang=lv"},"modified":"2018-03-13T10:23:56","modified_gmt":"2018-03-13T10:23:56","slug":"accounting-authority-inmarsat-activations","status":"publish","type":"page","link":"https:\/\/shipnet.eu\/lv\/services\/accounting-authority-inmarsat-activations\/","title":{"rendered":"Accounting Authority &#038; INMARSAT activations"},"content":{"rendered":"<section class=\"l-section wpb_row height_auto width_full\"><div class=\"l-section-h i-cf\"><div class=\"g-cols type_small valign_top\"><div class=\"vc_col-sm-12 wpb_column vc_column_container\"><div class=\"vc_column-inner\"><div class=\"wpb_wrapper\"><div class=\"w-image\"><div class=\"us-frame\"><img width=\"2000\" height=\"336\" src=\"https:\/\/shipnet.eu\/wp-content\/uploads\/2016\/11\/1-1.jpg\" class=\"attachment-full size-full\" alt=\"\" loading=\"lazy\" srcset=\"https:\/\/shipnet.eu\/wp-content\/uploads\/2016\/11\/1-1.jpg 2000w, https:\/\/shipnet.eu\/wp-content\/uploads\/2016\/11\/1-1-300x50.jpg 300w, https:\/\/shipnet.eu\/wp-content\/uploads\/2016\/11\/1-1-768x129.jpg 768w, https:\/\/shipnet.eu\/wp-content\/uploads\/2016\/11\/1-1-1024x172.jpg 1024w, https:\/\/shipnet.eu\/wp-content\/uploads\/2016\/11\/1-1-600x101.jpg 600w\" sizes=\"(max-width: 2000px) 100vw, 2000px\" \/><\/div><\/div><\/div><\/div><\/div><\/div><\/div><\/section><section class=\"l-section wpb_row height_medium color_alternate\"><div class=\"l-section-h i-cf\"><div class=\"g-cols type_small valign_top\"><div class=\"vc_col-sm-12 wpb_column vc_column_container\"><div class=\"vc_column-inner\"><div class=\"wpb_wrapper\"><div class=\"wpb_text_column \"><div class=\"wpb_wrapper\">\n<h1 style=\"text-align: center;\">Accounting Authority &amp; INMARSAT activations<\/h1>\n<\/div> <\/div> <\/div><\/div><\/div><\/div><\/div><\/section><section class=\"l-section wpb_row height_small\" style=\"padding-right: 20px !important;padding-left: 20px !important;\"><div class=\"l-section-h i-cf\"><div class=\"g-cols type_default valign_top\"><div class=\"vc_col-sm-6 wpb_column vc_column_container has-fill\"><div class=\"vc_column-inner  vc_custom_1486161006089\"><div class=\"wpb_wrapper\">[vc_empty_space height=&#8221;42px&#8221;]<div class=\"wpb_text_column \"><div class=\"wpb_wrapper\">\n<h2 style=\"text-align: center;\"><span style=\"color: #ffffff;\">First time come first time fix&#8230;<\/span><\/h2>\n<\/div> <\/div> [vc_empty_space height=&#8221;42px&#8221;]<\/div><\/div><\/div><div class=\"vc_col-sm-6 wpb_column vc_column_container\"><div class=\"vc_column-inner\"><div class=\"wpb_wrapper\"><div class=\"wpb_text_column \"><div class=\"wpb_wrapper\"><p>M\u016bsu komp\u0101nija ir licenc\u0113ta gr\u0101matved\u012bbas iest\u0101de <strong>(AAIC kods LV06)<\/strong>, Inmarsat pakalpojums aktiviz\u0113\u0161anas punkts <strong>(PSA kods 3182)<\/strong> un <strong>Inmarsat<\/strong> pakalpojumu sniedz\u0113js. \u0160\u012b kombin\u0101cija \u013cauj pieg\u0101d\u0101t visus pakalpojumus &#8211; Inmarsat aktiviz\u0113\u0161ana, gr\u0101matved\u012bbas iest\u0101de, satel\u012bttelev\u012bzijas laika pakalpojumi (k\u0101 ar\u012b <strong>LRIT<\/strong> , &#8220;satcoms&#8221; apr\u012bkojuma p\u0101rdo\u0161ana un uzst\u0101d\u012b\u0161ana) &#8211; &#8220;vienas pieturas a\u0123ent\u016bras&#8221; pieej\u0101 &#8211; viss vien\u0101 viet\u0101.<\/p>\n<p>Mums ir ar\u012b partneru \/ izplat\u012bt\u0101ju l\u012bgumi ar galvenaj\u0101m gr\u0101matved\u012bbas iest\u0101d\u0113m, kas \u013cauj mums pieg\u0101d\u0101t <strong>AAIC un PSA<\/strong> pakalpojumus retu karoga valst\u012bm, kuras nav izsniegu\u0161as at\u013cauju kodam LV06.<\/p><\/div> <\/div> <\/div><\/div><\/div><\/div><\/div><\/section><section class=\"l-section wpb_row height_small\" style=\"padding-right: 20px !important;padding-left: 20px !important;\"><div class=\"l-section-h i-cf\"><div class=\"g-cols type_default valign_top\"><div class=\"vc_col-sm-6 wpb_column vc_column_container\"><div class=\"vc_column-inner\"><div class=\"wpb_wrapper\"><div class=\"wpb_text_column \"><div class=\"wpb_wrapper\"><p>M\u016bsu sabiedr\u012bbai ir <strong>Latvijas Republikas Transporta<\/strong> ministrijas licence sniegt J\u016bras Radio gr\u0101matved\u012bbas iest\u0101di <strong>(AAIC: LV06)<\/strong>, un to ir pilnvarojusi liel\u0101k\u0101 da\u013ca karoga valstu, tai skait\u0101 Lietuvas, Igaunijas, N\u012bderlandes, Portug\u0101les, Sentkitsas un Nevisa uc, lai darbotos k\u0101 gr\u0101matved\u012bbas iest\u0101de par saviem ku\u0123iem. Pateicoties partnerattiec\u012bbu nol\u012bgumam ar galvenaj\u0101m gr\u0101matved\u012bbas iest\u0101d\u0113m <strong>(Morsviazsputnik SU04, NSSL GB11)<\/strong>, m\u0113s varam nodro\u0161in\u0101t lielu daudzumu AAIC un Inmarsat aktiviz\u0101cijas pakalpojumu vairumam karoga valstu.<\/p><\/div> <\/div> <\/div><\/div><\/div><div class=\"vc_col-sm-6 wpb_column vc_column_container\"><div class=\"vc_column-inner\"><div class=\"wpb_wrapper\"><div class=\"w-image\"><div class=\"us-frame\"><img width=\"1000\" height=\"550\" src=\"https:\/\/shipnet.eu\/wp-content\/uploads\/2017\/04\/Satcoms-1.jpg\" class=\"attachment-large size-large\" alt=\"\" loading=\"lazy\" srcset=\"https:\/\/shipnet.eu\/wp-content\/uploads\/2017\/04\/Satcoms-1.jpg 1000w, https:\/\/shipnet.eu\/wp-content\/uploads\/2017\/04\/Satcoms-1-300x165.jpg 300w, https:\/\/shipnet.eu\/wp-content\/uploads\/2017\/04\/Satcoms-1-768x422.jpg 768w, https:\/\/shipnet.eu\/wp-content\/uploads\/2017\/04\/Satcoms-1-600x330.jpg 600w\" sizes=\"(max-width: 1000px) 100vw, 1000px\" \/><\/div><\/div><\/div><\/div><\/div><\/div><\/div><\/section><section class=\"l-section wpb_row height_small\" style=\"padding-right: 20px !important;padding-left: 20px !important;\"><div class=\"l-section-h i-cf\"><div class=\"g-cols type_default valign_top\"><div class=\"vc_col-sm-6 wpb_column vc_column_container\"><div class=\"vc_column-inner\"><div class=\"wpb_wrapper\"><\/div><\/div><\/div><div class=\"vc_col-sm-6 wpb_column vc_column_container\"><div class=\"vc_column-inner\"><div class=\"wpb_wrapper\"><\/div><\/div><\/div><\/div><\/div><\/section><section class=\"l-section wpb_row height_medium\"><div class=\"l-section-h i-cf\"><div class=\"g-cols type_small valign_top\"><\/div><\/div><\/section><section class=\"l-section wpb_row height_medium\"><div class=\"l-section-h i-cf\"><div class=\"g-cols type_small valign_top\"><div class=\"vc_col-sm-3 wpb_column vc_column_container\"><div class=\"vc_column-inner\"><div class=\"wpb_wrapper\">[vc_empty_space]<\/div><\/div><\/div><div class=\"vc_col-sm-6 wpb_column vc_column_container\"><div class=\"vc_column-inner\"><div class=\"wpb_wrapper\"><div class=\"wpb_text_column \"><div class=\"wpb_wrapper\">\n<h2><span style=\"color: #ffffff;\">Contact us:<\/span><\/h2>\n<\/div> <\/div> <div class=\"w-form for_cform align_left\" id=\"us_form_1\">\r\n\t<form class=\"w-form-h\" autocomplete=\"off\" action=\"https:\/\/shipnet.eu\/lv\/wp-json\/wp\/v2\/pages\/532\" method=\"post\">\r\n\t\t\t\t\t\t\t<div class=\"w-form-row for_name required\">\r\n\t<div class=\"w-form-row-label\">\r\n\t\t<label for=\"us_form_1_name\"><\/label>\r\n\t<\/div>\r\n\t<div class=\"w-form-row-field\">\r\n\t\t\t\t<input type=\"text\" name=\"name\" id=\"us_form_1_name\" value=\"\"\r\n\t\t\t   placeholder=\"Name *\" data-required=\"true\" aria-required=\"true\"\/>\r\n\t\t<span class=\"w-form-row-field-bar\"><\/span>\r\n\t\t\t<\/div>\r\n\t<div class=\"w-form-row-state\"><\/div>\r\n\t<\/div>\r\n\t\t\t\t\t<div class=\"w-form-row for_email required\">\r\n\t<div class=\"w-form-row-label\">\r\n\t\t<label for=\"us_form_1_email\"><\/label>\r\n\t<\/div>\r\n\t<div class=\"w-form-row-field\">\r\n\t\t\t\t<input type=\"email\" name=\"email\" id=\"us_form_1_email\" value=\"\"\r\n\t\t\t   placeholder=\"Email *\" data-required=\"true\" aria-required=\"true\"\/>\r\n\t\t<span class=\"w-form-row-field-bar\"><\/span>\r\n\t\t\t<\/div>\r\n\t<div class=\"w-form-row-state\"><\/div>\r\n\t<\/div>\r\n\t\t\t\t\t<div class=\"w-form-row for_phone required\">\r\n\t<div class=\"w-form-row-label\">\r\n\t\t<label for=\"us_form_1_phone\"><\/label>\r\n\t<\/div>\r\n\t<div class=\"w-form-row-field\">\r\n\t\t\t\t<input type=\"text\" name=\"phone\" id=\"us_form_1_phone\" value=\"\"\r\n\t\t\t   placeholder=\"Phone Number *\" data-required=\"true\" aria-required=\"true\"\/>\r\n\t\t<span class=\"w-form-row-field-bar\"><\/span>\r\n\t\t\t<\/div>\r\n\t<div class=\"w-form-row-state\"><\/div>\r\n\t<\/div>\r\n\t\t\t\t\t<div class=\"w-form-row for_message required\">\r\n\t<div class=\"w-form-row-label\">\r\n\t\t<label for=\"us_form_1_message\"><\/label>\r\n\t<\/div>\r\n\t<div class=\"w-form-row-field\">\r\n\t\t\t\t<textarea name=\"message\" id=\"us_form_1_message\" cols=\"30\" rows=\"10\" placeholder=\"Message *\"\r\n\t\t\t data-required=\"true\" aria-required=\"true\"><\/textarea>\r\n\t\t<span class=\"w-form-row-field-bar\"><\/span>\r\n\t\t\t<\/div>\r\n\t<div class=\"w-form-row-state\"><\/div>\r\n\t<\/div>\r\n\t\t\t\t\t<div class=\"w-form-row for_captcha required\">\r\n\t<div class=\"w-form-row-label\">\r\n\t\t<label for=\"us_form_1_captcha\">Just to prove you are a human, please solve the equation: <span>21 + 10 = ?<\/span><\/label>\r\n\t<\/div>\r\n\t<div class=\"w-form-row-field\">\r\n\t\t\t\t<input type=\"hidden\" name=\"captcha_hash\" value=\"ebbfea8566a07cdb8486102ad9abf2cb\" \/>\r\n\t\t<input type=\"text\" name=\"captcha\" id=\"us_form_1_captcha\" value=\"\"\r\n\t\t\t   data-required=\"1\" placeholder=\"\" aria-required=\"true\" \/>\r\n\t\t<span class=\"w-form-row-field-bar\"><\/span>\r\n\t\t\t<\/div>\r\n\t<div class=\"w-form-row-state\"><\/div>\r\n\t<\/div>\r\n\t\t\t\t\t<input type=\"hidden\" name=\"action\" value=\"us_ajax_cform\" \/>\r\n\t\t\t\t\t<input type=\"hidden\" name=\"post_id\" value=\"532\" \/>\r\n\t\t\t\t\t<input type=\"hidden\" name=\"form_index\" value=\"1\" \/>\r\n\t\t\t\t\t<div class=\"w-form-row for_submit\">\r\n\t<div class=\"w-form-row-field\">\r\n\t\t<button class=\"w-btn size_15px color_primary style_solid\" type=\"submit\"><span class=\"g-preloader type_1\"><\/span><span class=\"w-btn-label\">Send Message<\/span><\/button>\r\n\t<\/div>\r\n<\/div>\r\n\t\t\t\t<div class=\"w-form-message\"><\/div>\r\n\t\t\t<\/form>\r\n\t\t\t<div class=\"w-form-json hidden\" onclick='return {&quot;ajaxurl&quot;:&quot;https:\\\/\\\/shipnet.eu\\\/wp-admin\\\/admin-ajax.php&quot;,&quot;success&quot;:&quot;Thank you! Your message was sent.&quot;,&quot;errors&quot;:{&quot;name&quot;:&quot;Please enter your Name&quot;,&quot;email&quot;:&quot;Please enter your Email&quot;,&quot;phone&quot;:&quot;Please enter your Phone Number&quot;,&quot;message&quot;:&quot;Please enter a Message&quot;,&quot;captcha&quot;:&quot;Please enter the equation result&quot;}}'><\/div>\r\n\t<\/div>\r\n<\/div><\/div><\/div><div class=\"vc_col-sm-3 wpb_column vc_column_container\"><div class=\"vc_column-inner\"><div class=\"wpb_wrapper\">[vc_empty_space]<\/div><\/div><\/div><\/div><\/div><\/section><!-- Row Backgrounds --><div class=\"upb_color\" data-bg-override=\"0\" data-bg-color=\"#981e32\" data-fadeout=\"\" data-fadeout-percentage=\"30\" data-parallax-content=\"\" data-parallax-content-sense=\"30\" data-row-effect-mobile-disable=\"true\" data-img-parallax-mobile-disable=\"true\" data-rtl=\"false\"  data-custom-vc-row=\"\"  data-vc=\"5.0.1\"  data-is_old_vc=\"\"  data-theme-support=\"\"   data-overlay=\"false\" data-overlay-color=\"\" data-overlay-pattern=\"\" data-overlay-pattern-opacity=\"\" data-overlay-pattern-size=\"\"    ><\/div>\n","protected":false},"excerpt":{"rendered":"Accounting Authority &amp; INMARSAT activations [vc_empty_space height=\"42px\"] First time come first time fix... [vc_empty_space height=\"42px\"]M\u016bsu komp\u0101nija ir licenc\u0113ta gr\u0101matved\u012bbas iest\u0101de (AAIC kods LV06), Inmarsat pakalpojums aktiviz\u0113\u0161anas punkts (PSA kods 3182) un Inmarsat pakalpojumu sniedz\u0113js. \u0160\u012b kombin\u0101cija \u013cauj pieg\u0101d\u0101t visus pakalpojumus - Inmarsat aktiviz\u0113\u0161ana, gr\u0101matved\u012bbas iest\u0101de, satel\u012bttelev\u012bzijas laika pakalpojumi (k\u0101 ar\u012b LRIT , \"satcoms\" apr\u012bkojuma p\u0101rdo\u0161ana...","protected":false},"author":1,"featured_media":0,"parent":528,"menu_order":0,"comment_status":"closed","ping_status":"closed","template":"","meta":[],"aioseo_notices":[],"_links":{"self":[{"href":"https:\/\/shipnet.eu\/lv\/wp-json\/wp\/v2\/pages\/532"}],"collection":[{"href":"https:\/\/shipnet.eu\/lv\/wp-json\/wp\/v2\/pages"}],"about":[{"href":"https:\/\/shipnet.eu\/lv\/wp-json\/wp\/v2\/types\/page"}],"author":[{"embeddable":true,"href":"https:\/\/shipnet.eu\/lv\/wp-json\/wp\/v2\/users\/1"}],"replies":[{"embeddable":true,"href":"https:\/\/shipnet.eu\/lv\/wp-json\/wp\/v2\/comments?post=532"}],"version-history":[{"count":6,"href":"https:\/\/shipnet.eu\/lv\/wp-json\/wp\/v2\/pages\/532\/revisions"}],"predecessor-version":[{"id":2031,"href":"https:\/\/shipnet.eu\/lv\/wp-json\/wp\/v2\/pages\/532\/revisions\/2031"}],"up":[{"embeddable":true,"href":"https:\/\/shipnet.eu\/lv\/wp-json\/wp\/v2\/pages\/528"}],"wp:attachment":[{"href":"https:\/\/shipnet.eu\/lv\/wp-json\/wp\/v2\/media?parent=532"}],"curies":[{"name":"wp","href":"https:\/\/api.w.org\/{rel}","templated":true}]}}