{"id":512,"date":"2017-01-24T16:50:00","date_gmt":"2017-01-24T16:50:00","guid":{"rendered":"http:\/\/hansael.eu\/?page_id=512&#038;lang=lv"},"modified":"2018-03-13T11:44:41","modified_gmt":"2018-03-13T11:44:41","slug":"long-range-gsm-at-sea","status":"publish","type":"page","link":"https:\/\/shipnet.eu\/lv\/products\/long-range-gsm-at-sea\/","title":{"rendered":"Long Range GSM at Sea"},"content":{"rendered":"<section class=\"l-section wpb_row height_auto width_full\"><div class=\"l-section-h i-cf\"><div class=\"g-cols type_small valign_top\"><div class=\"vc_col-sm-12 wpb_column vc_column_container\"><div class=\"vc_column-inner\"><div class=\"wpb_wrapper\"><div class=\"w-image\"><div class=\"us-frame\"><img width=\"2000\" height=\"336\" src=\"https:\/\/shipnet.eu\/wp-content\/uploads\/2016\/11\/1-1.jpg\" class=\"attachment-full size-full\" alt=\"\" loading=\"lazy\" srcset=\"https:\/\/shipnet.eu\/wp-content\/uploads\/2016\/11\/1-1.jpg 2000w, https:\/\/shipnet.eu\/wp-content\/uploads\/2016\/11\/1-1-300x50.jpg 300w, https:\/\/shipnet.eu\/wp-content\/uploads\/2016\/11\/1-1-768x129.jpg 768w, https:\/\/shipnet.eu\/wp-content\/uploads\/2016\/11\/1-1-1024x172.jpg 1024w, https:\/\/shipnet.eu\/wp-content\/uploads\/2016\/11\/1-1-600x101.jpg 600w\" sizes=\"(max-width: 2000px) 100vw, 2000px\" \/><\/div><\/div><\/div><\/div><\/div><\/div><\/div><\/section><section class=\"l-section wpb_row height_medium color_alternate\"><div class=\"l-section-h i-cf\"><div class=\"g-cols type_small valign_top\"><div class=\"vc_col-sm-12 wpb_column vc_column_container\"><div class=\"vc_column-inner\"><div class=\"wpb_wrapper\"><div class=\"wpb_text_column \"><div class=\"wpb_wrapper\">\n<h1 style=\"text-align: center;\">Long Range GSM at Sea<\/h1>\n<\/div> <\/div> <\/div><\/div><\/div><\/div><\/div><\/section><section class=\"l-section wpb_row height_small\"><div class=\"l-section-h i-cf\"><div class=\"g-cols type_small valign_top\"><div class=\"vc_col-sm-6 wpb_column vc_column_container has-fill\"><div class=\"vc_column-inner  vc_custom_1486161006089\"><div class=\"wpb_wrapper\">[vc_empty_space height=&#8221;42px&#8221;]<div class=\"wpb_text_column \"><div class=\"wpb_wrapper\">\n<h2 style=\"text-align: center;\"><span style=\"color: #ffffff;\">Extended coverage,<\/span><\/h2>\n<h2 style=\"text-align: center;\"><span style=\"color: #ffffff;\">Expanded possibilities.<\/span><\/h2>\n<\/div> <\/div> [vc_empty_space height=&#8221;42px&#8221;]<\/div><\/div><\/div><div class=\"vc_col-sm-6 wpb_column vc_column_container\"><div class=\"vc_column-inner\"><div class=\"wpb_wrapper\"><div class=\"g-cols wpb_row type_default valign_top vc_inner  vc_custom_1487200348628\"><div class=\"vc_col-sm-12 wpb_column vc_column_container\"><div class=\"vc_column-inner\"><div class=\"wpb_wrapper\"><div class=\"wpb_text_column \"><div class=\"wpb_wrapper\"><strong>HANSAEL Long Range GSM<\/strong> pied\u0101v\u0101 pla\u0161u GSM pakalpojumu kl\u0101stu, kas ir alternat\u012bva krasta satel\u012bta komunik\u0101cij\u0101m.<\/p>\n<p>Sp\u0113ja \u0101tri sa\u0146emt un izmantot \u0101trgaitas GSM pakalpojumus ikdien\u0101, no jebkuras vietas, ir rad\u012bjusi probl\u0113mu j\u016bras nozarei, ierobe\u017eojot j\u016bras piekrastes sasniedzam\u012bbu. Satel\u012btu sakarus var izmantot, ja GSM sign\u0101li k\u013c\u016bst nestabili vai piln\u012bgi zaud\u0113ti, bet tie pied\u0101v\u0101 ierobe\u017eotu datu \u0101trumu.<\/div> <\/div> <\/div><\/div><\/div><\/div><\/div><\/div><\/div><\/div><\/div><\/section><section class=\"l-section wpb_row height_small\"><div class=\"l-section-h i-cf\"><div class=\"g-cols type_small valign_top\"><div class=\"vc_col-sm-6 wpb_column vc_column_container\"><div class=\"vc_column-inner\"><div class=\"wpb_wrapper\"><div class=\"g-cols wpb_row type_default valign_top vc_inner  vc_custom_1487200348628\"><div class=\"vc_col-sm-12 wpb_column vc_column_container\"><div class=\"vc_column-inner\"><div class=\"wpb_wrapper\"><div class=\"wpb_text_column \"><div class=\"wpb_wrapper\"><strong>HANSAEL Long Range GSM<\/strong> ir ieb\u016bv\u0113ta ier\u012bce, kas palielina GSM pakalpojumu kl\u0101stu un kvalit\u0101ti \u0101rzonas piekrast\u0113, un, ja rodas vajadz\u012bba, var pievienot satel\u012bta piesl\u0113gumu <strong>(Fleet Broadband, Thuraya, Iridium Pilot, VSAT).<\/strong><\/p>\n<p>\u012apa\u0161i izv\u0113l\u0113t\u0101s j\u016bras klases antenas kop\u0101 ar HANSAEL izv\u0113l\u0113to un p\u0101rbaud\u012bto 4G industri\u0101l\u0101s kvalit\u0101tes GSM mar\u0161rut\u0113t\u0101ju \u013cauj klientiem piek\u013c\u016bt savam izv\u0113l\u0113tajam pakalpojumu sniedz\u0113jam, kam\u0113r tas ir j\u016br\u0101 l\u012bdz 80 km no krasta l\u012bnijas.<\/p>\n<p><strong>HANSAEL GSM<\/strong> risin\u0101jums darbojas vis\u0101s pasaules mobilo GSM pakalpojumu frekvenc\u0113s, tas noz\u012bm\u0113, ka klienti neaprobe\u017eojas tikai ar konkr\u0113tu mobilo sakaru t\u012bkla pakalpojumu sniedz\u0113ju.<\/p>\n<p>HANSAEL garajos GSM t\u012bklos ir iesp\u0113ja p\u0101rsl\u0113gties uz citiem pieejamiem t\u012bkliem, piem\u0113ram, VSAT, Fleet BroadBand, Iridium OpenPort vai Thuraya IP, t\u0101d\u0113j\u0101di nodro\u0161inot elast\u012bgu sazi\u0146as sp\u0113ju.<\/p>\n<p>Augstas kvalit\u0101tes da\u013cas, ko HANSAEL izmanto un izv\u0113las HANSAEL garuma diapazona GSM risin\u0101jumam, noz\u012bm\u0113, ka datu zudumu apjoms ir minim\u0101ls, un past\u0101v\u012bgam savienojumam ir j\u0101palielina diapazons, kad tas notiek t\u0101l\u0101k no j\u016bras.<\/p>\n<p>Izmantot\u0101s r\u016bpniecisk\u0101s kategorijas iek\u0101rtas un deta\u013cas nodro\u0161ina vissp\u0113c\u012bg\u0101ko sign\u0101lu un caurlaidsp\u0113ju, t\u0101d\u0113j\u0101di nodro\u0161inot p\u0101rliecino\u0161u izmaksu samazin\u0101\u0161anas komerci\u0101lu risin\u0101jumu.<\/div> <\/div> <\/div><\/div><\/div><\/div><\/div><\/div><\/div><div class=\"vc_col-sm-6 wpb_column vc_column_container\"><div class=\"vc_column-inner\"><div class=\"wpb_wrapper\"><div class=\"w-image\"><div class=\"us-frame\"><img width=\"1024\" height=\"768\" src=\"https:\/\/shipnet.eu\/wp-content\/uploads\/2017\/01\/cimg1574-1024x768.jpg\" class=\"attachment-large size-large\" alt=\"\" loading=\"lazy\" srcset=\"https:\/\/shipnet.eu\/wp-content\/uploads\/2017\/01\/cimg1574-1024x768.jpg 1024w, https:\/\/shipnet.eu\/wp-content\/uploads\/2017\/01\/cimg1574-300x225.jpg 300w, https:\/\/shipnet.eu\/wp-content\/uploads\/2017\/01\/cimg1574-768x576.jpg 768w, https:\/\/shipnet.eu\/wp-content\/uploads\/2017\/01\/cimg1574-600x450.jpg 600w, https:\/\/shipnet.eu\/wp-content\/uploads\/2017\/01\/cimg1574.jpg 1600w\" sizes=\"(max-width: 1024px) 100vw, 1024px\" \/><\/div><\/div><\/div><\/div><\/div><\/div><\/div><\/section><section class=\"l-section wpb_row height_small\"><div class=\"l-section-h i-cf\"><div class=\"g-cols type_small valign_top\"><div class=\"vc_col-sm-6 wpb_column vc_column_container\"><div class=\"vc_column-inner\"><div class=\"wpb_wrapper\"><div class=\"w-image\"><div class=\"us-frame\"><img width=\"627\" height=\"407\" src=\"https:\/\/shipnet.eu\/wp-content\/uploads\/2017\/01\/Nimbus.png\" class=\"attachment-large size-large\" alt=\"\" loading=\"lazy\" srcset=\"https:\/\/shipnet.eu\/wp-content\/uploads\/2017\/01\/Nimbus.png 627w, https:\/\/shipnet.eu\/wp-content\/uploads\/2017\/01\/Nimbus-300x195.png 300w, https:\/\/shipnet.eu\/wp-content\/uploads\/2017\/01\/Nimbus-600x389.png 600w\" sizes=\"(max-width: 627px) 100vw, 627px\" \/><\/div><\/div><\/div><\/div><\/div><div class=\"vc_col-sm-6 wpb_column vc_column_container\"><div class=\"vc_column-inner\"><div class=\"wpb_wrapper\"><div class=\"g-cols wpb_row type_default valign_top vc_inner  vc_custom_1487200348628\"><div class=\"vc_col-sm-12 wpb_column vc_column_container\"><div class=\"vc_column-inner\"><div class=\"wpb_wrapper\"><div class=\"wpb_text_column \"><div class=\"wpb_wrapper\"><p>Kombin\u0101cij\u0101 ar industri\u0101lo klasi Linux OS b\u0101z\u0113tajiem e-pasta serveriem <strong>NIMBUS Funkcijas:<\/strong><\/p>\n<ul>\n<li>Vair\u0101ki LAN (bizness, apkalpes loceklis)<\/li>\n<li>Platjoslas savienojumu p\u0101rvald\u012bba (FBB, IOP, VSAT, Thuraya)<\/li>\n<li>Kompresija, ke\u0161darbi un optimiz\u0101cija uzlabotai interneta p\u0101rl\u016bko\u0161anai<br \/>\nIeb\u016bv\u0113tais e-pasta serveris \u013cauj piesl\u0113gties korporat\u012bvajiem vai t\u012bmek\u013ca pasta pakalpojumiem<\/li>\n<li>Piel\u0101gotais modulis atbalsta tre\u0161o personu un klientu specifisko programmu integr\u0113\u0161anu<\/li>\n<li>Piln\u012bga redzam\u012bba, kontrole un atbild\u012bba starp t\u012bkliem un ier\u012bc\u0113m no ku\u0123a un krasta<\/li>\n<li>Atbalsta n\u0101kam\u0101s paaudzes komandas komunik\u0101cijas ar iegultiem PayPal un kred\u012btkartes autoriz\u0101ciju<\/li>\n<\/ul>\n<p><strong>Nimbus galvenie ieguvumi:<\/strong><\/p>\n<p><strong>Elast\u012bba<\/strong> &#8211; Atbalsta klienta izv\u0113li par savienojam\u012bbu un lietojumprogramm\u0101m, autom\u0101tiski mainot to<br \/>\nstabila &#8220;vied\u0101 mar\u0161rut\u0113\u0161ana&#8221; starp kan\u0101liem.<\/p>\n<p><strong>Funkcionalit\u0101te<\/strong> &#8211; Piln\u012bga politika un lietot\u0101ja piek\u013cuves kontrole nodro\u0161ina augstas priorit\u0101tes zi\u0146ojumu, vair\u0101ku lok\u0101lo t\u012bklu pieg\u0101di<br \/>\nbiznesa, apkalpes, frakt\u0113t\u0101ju un M2M lietojumprogrammas, detaliz\u0113ti zi\u0146ojumi visiem lietot\u0101jiem.<\/p>\n<p><strong>N\u0101kotnes iztur\u012bba<\/strong> &#8211; izstr\u0101d\u0101ta j\u016bras videi, kas atbilst pa\u0161reiz\u0113jai IP un n\u0101kam\u0101s paaudzes j\u016bras komunik\u0101cijai<br \/>\nsist\u0113mas un atbalsta BYOD.<\/p>\n<p><strong>Br\u012bv\u012bba<\/strong> &#8211; uz\u0146\u0113mumu lietot\u0101ji var izmantot tre\u0161\u0101s puses, ekskluz\u012bvas vai t\u012bmek\u013ca lietojumprogrammas, visi darbinieki var izmantot savus e-pasta kontus. Embedded<br \/>\npriek\u0161apmaksa noz\u012bm\u0113 uz\u0146\u0113muma vai ku\u0123a kaptei\u0146a nulles administr\u0113\u0161anu.<\/p>\n<p>Izmantojot kombin\u0101ciju, <strong>HANSAEL Long Range GSM + SATCOM<\/strong> termin\u0101la ku\u0123is ieg\u016bst maksim\u0101lu, stabilu, efekt\u012bvu un izmaksu zi\u0146\u0101 draudz\u012bgu sazi\u0146as l\u012bdzekli, kas uztur ku\u0123i vienm\u0113r ONLINE vis\u0101 pasaul\u0113 ietaupot ku\u0123a bud\u017eetu.<\/p><\/div> <\/div> <\/div><\/div><\/div><\/div><\/div><\/div><\/div><\/div><\/div><\/section><section class=\"l-section wpb_row height_medium\"><div class=\"l-section-h i-cf\"><div class=\"g-cols type_small valign_top\"><\/div><\/div><\/section><section class=\"l-section wpb_row height_medium\"><div class=\"l-section-h i-cf\"><div class=\"g-cols type_small valign_top\"><div class=\"vc_col-sm-3 wpb_column vc_column_container\"><div class=\"vc_column-inner\"><div class=\"wpb_wrapper\">[vc_empty_space]<\/div><\/div><\/div><div class=\"vc_col-sm-6 wpb_column vc_column_container\"><div class=\"vc_column-inner\"><div class=\"wpb_wrapper\"><div class=\"wpb_text_column \"><div class=\"wpb_wrapper\">\n<h2><span style=\"color: #ffffff;\">Contact us:<\/span><\/h2>\n<\/div> <\/div> <div class=\"w-form for_cform align_left\" id=\"us_form_1\">\r\n\t<form class=\"w-form-h\" autocomplete=\"off\" action=\"https:\/\/shipnet.eu\/lv\/wp-json\/wp\/v2\/pages\/512\" method=\"post\">\r\n\t\t\t\t\t\t\t<div class=\"w-form-row for_name required\">\r\n\t<div class=\"w-form-row-label\">\r\n\t\t<label for=\"us_form_1_name\"><\/label>\r\n\t<\/div>\r\n\t<div class=\"w-form-row-field\">\r\n\t\t\t\t<input type=\"text\" name=\"name\" id=\"us_form_1_name\" value=\"\"\r\n\t\t\t   placeholder=\"Name *\" data-required=\"true\" aria-required=\"true\"\/>\r\n\t\t<span class=\"w-form-row-field-bar\"><\/span>\r\n\t\t\t<\/div>\r\n\t<div class=\"w-form-row-state\"><\/div>\r\n\t<\/div>\r\n\t\t\t\t\t<div class=\"w-form-row for_email required\">\r\n\t<div class=\"w-form-row-label\">\r\n\t\t<label for=\"us_form_1_email\"><\/label>\r\n\t<\/div>\r\n\t<div class=\"w-form-row-field\">\r\n\t\t\t\t<input type=\"email\" name=\"email\" id=\"us_form_1_email\" value=\"\"\r\n\t\t\t   placeholder=\"Email *\" data-required=\"true\" aria-required=\"true\"\/>\r\n\t\t<span class=\"w-form-row-field-bar\"><\/span>\r\n\t\t\t<\/div>\r\n\t<div class=\"w-form-row-state\"><\/div>\r\n\t<\/div>\r\n\t\t\t\t\t<div class=\"w-form-row for_phone required\">\r\n\t<div class=\"w-form-row-label\">\r\n\t\t<label for=\"us_form_1_phone\"><\/label>\r\n\t<\/div>\r\n\t<div class=\"w-form-row-field\">\r\n\t\t\t\t<input type=\"text\" name=\"phone\" id=\"us_form_1_phone\" value=\"\"\r\n\t\t\t   placeholder=\"Phone Number *\" data-required=\"true\" aria-required=\"true\"\/>\r\n\t\t<span class=\"w-form-row-field-bar\"><\/span>\r\n\t\t\t<\/div>\r\n\t<div class=\"w-form-row-state\"><\/div>\r\n\t<\/div>\r\n\t\t\t\t\t<div class=\"w-form-row for_message required\">\r\n\t<div class=\"w-form-row-label\">\r\n\t\t<label for=\"us_form_1_message\"><\/label>\r\n\t<\/div>\r\n\t<div class=\"w-form-row-field\">\r\n\t\t\t\t<textarea name=\"message\" id=\"us_form_1_message\" cols=\"30\" rows=\"10\" placeholder=\"Message *\"\r\n\t\t\t data-required=\"true\" aria-required=\"true\"><\/textarea>\r\n\t\t<span class=\"w-form-row-field-bar\"><\/span>\r\n\t\t\t<\/div>\r\n\t<div class=\"w-form-row-state\"><\/div>\r\n\t<\/div>\r\n\t\t\t\t\t<div class=\"w-form-row for_captcha required\">\r\n\t<div class=\"w-form-row-label\">\r\n\t\t<label for=\"us_form_1_captcha\">Just to prove you are a human, please solve the equation: <span>20 + 10 = ?<\/span><\/label>\r\n\t<\/div>\r\n\t<div class=\"w-form-row-field\">\r\n\t\t\t\t<input type=\"hidden\" name=\"captcha_hash\" value=\"346537f09c8d486c7f768e626bb2102b\" \/>\r\n\t\t<input type=\"text\" name=\"captcha\" id=\"us_form_1_captcha\" value=\"\"\r\n\t\t\t   data-required=\"1\" placeholder=\"\" aria-required=\"true\" \/>\r\n\t\t<span class=\"w-form-row-field-bar\"><\/span>\r\n\t\t\t<\/div>\r\n\t<div class=\"w-form-row-state\"><\/div>\r\n\t<\/div>\r\n\t\t\t\t\t<input type=\"hidden\" name=\"action\" value=\"us_ajax_cform\" \/>\r\n\t\t\t\t\t<input type=\"hidden\" name=\"post_id\" value=\"512\" \/>\r\n\t\t\t\t\t<input type=\"hidden\" name=\"form_index\" value=\"1\" \/>\r\n\t\t\t\t\t<div class=\"w-form-row for_submit\">\r\n\t<div class=\"w-form-row-field\">\r\n\t\t<button class=\"w-btn size_15px color_primary style_solid\" type=\"submit\"><span class=\"g-preloader type_1\"><\/span><span class=\"w-btn-label\">Send Message<\/span><\/button>\r\n\t<\/div>\r\n<\/div>\r\n\t\t\t\t<div class=\"w-form-message\"><\/div>\r\n\t\t\t<\/form>\r\n\t\t\t<div class=\"w-form-json hidden\" onclick='return {&quot;ajaxurl&quot;:&quot;https:\\\/\\\/shipnet.eu\\\/wp-admin\\\/admin-ajax.php&quot;,&quot;success&quot;:&quot;Thank you! Your message was sent.&quot;,&quot;errors&quot;:{&quot;name&quot;:&quot;Please enter your Name&quot;,&quot;email&quot;:&quot;Please enter your Email&quot;,&quot;phone&quot;:&quot;Please enter your Phone Number&quot;,&quot;message&quot;:&quot;Please enter a Message&quot;,&quot;captcha&quot;:&quot;Please enter the equation result&quot;}}'><\/div>\r\n\t<\/div>\r\n<\/div><\/div><\/div><div class=\"vc_col-sm-3 wpb_column vc_column_container\"><div class=\"vc_column-inner\"><div class=\"wpb_wrapper\">[vc_empty_space]<\/div><\/div><\/div><\/div><\/div><\/section><!-- Row Backgrounds --><div class=\"upb_color\" data-bg-override=\"0\" data-bg-color=\"#981e32\" data-fadeout=\"\" data-fadeout-percentage=\"30\" data-parallax-content=\"\" data-parallax-content-sense=\"30\" data-row-effect-mobile-disable=\"true\" data-img-parallax-mobile-disable=\"true\" data-rtl=\"false\"  data-custom-vc-row=\"\"  data-vc=\"5.0.1\"  data-is_old_vc=\"\"  data-theme-support=\"\"   data-overlay=\"false\" data-overlay-color=\"\" data-overlay-pattern=\"\" data-overlay-pattern-opacity=\"\" data-overlay-pattern-size=\"\"    ><\/div>\n","protected":false},"excerpt":{"rendered":"Long Range GSM at Sea [vc_empty_space height=\"42px\"] Extended coverage, Expanded possibilities. [vc_empty_space height=\"42px\"]HANSAEL Long Range GSM pied\u0101v\u0101 pla\u0161u GSM pakalpojumu kl\u0101stu, kas ir alternat\u012bva krasta satel\u012bta komunik\u0101cij\u0101m. Sp\u0113ja \u0101tri sa\u0146emt un izmantot \u0101trgaitas GSM pakalpojumus ikdien\u0101, no jebkuras vietas, ir rad\u012bjusi probl\u0113mu j\u016bras nozarei, ierobe\u017eojot j\u016bras piekrastes sasniedzam\u012bbu. Satel\u012btu sakarus var izmantot, ja GSM sign\u0101li...","protected":false},"author":1,"featured_media":0,"parent":492,"menu_order":0,"comment_status":"closed","ping_status":"closed","template":"","meta":[],"aioseo_notices":[],"_links":{"self":[{"href":"https:\/\/shipnet.eu\/lv\/wp-json\/wp\/v2\/pages\/512"}],"collection":[{"href":"https:\/\/shipnet.eu\/lv\/wp-json\/wp\/v2\/pages"}],"about":[{"href":"https:\/\/shipnet.eu\/lv\/wp-json\/wp\/v2\/types\/page"}],"author":[{"embeddable":true,"href":"https:\/\/shipnet.eu\/lv\/wp-json\/wp\/v2\/users\/1"}],"replies":[{"embeddable":true,"href":"https:\/\/shipnet.eu\/lv\/wp-json\/wp\/v2\/comments?post=512"}],"version-history":[{"count":13,"href":"https:\/\/shipnet.eu\/lv\/wp-json\/wp\/v2\/pages\/512\/revisions"}],"predecessor-version":[{"id":2039,"href":"https:\/\/shipnet.eu\/lv\/wp-json\/wp\/v2\/pages\/512\/revisions\/2039"}],"up":[{"embeddable":true,"href":"https:\/\/shipnet.eu\/lv\/wp-json\/wp\/v2\/pages\/492"}],"wp:attachment":[{"href":"https:\/\/shipnet.eu\/lv\/wp-json\/wp\/v2\/media?parent=512"}],"curies":[{"name":"wp","href":"https:\/\/api.w.org\/{rel}","templated":true}]}}