{"id":508,"date":"2017-02-12T23:10:21","date_gmt":"2017-02-12T23:10:21","guid":{"rendered":"http:\/\/hansael.eu\/?page_id=508&#038;lang=lv"},"modified":"2018-03-13T11:48:21","modified_gmt":"2018-03-13T11:48:21","slug":"flir-thermal-vision","status":"publish","type":"page","link":"https:\/\/shipnet.eu\/lv\/products\/flir-thermal-vision\/","title":{"rendered":"FLIR thermal vision"},"content":{"rendered":"<section class=\"l-section wpb_row height_auto width_full\"><div class=\"l-section-h i-cf\"><div class=\"g-cols type_small valign_top\"><div class=\"vc_col-sm-12 wpb_column vc_column_container\"><div class=\"vc_column-inner\"><div class=\"wpb_wrapper\"><div class=\"w-image\"><div class=\"us-frame\"><img width=\"2000\" height=\"336\" src=\"https:\/\/shipnet.eu\/wp-content\/uploads\/2016\/11\/1-1.jpg\" class=\"attachment-full size-full\" alt=\"\" loading=\"lazy\" srcset=\"https:\/\/shipnet.eu\/wp-content\/uploads\/2016\/11\/1-1.jpg 2000w, https:\/\/shipnet.eu\/wp-content\/uploads\/2016\/11\/1-1-300x50.jpg 300w, https:\/\/shipnet.eu\/wp-content\/uploads\/2016\/11\/1-1-768x129.jpg 768w, https:\/\/shipnet.eu\/wp-content\/uploads\/2016\/11\/1-1-1024x172.jpg 1024w, https:\/\/shipnet.eu\/wp-content\/uploads\/2016\/11\/1-1-600x101.jpg 600w\" sizes=\"(max-width: 2000px) 100vw, 2000px\" \/><\/div><\/div><\/div><\/div><\/div><\/div><\/div><\/section><section class=\"l-section wpb_row height_medium color_alternate\"><div class=\"l-section-h i-cf\"><div class=\"g-cols type_small valign_top\"><div class=\"vc_col-sm-12 wpb_column vc_column_container\"><div class=\"vc_column-inner\"><div class=\"wpb_wrapper\"><div class=\"wpb_text_column \"><div class=\"wpb_wrapper\">\n<h1 style=\"text-align: center;\">FLIR thermal vision<\/h1>\n<\/div> <\/div> <\/div><\/div><\/div><\/div><\/div><\/section><section class=\"l-section wpb_row height_small\" style=\"padding-right: 20px !important;padding-left: 20px !important;\"><div class=\"l-section-h i-cf\"><div class=\"g-cols type_default valign_top\"><div class=\"vc_col-sm-6 wpb_column vc_column_container has-fill\"><div class=\"vc_column-inner  vc_custom_1486161006089\"><div class=\"wpb_wrapper\">[vc_empty_space height=&#8221;42px&#8221;]<div class=\"wpb_text_column \"><div class=\"wpb_wrapper\">\n<h2 style=\"text-align: center;\"><span style=\"color: #ffffff;\">The World\u2019s Sixth Sense\u2026<\/span><\/h2>\n<\/div> <\/div> [vc_empty_space height=&#8221;42px&#8221;]<\/div><\/div><\/div><div class=\"vc_col-sm-6 wpb_column vc_column_container\"><div class=\"vc_column-inner\"><div class=\"wpb_wrapper\"><div class=\"wpb_text_column \"><div class=\"wpb_wrapper\"><strong>Hansael SIA ir FLIR vizu\u0101lo sist\u0113mu ofici\u0101lais izplat\u012bt\u0101js.<\/strong><\/p>\n<p>FLIR siltuma att\u0113lveido\u0161anas sist\u0113mas izmanto m\u016bsdien\u012bgu infrasarkano staru tehnolo\u0123iju, kas nosaka infrasarkano starojumu &#8211; vai siltumu &#8211; \u013caujot lietot\u0101jam redz\u0113t piln\u012bgu tumsu praktiski visos laika apst\u0101k\u013cos.<\/div> <\/div> <\/div><\/div><\/div><\/div><\/div><\/section><section class=\"l-section wpb_row height_small\" style=\"padding-right: 20px !important;padding-left: 20px !important;\"><div class=\"l-section-h i-cf\"><div class=\"g-cols type_default valign_top\"><div class=\"vc_col-sm-6 wpb_column vc_column_container\"><div class=\"vc_column-inner\"><div class=\"wpb_wrapper\"><div class=\"wpb_text_column \"><div class=\"wpb_wrapper\"><strong>Term\u0101l\u0101s kameras nodro\u0161ina:<\/strong><\/p>\n<ul>\n<li><strong>Dro\u0161\u012bba un dro\u0161\u012bba<\/strong> &#8211; siltuma att\u0113lveido\u0161anas darbs nakt\u012b un dien\u0101, kop\u0113j\u0101 tums\u0101 vai spilgti saules gaism\u0101, izmantojot d\u016bmus, putek\u013cus un pat gaismas miglu, lai saglab\u0101tu j\u016bsu dro\u0161\u012bbu pret apdraud\u0113jumiem un draudiem.<\/li>\n<li><strong>Sadursmes nov\u0113r\u0161ana<\/strong> &#8211; skatiet dabisko un cilv\u0113ka rad\u012bto apdraud\u0113jumu, piem\u0113ram, peldo\u0161os gru\u017eus, akme\u0146us, ledus, zemi, tiltu, abatmentus un citus ku\u0123us<\/li>\n<li><strong>Cilv\u0113ku atra\u0161ana virs ku\u0123a<\/strong> &#8211; siltuma nakts redze pal\u012bdz atrast cilv\u0113ku \u016bden\u012b \u0101tr\u0101k nek\u0101 jebkura cita nakts redzam\u012bbas tehnolo\u0123ija<\/li>\n<li><strong>Viegli lietot<\/strong> &#8211; FLIR kameras un siltuma video ir neticami intuit\u012bvs un viegli saprotams. Vienk\u0101r\u0161i tas, ko j\u016bs redzat, ir tas, ko j\u016bs sa\u0146emat.<\/li>\n<\/ul>\n<p><strong>M\u0113s v\u0113lamies jums pied\u0101v\u0101t \u0161\u0101das kameras:<\/strong><\/p>\n<ul>\n<li><strong>Ocean Scout<\/strong> &#8211; silt\u0101 nakts redzam\u012bbas kamera<\/li>\n<li><strong>LS-s\u0113rija<\/strong> &#8211; rokas siltuma nakts redzam\u012bba ties\u012bbaizsardz\u012bbas iest\u0101d\u0113m<\/li>\n<li><strong>BHM s\u0113rija<\/strong> &#8211; siltuma att\u0113lveido\u0161anas rokas ar main\u0101m\u0101m l\u0113c\u0101m un binokul\u0101ro redzi<\/li>\n<li><strong>MD s\u0113rija<\/strong> &#8211; kompakts, viegls, fiks\u0113t\u0101 mont\u0101\u017eas siltuma att\u0113lot\u0101js<\/li>\n<li><strong>M-s\u0113rija<\/strong> &#8211; panna un sl\u012bpums, viena un divu sensoru kameru sist\u0113ma ar pieejamu \u017eiroskopu stabiliz\u0101ciju<\/li>\n<li><strong>M400<\/strong> &#8211; augstas veiktsp\u0113jas, liela att\u0101luma, daudzu sensoru sist\u0113ma ar progres\u012bv\u0101m radara un video izseko\u0161anas iesp\u0113j\u0101m<\/li>\n<li><strong>MV\/MU-s\u0113rija<\/strong> &#8211; super ilgsto\u0161as, daudzu sensors sist\u0113mas ar siltuma, zemas gaismas un kr\u0101su kameru iesp\u0113jas<\/li>\n<\/ul>\n<\/div> <\/div> <\/div><\/div><\/div><div class=\"vc_col-sm-6 wpb_column vc_column_container\"><div class=\"vc_column-inner\"><div class=\"wpb_wrapper\"><div class=\"w-image\"><div class=\"us-frame\"><img width=\"1000\" height=\"1000\" src=\"https:\/\/shipnet.eu\/wp-content\/uploads\/2017\/01\/klll.png\" class=\"attachment-large size-large\" alt=\"\" loading=\"lazy\" srcset=\"https:\/\/shipnet.eu\/wp-content\/uploads\/2017\/01\/klll.png 1000w, https:\/\/shipnet.eu\/wp-content\/uploads\/2017\/01\/klll-150x150.png 150w, https:\/\/shipnet.eu\/wp-content\/uploads\/2017\/01\/klll-300x300.png 300w, https:\/\/shipnet.eu\/wp-content\/uploads\/2017\/01\/klll-768x768.png 768w, https:\/\/shipnet.eu\/wp-content\/uploads\/2017\/01\/klll-600x600.png 600w, https:\/\/shipnet.eu\/wp-content\/uploads\/2017\/01\/klll-350x350.png 350w\" sizes=\"(max-width: 1000px) 100vw, 1000px\" \/><\/div><\/div><\/div><\/div><\/div><\/div><\/div><\/section><section class=\"l-section wpb_row height_small\" style=\"padding-right: 20px !important;padding-left: 20px !important;\"><div class=\"l-section-h i-cf\"><div class=\"g-cols type_default valign_top\"><div class=\"vc_col-sm-6 wpb_column vc_column_container\"><div class=\"vc_column-inner\"><div class=\"wpb_wrapper\"><div class=\"w-slider\"><div class=\"us-frame\"><div class=\"royalSlider\"><div class=\"rsContent\"><a class=\"rsImg\" data-rsw=\"720\" data-rsh=\"576\" href=\"https:\/\/shipnet.eu\/wp-content\/uploads\/2017\/01\/DSC_12Dec13_074610.jpg\"><\/a><\/div><div class=\"rsContent\"><a class=\"rsImg\" data-rsw=\"946\" data-rsh=\"653\" href=\"https:\/\/shipnet.eu\/wp-content\/uploads\/2017\/01\/visions.jpg\"><\/a><\/div><div class=\"rsContent\"><a class=\"rsImg\" data-rsw=\"720\" data-rsh=\"576\" href=\"https:\/\/shipnet.eu\/wp-content\/uploads\/2017\/01\/DSC_12Dec13_074441.jpg\"><\/a><\/div><div class=\"rsContent\"><a class=\"rsImg\" data-rsw=\"410\" data-rsh=\"308\" href=\"https:\/\/shipnet.eu\/wp-content\/uploads\/2017\/01\/animals.jpg\"><\/a><\/div><\/div><img src=\"https:\/\/shipnet.eu\/wp-content\/uploads\/2017\/01\/DSC_12Dec13_074610.jpg\" alt=\"\"><\/div><div class=\"w-slider-json\" onclick='return {&quot;transitionSpeed&quot;:300,&quot;loopRewind&quot;:true,&quot;slidesSpacing&quot;:0,&quot;imageScalePadding&quot;:0,&quot;numImagesToPreload&quot;:2,&quot;arrowsNav&quot;:true,&quot;arrowsNavAutoHide&quot;:false,&quot;transitionType&quot;:&quot;move&quot;,&quot;block&quot;:{&quot;moveEffect&quot;:&quot;none&quot;,&quot;speed&quot;:300},&quot;controlNavigation&quot;:&quot;none&quot;,&quot;imageScaleMode&quot;:&quot;fit-if-smaller&quot;,&quot;autoScaleSlider&quot;:true,&quot;autoScaleSliderWidth&quot;:720,&quot;autoScaleSliderHeight&quot;:576,&quot;fitInViewport&quot;:false}'><\/div><\/div><\/div><\/div><\/div><div class=\"vc_col-sm-6 wpb_column vc_column_container\"><div class=\"vc_column-inner\"><div class=\"wpb_wrapper\"><div class=\"wpb_text_column \"><div class=\"wpb_wrapper\"><strong>FLIR kameru lieto\u0161anas galvenie priek\u0161roc\u012bbas:<\/strong><\/p>\n<ul>\n<li>Redzot kop\u0113j\u0101 tums\u0101 j\u016bras vid\u0113<\/li>\n<li>Vienk\u0101r\u0161i braucot naftas tankku\u0123os, izmantojot ledus \u016bde\u0146us<\/li>\n<li>Dro\u0161\u012bbas pas\u0101kumi br\u012bv\u0101 dab\u0101 un savva\u013cas dz\u012bvnieku nov\u0113ro\u0161ana<\/li>\n<\/ul>\n<p>Spilgt\u0101k\u0101 nakts laik\u0101 ir priek\u0161roc\u012bba ne tikai j\u016bras industrijai, bet ar\u012b katram dabas p\u0113tniekam un \u0101ra entuziastiem. Kompakts, viegls FLIR siltuma att\u0113lveido\u0161anas kameras nodro\u0161ina skaidru, krauk\u0161\u0137\u012bgu termisko att\u0113lu no r\u012btausmas l\u012bdz kr\u0113slam un nakts laik\u0101.<\/div> <\/div> <\/div><\/div><\/div><\/div><\/div><\/section><section class=\"l-section wpb_row height_medium\"><div class=\"l-section-h i-cf\"><div class=\"g-cols type_small valign_top\"><\/div><\/div><\/section><section class=\"l-section wpb_row height_medium\"><div class=\"l-section-h i-cf\"><div class=\"g-cols type_small valign_top\"><div class=\"vc_col-sm-3 wpb_column vc_column_container\"><div class=\"vc_column-inner\"><div class=\"wpb_wrapper\">[vc_empty_space]<\/div><\/div><\/div><div class=\"vc_col-sm-6 wpb_column vc_column_container\"><div class=\"vc_column-inner\"><div class=\"wpb_wrapper\"><div class=\"wpb_text_column \"><div class=\"wpb_wrapper\">\n<h2><span style=\"color: #ffffff;\">Contact us:<\/span><\/h2>\n<\/div> <\/div> <div class=\"w-form for_cform align_left\" id=\"us_form_1\">\r\n\t<form class=\"w-form-h\" autocomplete=\"off\" action=\"https:\/\/shipnet.eu\/lv\/wp-json\/wp\/v2\/pages\/508\" method=\"post\">\r\n\t\t\t\t\t\t\t<div class=\"w-form-row for_name required\">\r\n\t<div class=\"w-form-row-label\">\r\n\t\t<label for=\"us_form_1_name\"><\/label>\r\n\t<\/div>\r\n\t<div class=\"w-form-row-field\">\r\n\t\t\t\t<input type=\"text\" name=\"name\" id=\"us_form_1_name\" value=\"\"\r\n\t\t\t   placeholder=\"Name *\" data-required=\"true\" aria-required=\"true\"\/>\r\n\t\t<span class=\"w-form-row-field-bar\"><\/span>\r\n\t\t\t<\/div>\r\n\t<div class=\"w-form-row-state\"><\/div>\r\n\t<\/div>\r\n\t\t\t\t\t<div class=\"w-form-row for_email required\">\r\n\t<div class=\"w-form-row-label\">\r\n\t\t<label for=\"us_form_1_email\"><\/label>\r\n\t<\/div>\r\n\t<div class=\"w-form-row-field\">\r\n\t\t\t\t<input type=\"email\" name=\"email\" id=\"us_form_1_email\" value=\"\"\r\n\t\t\t   placeholder=\"Email *\" data-required=\"true\" aria-required=\"true\"\/>\r\n\t\t<span class=\"w-form-row-field-bar\"><\/span>\r\n\t\t\t<\/div>\r\n\t<div class=\"w-form-row-state\"><\/div>\r\n\t<\/div>\r\n\t\t\t\t\t<div class=\"w-form-row for_phone required\">\r\n\t<div class=\"w-form-row-label\">\r\n\t\t<label for=\"us_form_1_phone\"><\/label>\r\n\t<\/div>\r\n\t<div class=\"w-form-row-field\">\r\n\t\t\t\t<input type=\"text\" name=\"phone\" id=\"us_form_1_phone\" value=\"\"\r\n\t\t\t   placeholder=\"Phone Number *\" data-required=\"true\" aria-required=\"true\"\/>\r\n\t\t<span class=\"w-form-row-field-bar\"><\/span>\r\n\t\t\t<\/div>\r\n\t<div class=\"w-form-row-state\"><\/div>\r\n\t<\/div>\r\n\t\t\t\t\t<div class=\"w-form-row for_message required\">\r\n\t<div class=\"w-form-row-label\">\r\n\t\t<label for=\"us_form_1_message\"><\/label>\r\n\t<\/div>\r\n\t<div class=\"w-form-row-field\">\r\n\t\t\t\t<textarea name=\"message\" id=\"us_form_1_message\" cols=\"30\" rows=\"10\" placeholder=\"Message *\"\r\n\t\t\t data-required=\"true\" aria-required=\"true\"><\/textarea>\r\n\t\t<span class=\"w-form-row-field-bar\"><\/span>\r\n\t\t\t<\/div>\r\n\t<div class=\"w-form-row-state\"><\/div>\r\n\t<\/div>\r\n\t\t\t\t\t<div class=\"w-form-row for_captcha required\">\r\n\t<div class=\"w-form-row-label\">\r\n\t\t<label for=\"us_form_1_captcha\">Just to prove you are a human, please solve the equation: <span>29 - 15 = ?<\/span><\/label>\r\n\t<\/div>\r\n\t<div class=\"w-form-row-field\">\r\n\t\t\t\t<input type=\"hidden\" name=\"captcha_hash\" value=\"8fb0f08873bd50af3af6b36b1f663eeb\" \/>\r\n\t\t<input type=\"text\" name=\"captcha\" id=\"us_form_1_captcha\" value=\"\"\r\n\t\t\t   data-required=\"1\" placeholder=\"\" aria-required=\"true\" \/>\r\n\t\t<span class=\"w-form-row-field-bar\"><\/span>\r\n\t\t\t<\/div>\r\n\t<div class=\"w-form-row-state\"><\/div>\r\n\t<\/div>\r\n\t\t\t\t\t<input type=\"hidden\" name=\"action\" value=\"us_ajax_cform\" \/>\r\n\t\t\t\t\t<input type=\"hidden\" name=\"post_id\" value=\"508\" \/>\r\n\t\t\t\t\t<input type=\"hidden\" name=\"form_index\" value=\"1\" \/>\r\n\t\t\t\t\t<div class=\"w-form-row for_submit\">\r\n\t<div class=\"w-form-row-field\">\r\n\t\t<button class=\"w-btn size_15px color_primary style_solid\" type=\"submit\"><span class=\"g-preloader type_1\"><\/span><span class=\"w-btn-label\">Send Message<\/span><\/button>\r\n\t<\/div>\r\n<\/div>\r\n\t\t\t\t<div class=\"w-form-message\"><\/div>\r\n\t\t\t<\/form>\r\n\t\t\t<div class=\"w-form-json hidden\" onclick='return {&quot;ajaxurl&quot;:&quot;https:\\\/\\\/shipnet.eu\\\/wp-admin\\\/admin-ajax.php&quot;,&quot;success&quot;:&quot;Thank you! Your message was sent.&quot;,&quot;errors&quot;:{&quot;name&quot;:&quot;Please enter your Name&quot;,&quot;email&quot;:&quot;Please enter your Email&quot;,&quot;phone&quot;:&quot;Please enter your Phone Number&quot;,&quot;message&quot;:&quot;Please enter a Message&quot;,&quot;captcha&quot;:&quot;Please enter the equation result&quot;}}'><\/div>\r\n\t<\/div>\r\n<\/div><\/div><\/div><div class=\"vc_col-sm-3 wpb_column vc_column_container\"><div class=\"vc_column-inner\"><div class=\"wpb_wrapper\">[vc_empty_space]<\/div><\/div><\/div><\/div><\/div><\/section><!-- Row Backgrounds --><div class=\"upb_color\" data-bg-override=\"0\" data-bg-color=\"#981e32\" data-fadeout=\"\" data-fadeout-percentage=\"30\" data-parallax-content=\"\" data-parallax-content-sense=\"30\" data-row-effect-mobile-disable=\"true\" data-img-parallax-mobile-disable=\"true\" data-rtl=\"false\"  data-custom-vc-row=\"\"  data-vc=\"5.0.1\"  data-is_old_vc=\"\"  data-theme-support=\"\"   data-overlay=\"false\" data-overlay-color=\"\" data-overlay-pattern=\"\" data-overlay-pattern-opacity=\"\" data-overlay-pattern-size=\"\"    ><\/div>\n","protected":false},"excerpt":{"rendered":"FLIR thermal vision [vc_empty_space height=\"42px\"] The World\u2019s Sixth Sense\u2026 [vc_empty_space height=\"42px\"]Hansael SIA ir FLIR vizu\u0101lo sist\u0113mu ofici\u0101lais izplat\u012bt\u0101js. FLIR siltuma att\u0113lveido\u0161anas sist\u0113mas izmanto m\u016bsdien\u012bgu infrasarkano staru tehnolo\u0123iju, kas nosaka infrasarkano starojumu - vai siltumu - \u013caujot lietot\u0101jam redz\u0113t piln\u012bgu tumsu praktiski visos laika apst\u0101k\u013cos. Term\u0101l\u0101s kameras nodro\u0161ina: Dro\u0161\u012bba un dro\u0161\u012bba - siltuma att\u0113lveido\u0161anas darbs nakt\u012b...","protected":false},"author":1,"featured_media":0,"parent":492,"menu_order":0,"comment_status":"closed","ping_status":"closed","template":"","meta":[],"aioseo_notices":[],"_links":{"self":[{"href":"https:\/\/shipnet.eu\/lv\/wp-json\/wp\/v2\/pages\/508"}],"collection":[{"href":"https:\/\/shipnet.eu\/lv\/wp-json\/wp\/v2\/pages"}],"about":[{"href":"https:\/\/shipnet.eu\/lv\/wp-json\/wp\/v2\/types\/page"}],"author":[{"embeddable":true,"href":"https:\/\/shipnet.eu\/lv\/wp-json\/wp\/v2\/users\/1"}],"replies":[{"embeddable":true,"href":"https:\/\/shipnet.eu\/lv\/wp-json\/wp\/v2\/comments?post=508"}],"version-history":[{"count":5,"href":"https:\/\/shipnet.eu\/lv\/wp-json\/wp\/v2\/pages\/508\/revisions"}],"predecessor-version":[{"id":2040,"href":"https:\/\/shipnet.eu\/lv\/wp-json\/wp\/v2\/pages\/508\/revisions\/2040"}],"up":[{"embeddable":true,"href":"https:\/\/shipnet.eu\/lv\/wp-json\/wp\/v2\/pages\/492"}],"wp:attachment":[{"href":"https:\/\/shipnet.eu\/lv\/wp-json\/wp\/v2\/media?parent=508"}],"curies":[{"name":"wp","href":"https:\/\/api.w.org\/{rel}","templated":true}]}}