{"id":500,"date":"2017-02-12T23:08:00","date_gmt":"2017-02-12T23:08:00","guid":{"rendered":"http:\/\/hansael.eu\/?page_id=500&#038;lang=lv"},"modified":"2018-03-13T11:04:42","modified_gmt":"2018-03-13T11:04:42","slug":"e-charts-and-publications","status":"publish","type":"page","link":"https:\/\/shipnet.eu\/lv\/products\/e-charts-and-publications\/","title":{"rendered":"E-Charts and publications"},"content":{"rendered":"<section class=\"l-section wpb_row height_auto width_full\"><div class=\"l-section-h i-cf\"><div class=\"g-cols type_small valign_top\"><div class=\"vc_col-sm-12 wpb_column vc_column_container\"><div class=\"vc_column-inner\"><div class=\"wpb_wrapper\"><div class=\"w-image\"><div class=\"us-frame\"><img width=\"2000\" height=\"336\" src=\"https:\/\/shipnet.eu\/wp-content\/uploads\/2016\/11\/1-1.jpg\" class=\"attachment-full size-full\" alt=\"\" loading=\"lazy\" srcset=\"https:\/\/shipnet.eu\/wp-content\/uploads\/2016\/11\/1-1.jpg 2000w, https:\/\/shipnet.eu\/wp-content\/uploads\/2016\/11\/1-1-300x50.jpg 300w, https:\/\/shipnet.eu\/wp-content\/uploads\/2016\/11\/1-1-768x129.jpg 768w, https:\/\/shipnet.eu\/wp-content\/uploads\/2016\/11\/1-1-1024x172.jpg 1024w, https:\/\/shipnet.eu\/wp-content\/uploads\/2016\/11\/1-1-600x101.jpg 600w\" sizes=\"(max-width: 2000px) 100vw, 2000px\" \/><\/div><\/div><\/div><\/div><\/div><\/div><\/div><\/section><section class=\"l-section wpb_row height_medium color_alternate\"><div class=\"l-section-h i-cf\"><div class=\"g-cols type_small valign_top\"><div class=\"vc_col-sm-12 wpb_column vc_column_container\"><div class=\"vc_column-inner\"><div class=\"wpb_wrapper\"><div class=\"wpb_text_column \"><div class=\"wpb_wrapper\">\n<h1 style=\"text-align: center;\">E-Charts and publications<\/h1>\n<\/div> <\/div> <\/div><\/div><\/div><\/div><\/div><\/section><section class=\"l-section wpb_row height_small\" style=\"padding-right: 20px !important;padding-left: 20px !important;\"><div class=\"l-section-h i-cf\"><div class=\"g-cols type_default valign_top\"><div class=\"vc_col-sm-6 wpb_column vc_column_container has-fill\"><div class=\"vc_column-inner  vc_custom_1486161006089\"><div class=\"wpb_wrapper\">[vc_empty_space height=&#8221;42px&#8221;]<div class=\"wpb_text_column \"><div class=\"wpb_wrapper\">\n<h2 style=\"text-align: center;\"><span style=\"color: #ffffff;\">First time come first time fix&#8230;<\/span><\/h2>\n<\/div> <\/div> [vc_empty_space height=&#8221;42px&#8221;]<\/div><\/div><\/div><div class=\"vc_col-sm-6 wpb_column vc_column_container\"><div class=\"vc_column-inner\"><div class=\"wpb_wrapper\"><div class=\"wpb_text_column \"><div class=\"wpb_wrapper\"><p>Moderno e-navig\u0101cijas tehnolo\u0123iju nodro\u0161in\u0101\u0161ana <strong>HANSAEL<\/strong> vienk\u0101r\u0161o uzdevumus, palielina efektivit\u0101ti un uzlabo darb\u012bbu, lai padar\u012btu dz\u012bvi vienk\u0101r\u0161\u0101ku, dro\u0161\u0101ku un efekt\u012bv\u0101ku navigatoriem un ku\u0123u \u012bpa\u0161niekiem. M\u016bsu komp\u0101nija pied\u0101v\u0101 ne tikai <strong>ENC<\/strong> diagrammas pakalpojumus, bet ar\u012b Weather and Piracy Information Services, e-NP, ADP un Digital Publications, ko pied\u0101v\u0101 <strong>UKHO, IMO Digital Publications,<\/strong> kas \u013cauj beidzot sa\u0146emt piln\u012bgi bezpap\u012bra navig\u0101ciju uz ku\u0123a.<\/p><\/div> <\/div> <\/div><\/div><\/div><\/div><\/div><\/section><section class=\"l-section wpb_row height_small\" style=\"padding-right: 20px !important;padding-left: 20px !important;\"><div class=\"l-section-h i-cf\"><div class=\"g-cols type_default valign_top\"><div class=\"vc_col-sm-6 wpb_column vc_column_container\"><div class=\"vc_column-inner\"><div class=\"wpb_wrapper\"><div class=\"wpb_text_column \"><div class=\"wpb_wrapper\"><strong>e-navig\u0101cijas risin\u0101jumi.<\/strong><\/p>\n<p>Izmantojot jaun\u0101k\u0101s e-navig\u0101cijas tehnolo\u0123ijas, HANSAEL vienk\u0101r\u0161o uzdevumus, palielina efektivit\u0101ti un uzlabo darb\u012bbas, lai padar\u012btu dz\u012bvi viegl\u0101kus, dro\u0161\u0101kus un efekt\u012bv\u0101kus navigatoriem un ku\u0123u \u012bpa\u0161niekiem, kuri nodro\u0161ina \u0161\u0101dus ENC kar\u0161u abonementus no AVCS, CMAP vai PRIMAR:<\/p>\n<ul>\n<li><strong>Tie\u0161a licenc\u0113\u0161ana.<\/strong> Klasisks abon\u0113\u0161anas veids, un tas ir balst\u012bts uz standarta ENC licenc\u0113\u0161anas modeli, ko s\u0101kotn\u0113ji uzs\u0101ka HO un RENCs. Licences var piem\u0113rot jebkur\u0101 3, 6 vai 12 m\u0113ne\u0161u ilg\u0101 kombin\u0101cij\u0101. 12 m\u0113ne\u0161u variants ir visrentabl\u0101kais ku\u0123im, kas ku\u0123o pa statiskajiem \/ l\u012bnijas mar\u0161rutiem bez novirz\u0113m.<\/li>\n<li><strong>PAYS<\/strong> vai PayAsYouSail. Risin\u0101jums, kas \u013cauj \u0113rti pl\u0101not mar\u0161rutus ECDIS, nodro\u0161inot bezmaksas piek\u013cuvi visai ENC datu b\u0101zei. T\u0101d\u0101 veid\u0101 j\u016bs varat iev\u0113rot ECDIS mand\u0101tu, maks\u0101jot tikai par diagramm\u0101m, kuras ku\u0123is ir fiziski iztur\u0113jis. PAYS ir lieliska iesp\u0113ja ku\u0123iem, kuri nep\u0101rvieto noteiktos mar\u0161rutus, jo j\u016bs jebkur\u0101 br\u012bd\u012b varat pl\u0101not un izbraukt ar jaunu mar\u0161rutu. Apkalpes loceklis veic dro\u0161u navig\u0101ciju un nep\u0101rvieto navig\u0101cijas tiltu, lai sa\u0146emtu jaunu at\u013cauju \/ licenci ENC kart\u012btes pieg\u0101d\u0101t\u0101jam.<\/li>\n<li><strong>FlatFee<\/strong> M\u016bsu FlatFee risin\u0101jums nodro\u0161ina ku\u0123iem piek\u013cuvi glob\u0101lajiem ENC. J\u016bsu ku\u0123iem b\u016bs nepiecie\u0161ams ENC, lai tie atbilstu ECDIS mand\u0101ta pras\u012bb\u0101m, neradot daudz papildu darbu. Abonements ir licenc\u0113ts un r\u0113\u0137ins tiek izrakst\u012bts reizi gad\u0101, kas samazina dokumentu skaitu un pal\u012bdz pl\u0101not ku\u0123a bud\u017eetu E-navig\u0101cijai daudz viegl\u0101k. Ku\u0123is var abon\u0113t pasauli vai atsevi\u0161\u0137as zonas. HANSAEL FlatFee klientiem pied\u0101v\u0101 vienk\u0101r\u0161u, efekt\u012bvu un izmaksu prognoz\u0113\u0161anas risin\u0101jumu ENC licenc\u0113\u0161anai.<\/li>\n<\/ul>\n<\/div> <\/div> <\/div><\/div><\/div><div class=\"vc_col-sm-6 wpb_column vc_column_container\"><div class=\"vc_column-inner\"><div class=\"wpb_wrapper\"><div class=\"w-slider\"><div class=\"us-frame\"><div class=\"royalSlider\"><div class=\"rsContent\"><a class=\"rsImg\" data-rsw=\"682\" data-rsh=\"496\" href=\"https:\/\/shipnet.eu\/wp-content\/uploads\/2017\/01\/NavTracker7.jpg\"><\/a><\/div><div class=\"rsContent\"><a class=\"rsImg\" data-rsw=\"544\" data-rsh=\"538\" href=\"https:\/\/shipnet.eu\/wp-content\/uploads\/2017\/01\/NavTracker6.jpg\"><\/a><\/div><div class=\"rsContent\"><a class=\"rsImg\" data-rsw=\"757\" data-rsh=\"702\" href=\"https:\/\/shipnet.eu\/wp-content\/uploads\/2017\/01\/NavTracker5.jpg\"><\/a><\/div><div class=\"rsContent\"><a class=\"rsImg\" data-rsw=\"736\" data-rsh=\"344\" href=\"https:\/\/shipnet.eu\/wp-content\/uploads\/2017\/01\/NavTracker4.jpg\"><\/a><\/div><div class=\"rsContent\"><a class=\"rsImg\" data-rsw=\"969\" data-rsh=\"546\" href=\"https:\/\/shipnet.eu\/wp-content\/uploads\/2017\/01\/NavTracker2.jpg\"><\/a><\/div><div class=\"rsContent\"><a class=\"rsImg\" data-rsw=\"945\" data-rsh=\"663\" href=\"https:\/\/shipnet.eu\/wp-content\/uploads\/2017\/01\/NavTracker1.jpg\"><\/a><\/div><div class=\"rsContent\"><a class=\"rsImg\" data-rsw=\"562\" data-rsh=\"343\" href=\"https:\/\/shipnet.eu\/wp-content\/uploads\/2017\/01\/NavTracker-1.jpg\"><\/a><\/div><div class=\"rsContent\"><a class=\"rsImg\" data-rsw=\"732\" data-rsh=\"411\" href=\"https:\/\/shipnet.eu\/wp-content\/uploads\/2017\/01\/NavTracker.jpg\"><\/a><\/div><\/div><img src=\"https:\/\/shipnet.eu\/wp-content\/uploads\/2017\/01\/NavTracker7.jpg\" alt=\"\"><\/div><div class=\"w-slider-json\" onclick='return {&quot;transitionSpeed&quot;:300,&quot;loopRewind&quot;:true,&quot;slidesSpacing&quot;:0,&quot;imageScalePadding&quot;:0,&quot;numImagesToPreload&quot;:2,&quot;arrowsNav&quot;:true,&quot;arrowsNavAutoHide&quot;:false,&quot;transitionType&quot;:&quot;move&quot;,&quot;block&quot;:{&quot;moveEffect&quot;:&quot;none&quot;,&quot;speed&quot;:300},&quot;controlNavigation&quot;:&quot;none&quot;,&quot;imageScaleMode&quot;:&quot;fit-if-smaller&quot;,&quot;autoScaleSlider&quot;:true,&quot;autoScaleSliderWidth&quot;:682,&quot;autoScaleSliderHeight&quot;:496,&quot;fitInViewport&quot;:false}'><\/div><\/div><\/div><\/div><\/div><\/div><\/div><\/section><section class=\"l-section wpb_row height_small\" style=\"padding-right: 20px !important;padding-left: 20px !important;\"><div class=\"l-section-h i-cf\"><div class=\"g-cols type_default valign_top\"><div class=\"vc_col-sm-6 wpb_column vc_column_container\"><div class=\"vc_column-inner\"><div class=\"wpb_wrapper\"><div class=\"w-image\"><div class=\"us-frame\"><img width=\"1024\" height=\"574\" src=\"https:\/\/shipnet.eu\/wp-content\/uploads\/2018\/02\/Hqhx5Tc5zw0-1024x574.jpg\" class=\"attachment-large size-large\" alt=\"\" loading=\"lazy\" srcset=\"https:\/\/shipnet.eu\/wp-content\/uploads\/2018\/02\/Hqhx5Tc5zw0-1024x574.jpg 1024w, https:\/\/shipnet.eu\/wp-content\/uploads\/2018\/02\/Hqhx5Tc5zw0-300x168.jpg 300w, https:\/\/shipnet.eu\/wp-content\/uploads\/2018\/02\/Hqhx5Tc5zw0-768x430.jpg 768w, https:\/\/shipnet.eu\/wp-content\/uploads\/2018\/02\/Hqhx5Tc5zw0-600x336.jpg 600w, https:\/\/shipnet.eu\/wp-content\/uploads\/2018\/02\/Hqhx5Tc5zw0.jpg 1280w\" sizes=\"(max-width: 1024px) 100vw, 1024px\" \/><\/div><\/div><\/div><\/div><\/div><div class=\"vc_col-sm-6 wpb_column vc_column_container\"><div class=\"vc_column-inner\"><div class=\"wpb_wrapper\"><div class=\"wpb_text_column \"><div class=\"wpb_wrapper\"><strong>HANSAEL e-navig\u0101cijas priek\u0161roc\u012bbas:<\/strong><\/p>\n<ul>\n<li><strong>AVCS, CMAP vai PRIMAR<\/strong> dati uz ku\u0123a tiek pieg\u0101d\u0101ti k\u0101 \u013coti saspiesti dati, izmantojot FBB \/ VSAT \/ IOP \/ GSM uc savienojumu. Kompresijas veids, ko m\u0113s izmantojam, \u013cauj ku\u0123im b\u016btiski samazin\u0101t laika pavad\u012b\u0161anas izdevumus un uztur\u0113t ENC kartes jaun\u0101ko 24\/7\/365.<\/li>\n<li>Paldies m\u016bsdien\u012bgam kompresijas veidam, vairs nav nepiecie\u0161ami atjaunin\u0101jumi uz pamata CD \/ DVD vai citiem. Visi tiek pieg\u0101d\u0101ti kl\u0101tien\u0113 pa gaisu. Parastais ikned\u0113\u013cas atjaunin\u0101jums ir 10-20 MB, ieskaitot jaunas ENC diagrammas, ja t\u0101das ir, ENC diagrammas atjaunin\u0101jumi, NtM uc<\/li>\n<li><strong>24\/7\/365 atbalsta l\u012bnija apkalp\u0113m.<\/strong><\/li>\n<li>Izmantojot m\u016bsu atjaunin\u0101jumu pieg\u0101des veidu uz ku\u0123a, ikned\u0113\u013cas atjaunin\u0101jumi tiek autom\u0101tiski nos\u016bt\u012bti uz ku\u0123a kop\u0101 ar pazi\u0146ojumu e-pastu ku\u0123a \/ \u012bpa\u0161niekam \/ p\u0101rvaldniekam, kad atjaunin\u0101jums ir pabeigts.<\/li>\n<li>Piln\u012bga kontrole p\u0101r jebkuru ku\u0123a kust\u012bbu, tostarp atra\u0161an\u0101s vietu, \u0101trumu, virsrakstu, AIS m\u0113r\u0137us, laika progno\u017eu datus un ENC izmanto\u0161anu, izmantojot att\u0101lo WEB-lietojumprogrammu no Office Home PC vai viedt\u0101lrunis.<\/li>\n<li><strong>Biroja TV.<\/strong> Programmat\u016bras r\u012bks, kas par\u0101da j\u016bsu uz\u0146\u0113muma flotes datus un poz\u012bcijas lielaj\u0101 ekr\u0101n\u0101.<\/li>\n<\/ul>\n<\/div> <\/div> <\/div><\/div><\/div><\/div><\/div><\/section><section class=\"l-section wpb_row height_medium\"><div class=\"l-section-h i-cf\"><div class=\"g-cols type_small valign_top\"><\/div><\/div><\/section><section class=\"l-section wpb_row height_medium\"><div class=\"l-section-h i-cf\"><div class=\"g-cols type_small valign_top\"><div class=\"vc_col-sm-3 wpb_column vc_column_container\"><div class=\"vc_column-inner\"><div class=\"wpb_wrapper\">[vc_empty_space]<\/div><\/div><\/div><div class=\"vc_col-sm-6 wpb_column vc_column_container\"><div class=\"vc_column-inner\"><div class=\"wpb_wrapper\"><div class=\"wpb_text_column \"><div class=\"wpb_wrapper\">\n<h2><span style=\"color: #ffffff;\">Contact us:<\/span><\/h2>\n<\/div> <\/div> <div class=\"w-form for_cform align_left\" id=\"us_form_1\">\r\n\t<form class=\"w-form-h\" autocomplete=\"off\" action=\"https:\/\/shipnet.eu\/lv\/wp-json\/wp\/v2\/pages\/500\" method=\"post\">\r\n\t\t\t\t\t\t\t<div class=\"w-form-row for_name required\">\r\n\t<div class=\"w-form-row-label\">\r\n\t\t<label for=\"us_form_1_name\"><\/label>\r\n\t<\/div>\r\n\t<div class=\"w-form-row-field\">\r\n\t\t\t\t<input type=\"text\" name=\"name\" id=\"us_form_1_name\" value=\"\"\r\n\t\t\t   placeholder=\"Name *\" data-required=\"true\" aria-required=\"true\"\/>\r\n\t\t<span class=\"w-form-row-field-bar\"><\/span>\r\n\t\t\t<\/div>\r\n\t<div class=\"w-form-row-state\"><\/div>\r\n\t<\/div>\r\n\t\t\t\t\t<div class=\"w-form-row for_email required\">\r\n\t<div class=\"w-form-row-label\">\r\n\t\t<label for=\"us_form_1_email\"><\/label>\r\n\t<\/div>\r\n\t<div class=\"w-form-row-field\">\r\n\t\t\t\t<input type=\"email\" name=\"email\" id=\"us_form_1_email\" value=\"\"\r\n\t\t\t   placeholder=\"Email *\" data-required=\"true\" aria-required=\"true\"\/>\r\n\t\t<span class=\"w-form-row-field-bar\"><\/span>\r\n\t\t\t<\/div>\r\n\t<div class=\"w-form-row-state\"><\/div>\r\n\t<\/div>\r\n\t\t\t\t\t<div class=\"w-form-row for_phone required\">\r\n\t<div class=\"w-form-row-label\">\r\n\t\t<label for=\"us_form_1_phone\"><\/label>\r\n\t<\/div>\r\n\t<div class=\"w-form-row-field\">\r\n\t\t\t\t<input type=\"text\" name=\"phone\" id=\"us_form_1_phone\" value=\"\"\r\n\t\t\t   placeholder=\"Phone Number *\" data-required=\"true\" aria-required=\"true\"\/>\r\n\t\t<span class=\"w-form-row-field-bar\"><\/span>\r\n\t\t\t<\/div>\r\n\t<div class=\"w-form-row-state\"><\/div>\r\n\t<\/div>\r\n\t\t\t\t\t<div class=\"w-form-row for_message required\">\r\n\t<div class=\"w-form-row-label\">\r\n\t\t<label for=\"us_form_1_message\"><\/label>\r\n\t<\/div>\r\n\t<div class=\"w-form-row-field\">\r\n\t\t\t\t<textarea name=\"message\" id=\"us_form_1_message\" cols=\"30\" rows=\"10\" placeholder=\"Message *\"\r\n\t\t\t data-required=\"true\" aria-required=\"true\"><\/textarea>\r\n\t\t<span class=\"w-form-row-field-bar\"><\/span>\r\n\t\t\t<\/div>\r\n\t<div class=\"w-form-row-state\"><\/div>\r\n\t<\/div>\r\n\t\t\t\t\t<div class=\"w-form-row for_captcha required\">\r\n\t<div class=\"w-form-row-label\">\r\n\t\t<label for=\"us_form_1_captcha\">Just to prove you are a human, please solve the equation: <span>17 + 11 = ?<\/span><\/label>\r\n\t<\/div>\r\n\t<div class=\"w-form-row-field\">\r\n\t\t\t\t<input type=\"hidden\" name=\"captcha_hash\" value=\"b20753ffc6a9d4ddd5097f3eba2d346b\" \/>\r\n\t\t<input type=\"text\" name=\"captcha\" id=\"us_form_1_captcha\" value=\"\"\r\n\t\t\t   data-required=\"1\" placeholder=\"\" aria-required=\"true\" \/>\r\n\t\t<span class=\"w-form-row-field-bar\"><\/span>\r\n\t\t\t<\/div>\r\n\t<div class=\"w-form-row-state\"><\/div>\r\n\t<\/div>\r\n\t\t\t\t\t<input type=\"hidden\" name=\"action\" value=\"us_ajax_cform\" \/>\r\n\t\t\t\t\t<input type=\"hidden\" name=\"post_id\" value=\"500\" \/>\r\n\t\t\t\t\t<input type=\"hidden\" name=\"form_index\" value=\"1\" \/>\r\n\t\t\t\t\t<div class=\"w-form-row for_submit\">\r\n\t<div class=\"w-form-row-field\">\r\n\t\t<button class=\"w-btn size_15px color_primary style_solid\" type=\"submit\"><span class=\"g-preloader type_1\"><\/span><span class=\"w-btn-label\">Send Message<\/span><\/button>\r\n\t<\/div>\r\n<\/div>\r\n\t\t\t\t<div class=\"w-form-message\"><\/div>\r\n\t\t\t<\/form>\r\n\t\t\t<div class=\"w-form-json hidden\" onclick='return {&quot;ajaxurl&quot;:&quot;https:\\\/\\\/shipnet.eu\\\/wp-admin\\\/admin-ajax.php&quot;,&quot;success&quot;:&quot;Thank you! Your message was sent.&quot;,&quot;errors&quot;:{&quot;name&quot;:&quot;Please enter your Name&quot;,&quot;email&quot;:&quot;Please enter your Email&quot;,&quot;phone&quot;:&quot;Please enter your Phone Number&quot;,&quot;message&quot;:&quot;Please enter a Message&quot;,&quot;captcha&quot;:&quot;Please enter the equation result&quot;}}'><\/div>\r\n\t<\/div>\r\n<\/div><\/div><\/div><div class=\"vc_col-sm-3 wpb_column vc_column_container\"><div class=\"vc_column-inner\"><div class=\"wpb_wrapper\">[vc_empty_space]<\/div><\/div><\/div><\/div><\/div><\/section><!-- Row Backgrounds --><div class=\"upb_color\" data-bg-override=\"0\" data-bg-color=\"#981e32\" data-fadeout=\"\" data-fadeout-percentage=\"30\" data-parallax-content=\"\" data-parallax-content-sense=\"30\" data-row-effect-mobile-disable=\"true\" data-img-parallax-mobile-disable=\"true\" data-rtl=\"false\"  data-custom-vc-row=\"\"  data-vc=\"5.0.1\"  data-is_old_vc=\"\"  data-theme-support=\"\"   data-overlay=\"false\" data-overlay-color=\"\" data-overlay-pattern=\"\" data-overlay-pattern-opacity=\"\" data-overlay-pattern-size=\"\"    ><\/div>\n","protected":false},"excerpt":{"rendered":"E-Charts and publications [vc_empty_space height=\"42px\"] First time come first time fix... [vc_empty_space height=\"42px\"]Moderno e-navig\u0101cijas tehnolo\u0123iju nodro\u0161in\u0101\u0161ana HANSAEL vienk\u0101r\u0161o uzdevumus, palielina efektivit\u0101ti un uzlabo darb\u012bbu, lai padar\u012btu dz\u012bvi vienk\u0101r\u0161\u0101ku, dro\u0161\u0101ku un efekt\u012bv\u0101ku navigatoriem un ku\u0123u \u012bpa\u0161niekiem. M\u016bsu komp\u0101nija pied\u0101v\u0101 ne tikai ENC diagrammas pakalpojumus, bet ar\u012b Weather and Piracy Information Services, e-NP, ADP un Digital Publications,...","protected":false},"author":1,"featured_media":0,"parent":492,"menu_order":0,"comment_status":"closed","ping_status":"closed","template":"","meta":[],"aioseo_notices":[],"_links":{"self":[{"href":"https:\/\/shipnet.eu\/lv\/wp-json\/wp\/v2\/pages\/500"}],"collection":[{"href":"https:\/\/shipnet.eu\/lv\/wp-json\/wp\/v2\/pages"}],"about":[{"href":"https:\/\/shipnet.eu\/lv\/wp-json\/wp\/v2\/types\/page"}],"author":[{"embeddable":true,"href":"https:\/\/shipnet.eu\/lv\/wp-json\/wp\/v2\/users\/1"}],"replies":[{"embeddable":true,"href":"https:\/\/shipnet.eu\/lv\/wp-json\/wp\/v2\/comments?post=500"}],"version-history":[{"count":5,"href":"https:\/\/shipnet.eu\/lv\/wp-json\/wp\/v2\/pages\/500\/revisions"}],"predecessor-version":[{"id":2037,"href":"https:\/\/shipnet.eu\/lv\/wp-json\/wp\/v2\/pages\/500\/revisions\/2037"}],"up":[{"embeddable":true,"href":"https:\/\/shipnet.eu\/lv\/wp-json\/wp\/v2\/pages\/492"}],"wp:attachment":[{"href":"https:\/\/shipnet.eu\/lv\/wp-json\/wp\/v2\/media?parent=500"}],"curies":[{"name":"wp","href":"https:\/\/api.w.org\/{rel}","templated":true}]}}