{"id":484,"date":"2017-02-12T23:00:32","date_gmt":"2017-02-12T23:00:32","guid":{"rendered":"http:\/\/hansael.eu\/?page_id=484&#038;lang=lv"},"modified":"2017-12-20T18:59:33","modified_gmt":"2017-12-20T18:59:33","slug":"home","status":"publish","type":"page","link":"https:\/\/shipnet.eu\/lv\/","title":{"rendered":"Galven\u0101"},"content":{"rendered":"<section class=\"l-section wpb_row height_auto width_full\"><div class=\"l-section-h i-cf\"><div class=\"g-cols type_small valign_top\"><div class=\"vc_col-sm-12 wpb_column vc_column_container\"><div class=\"vc_column-inner\"><div class=\"wpb_wrapper\">[rev_slider_vc alias=&#8221;slider_lv&#8221;]<\/div><\/div><\/div><\/div><\/div><\/section><section class=\"l-section wpb_row height_medium color_alternate\"><div class=\"l-section-h i-cf\"><div class=\"g-cols type_small valign_top\"><div class=\"vc_col-sm-12 wpb_column vc_column_container\"><div class=\"vc_column-inner\"><div class=\"wpb_wrapper\"><div class=\"wpb_text_column \"><div class=\"wpb_wrapper\">\n<h2 style=\"text-align: center;\">M\u016bsu\u00a0pakalpojumi:<\/h2>\n<\/div> <\/div> <div class=\"g-cols wpb_row type_small valign_top vc_inner \"><div class=\"vc_col-sm-2 wpb_column vc_column_container\"><div class=\"vc_column-inner\"><div class=\"wpb_wrapper\"><div class=\"w-iconbox iconpos_top style_default color_primary no_text icontype_img\"><a class=\"w-iconbox-link\" href=\"http:\/\/hansael.eu\/lv\/services\/gmdss-radio-surveys-vdr-apts\/\"><div class=\"w-iconbox-icon\" style=\"font-size:48px;\"><img src=\"https:\/\/shipnet.eu\/wp-content\/uploads\/2016\/11\/marine_radio1600.png\" width=\"1600\" height=\"1600\" alt=\"GMDSS p\u0101rbaudes &amp; VDR APTs\"><\/div><h4 class=\"w-iconbox-title\">GMDSS p\u0101rbaudes &amp; VDR APTs<\/h4><\/a><\/div><\/div><\/div><\/div><div class=\"vc_col-sm-2 wpb_column vc_column_container\"><div class=\"vc_column-inner\"><div class=\"wpb_wrapper\"><div class=\"w-iconbox iconpos_top style_default color_primary no_text icontype_img\"><a class=\"w-iconbox-link\" href=\"http:\/\/hansael.eu\/lv\/services\/accounting-authority-inmarsat-activations\/\"><div class=\"w-iconbox-icon\" style=\"font-size:48px;\"><img src=\"https:\/\/shipnet.eu\/wp-content\/uploads\/2016\/11\/satellite-icon-87118.png\" width=\"512\" height=\"512\" alt=\"Nor\u0113\u0137inu Organiz\u0101cija &amp; Satkoms\"><\/div><h4 class=\"w-iconbox-title\">Nor\u0113\u0137inu Organiz\u0101cija &amp; Satkoms<\/h4><\/a><\/div><\/div><\/div><\/div><div class=\"vc_col-sm-2 wpb_column vc_column_container\"><div class=\"vc_column-inner\"><div class=\"wpb_wrapper\"><div class=\"w-iconbox iconpos_top style_default color_primary no_text icontype_img\"><a class=\"w-iconbox-link\" href=\"http:\/\/hansael.eu\/lv\/services\/lrit-vessel-monitoring-services\/\"><div class=\"w-iconbox-icon\" style=\"font-size:48px;\"><img src=\"https:\/\/shipnet.eu\/wp-content\/uploads\/2016\/11\/ship-with-cargo-on-sea_318-35841.png\" width=\"626\" height=\"626\" alt=\"LRIT &amp; Ku\u0123u Monitorings\"><\/div><h4 class=\"w-iconbox-title\">LRIT &amp; Ku\u0123u Monitorings<\/h4><\/a><\/div><\/div><\/div><\/div><div class=\"vc_col-sm-2 wpb_column vc_column_container\"><div class=\"vc_column-inner\"><div class=\"wpb_wrapper\"><div class=\"w-iconbox iconpos_top style_default color_primary no_text icontype_img\"><a class=\"w-iconbox-link\" href=\"http:\/\/hansael.eu\/lv\/products\/ecdis-online-cbt\/\"><div class=\"w-iconbox-icon\" style=\"font-size:48px;\"><img src=\"https:\/\/shipnet.eu\/wp-content\/uploads\/2016\/11\/seo-monitoring_318-31402.png\" width=\"626\" height=\"626\" alt=\"ECDIS apm\u0101c\u012bba un sertifik\u0101cija\"><\/div><h4 class=\"w-iconbox-title\">ECDIS apm\u0101c\u012bba un sertifik\u0101cija<\/h4><\/a><\/div><\/div><\/div><\/div><div class=\"vc_col-sm-2 wpb_column vc_column_container\"><div class=\"vc_column-inner\"><div class=\"wpb_wrapper\"><div class=\"w-iconbox iconpos_top style_default color_primary no_text icontype_img\"><a class=\"w-iconbox-link\" href=\"http:\/\/hansael.eu\/lv\/products\/e-charts-and-publications\/\"><div class=\"w-iconbox-icon\" style=\"font-size:48px;\"><img src=\"https:\/\/shipnet.eu\/wp-content\/uploads\/2016\/11\/rh_icon_compass_darkblue-1.png\" width=\"160\" height=\"160\" alt=\"Elektronisk\u0101s kartis\"><\/div><h4 class=\"w-iconbox-title\">Elektronisk\u0101s kartis<\/h4><\/a><\/div><\/div><\/div><\/div><div class=\"vc_col-sm-2 wpb_column vc_column_container\"><div class=\"vc_column-inner\"><div class=\"wpb_wrapper\"><div class=\"w-iconbox iconpos_top style_default color_primary no_text icontype_img\"><a class=\"w-iconbox-link\" href=\"http:\/\/hansael.eu\/lv\/products\/long-range-gsm-at-sea\/\"><div class=\"w-iconbox-icon\" style=\"font-size:48px;\"><img src=\"https:\/\/shipnet.eu\/wp-content\/uploads\/2016\/11\/42970-200.png\" width=\"200\" height=\"200\" alt=\"T\u0101lj\u016bras GSM sakari\"><\/div><h4 class=\"w-iconbox-title\">T\u0101lj\u016bras GSM sakari<\/h4><\/a><\/div><\/div><\/div><\/div><\/div><\/div><\/div><\/div><\/div><\/div><\/section><section class=\"l-section wpb_row height_medium color_primary\"><div class=\"l-section-h i-cf\"><div class=\"g-cols type_default valign_top vc_column-gap-3\"><div class=\"vc_col-sm-6 wpb_column vc_column_container\"><div class=\"vc_column-inner\"><div class=\"wpb_wrapper\"><div class=\"wpb_text_column \"><div class=\"wpb_wrapper\">\n<h2>Speci\u0101lie pied\u0101v\u0101jumi<\/h2>\n<\/div> <\/div> [rev_slider_vc alias=&#8221;home_bottom_en&#8221;]<div class=\"wpb_text_column \"><div class=\"wpb_wrapper\"><strong>Hansael SIA<\/strong>\u00a0kop\u0161 2004. gada nodarbojas ar ku\u0123u navig\u0101cijas, radio un satel\u012btsakaru risin\u0101jumiem. M\u016bsu uz\u0146\u0113mums tika sertific\u0113ts no vair\u0101k\u0101m klasifik\u0101cijas biedr\u012bb\u0101m, bet darbinieki sistem\u0101tiski tiek apm\u0101c\u012bti liel\u0101ku ra\u017eot\u0101ju rupn\u012bc\u0101s. M\u0113s esam spej\u012bgi operat\u012bvi sar\u012bkot\u00a0augstas kvalit\u0101tes pakalpojumus ar glob\u0101lo p\u0101rkl\u0101jumu, saprotot ku\u0123niec\u012bbas specifiku, un nodro\u0161inot sakaru un navig\u0101cijas apr\u012bkojuma pieg\u0101di, uzst\u0101d\u012b\u0161anu, remontu un satel\u012btsakaru pakalpojumus.<\/div> <\/div> <\/div><\/div><\/div><div class=\"vc_col-sm-6 wpb_column vc_column_container\"><div class=\"vc_column-inner\"><div class=\"wpb_wrapper\"><div class=\"wpb_text_column \"><div class=\"wpb_wrapper\">\n<h2>Teko\u0161o remontu\u00a0interakt\u012bva karte<\/h2>\n<\/div> <\/div> <div class=\"wpb_text_column \"><div class=\"wpb_wrapper\">\n<p style=\"text-align: center;\"><iframe loading=\"lazy\" style=\"width: 100%; height: 400px; border: 1px white solid;\" src=\"http:\/\/hansael.eu\/maps\/index.php?p=map_view&amp;map_id=1&amp;map_o=1\" width=\"300\" height=\"150\" data-mce-fragment=\"1\"><\/iframe>Karte att\u0113lo m\u016bsu uz\u0146\u0113muma\u00a0teko\u0161us un nesen veiktus servisa darbus uz ku\u0123iem. Veiktie darbi k\u013c\u016bst caurspid\u012bgi un paz\u016bd no kartes m\u0113ne\u0161a laik\u0101.<\/p>\n<\/div> <\/div> <\/div><\/div><\/div><\/div><\/div><\/section><section class=\"l-section wpb_row height_medium\"><div class=\"l-section-h i-cf\"><div class=\"g-cols type_small valign_top\"><div class=\"vc_col-sm-12 wpb_column vc_column_container\"><div class=\"vc_column-inner\"><div class=\"wpb_wrapper\"><\/div><\/div><\/div><\/div><\/div><\/section><section class=\"l-section wpb_row height_medium\"><div class=\"l-section-h i-cf\"><div class=\"g-cols type_small valign_top\"><div class=\"vc_col-sm-12 wpb_column vc_column_container\"><div class=\"vc_column-inner\"><div class=\"wpb_wrapper\">\t<div class=\"w-blog layout_flat cols_3 with_isotope masonry\" itemscope=\"itemscope\" itemtype=\"https:\/\/schema.org\/Blog\">\t<div class=\"w-blog-list\">\r\n\r\n\t<article class=\"w-blog-post uncategorized-lv post-2206 post type-post status-publish format-standard has-post-thumbnail hentry category-uncategorized-lv\" data-id=\"2206\" data-categories=\"uncategorized-lv\">\r\n\t\t<div class=\"w-blog-post-h\">\r\n\t\t\t\t\t\t\t\t\t\t<a href=\"https:\/\/shipnet.eu\/lv\/2018\/08\/24\/fire-fighter-radios-its-never-too-late-to-comply\/\">\r\n\t\t\t\t\t<div class=\"w-blog-post-preview\">\r\n\t\t\t\t\t\t<img width=\"538\" height=\"354\" src=\"https:\/\/shipnet.eu\/wp-content\/uploads\/2018\/08\/Fire-fighter1.jpg\" class=\"attachment-tnail-masonry size-tnail-masonry wp-post-image\" alt=\"\" loading=\"lazy\" srcset=\"https:\/\/shipnet.eu\/wp-content\/uploads\/2018\/08\/Fire-fighter1.jpg 538w, https:\/\/shipnet.eu\/wp-content\/uploads\/2018\/08\/Fire-fighter1-300x197.jpg 300w\" sizes=\"(max-width: 538px) 100vw, 538px\" \/>\t\t\t\t\t\t<span class=\"w-blog-post-preview-icon\" style=\"padding-bottom: 66.6667%;\"><\/span>\r\n\t\t\t\t\t<\/div>\r\n\t\t\t\t<\/a>\r\n\t\t\t\t\t\t<div class=\"w-blog-post-body\">\r\n\t\t\t\t<h2 class=\"w-blog-post-title\">\r\n\t\t\t\t\t<a class=\"entry-title\" rel=\"bookmark\" href=\"https:\/\/shipnet.eu\/lv\/2018\/08\/24\/fire-fighter-radios-its-never-too-late-to-comply\/\">Fire Fighter Radios: It&#8217;s never too late to comply!<\/a>\r\n\t\t\t\t<\/h2>\r\n\r\n\t\t\t\t<div class=\"w-blog-post-meta\">\r\n\t\t\t\t\t<time class=\"w-blog-post-meta-date date updated\">August 24, 2018<\/time><span class=\"w-blog-post-meta-author vcard author hidden\"><a href=\"https:\/\/shipnet.eu\/lv\/author\/ilja-orlovs\/\" class=\"fn\">Ilya Orlov<\/a><\/span>\t\t\t\t<\/div>\r\n\t\t\t\t\t\t\t\t\t\t\t\t\t<a class=\"w-blog-post-more w-btn\" href=\"https:\/\/shipnet.eu\/lv\/2018\/08\/24\/fire-fighter-radios-its-never-too-late-to-comply\/\"><span class=\"w-btn-label\">Read More<\/span><\/a>\r\n\t\t\t\t\t\t\t<\/div>\r\n\t\t<\/div>\r\n\t<\/article>\r\n\r\n\r\n\r\n\t<article class=\"w-blog-post uncategorized-lv post-2183 post type-post status-publish format-video has-post-thumbnail hentry category-uncategorized-lv post_format-post-format-video\" data-id=\"2183\" data-categories=\"uncategorized-lv\">\r\n\t\t<div class=\"w-blog-post-h\">\r\n\t\t\t\t\t\t\t<div class=\"w-blog-post-preview\">\r\n\t\t\t\t\t<div class=\"w-video\"><div class=\"w-video-h\" style=\"padding-bottom: 66.6667%;\"><iframe width=\"1500\" height=\"844\" src=\"https:\/\/www.youtube.com\/embed\/9wjRXawJ1wk?feature=oembed\" frameborder=\"0\" allow=\"autoplay; encrypted-media\" allowfullscreen><\/iframe><\/div><\/div>\t\t\t\t\t<span class=\"w-blog-post-preview-icon\" style=\"padding-bottom: 66.6667%;\"><\/span>\r\n\t\t\t\t<\/div>\r\n\t\t\t\t\t\t\t\t\t<div class=\"w-blog-post-body\">\r\n\t\t\t\t<h2 class=\"w-blog-post-title\">\r\n\t\t\t\t\t<a class=\"entry-title\" rel=\"bookmark\" href=\"https:\/\/shipnet.eu\/lv\/2018\/08\/02\/itu-combatting-fake-publications\/\">ITU combating fake publications<\/a>\r\n\t\t\t\t<\/h2>\r\n\r\n\t\t\t\t<div class=\"w-blog-post-meta\">\r\n\t\t\t\t\t<time class=\"w-blog-post-meta-date date updated\">August 2, 2018<\/time><span class=\"w-blog-post-meta-author vcard author hidden\"><a href=\"https:\/\/shipnet.eu\/lv\/author\/ilja-orlovs\/\" class=\"fn\">Ilya Orlov<\/a><\/span>\t\t\t\t<\/div>\r\n\t\t\t\t\t\t\t\t\t\t\t\t\t<a class=\"w-blog-post-more w-btn\" href=\"https:\/\/shipnet.eu\/lv\/2018\/08\/02\/itu-combatting-fake-publications\/\"><span class=\"w-btn-label\">Read More<\/span><\/a>\r\n\t\t\t\t\t\t\t<\/div>\r\n\t\t<\/div>\r\n\t<\/article>\r\n\r\n\r\n\r\n\t<article class=\"w-blog-post uncategorized-lv post-2138 post type-post status-publish format-standard has-post-thumbnail hentry category-uncategorized-lv\" data-id=\"2138\" data-categories=\"uncategorized-lv\">\r\n\t\t<div class=\"w-blog-post-h\">\r\n\t\t\t\t\t\t\t\t\t\t<a href=\"https:\/\/shipnet.eu\/lv\/2018\/04\/16\/global-changes-of-inmarsat-c-coverage\/\">\r\n\t\t\t\t\t<div class=\"w-blog-post-preview\">\r\n\t\t\t\t\t\t<img width=\"600\" height=\"380\" src=\"https:\/\/shipnet.eu\/wp-content\/uploads\/2018\/04\/p10-600x380.jpg\" class=\"attachment-tnail-masonry size-tnail-masonry wp-post-image\" alt=\"\" loading=\"lazy\" srcset=\"https:\/\/shipnet.eu\/wp-content\/uploads\/2018\/04\/p10-600x380.jpg 600w, https:\/\/shipnet.eu\/wp-content\/uploads\/2018\/04\/p10-300x190.jpg 300w, https:\/\/shipnet.eu\/wp-content\/uploads\/2018\/04\/p10-768x486.jpg 768w, https:\/\/shipnet.eu\/wp-content\/uploads\/2018\/04\/p10-1024x648.jpg 1024w, https:\/\/shipnet.eu\/wp-content\/uploads\/2018\/04\/p10-e1523886612688.jpg 800w\" sizes=\"(max-width: 600px) 100vw, 600px\" \/>\t\t\t\t\t\t<span class=\"w-blog-post-preview-icon\" style=\"padding-bottom: 66.6667%;\"><\/span>\r\n\t\t\t\t\t<\/div>\r\n\t\t\t\t<\/a>\r\n\t\t\t\t\t\t<div class=\"w-blog-post-body\">\r\n\t\t\t\t<h2 class=\"w-blog-post-title\">\r\n\t\t\t\t\t<a class=\"entry-title\" rel=\"bookmark\" href=\"https:\/\/shipnet.eu\/lv\/2018\/04\/16\/global-changes-of-inmarsat-c-coverage\/\">Global changes of Inmarsat-C coverage.<\/a>\r\n\t\t\t\t<\/h2>\r\n\r\n\t\t\t\t<div class=\"w-blog-post-meta\">\r\n\t\t\t\t\t<time class=\"w-blog-post-meta-date date updated\">April 16, 2018<\/time><span class=\"w-blog-post-meta-author vcard author hidden\"><a href=\"https:\/\/shipnet.eu\/lv\/author\/hansael\/\" class=\"fn\">hansael<\/a><\/span>\t\t\t\t<\/div>\r\n\t\t\t\t\t\t\t\t\t\t\t\t\t<a class=\"w-blog-post-more w-btn\" href=\"https:\/\/shipnet.eu\/lv\/2018\/04\/16\/global-changes-of-inmarsat-c-coverage\/\"><span class=\"w-btn-label\">Read More<\/span><\/a>\r\n\t\t\t\t\t\t\t<\/div>\r\n\t\t<\/div>\r\n\t<\/article>\r\n\r\n<\/div><\/div><\/div><\/div><\/div><\/div><\/div><\/section>\n","protected":false},"excerpt":{"rendered":"Between 2019 and 2020 Inmarsat I-3 satellites will reach their end-of-life. All I-3 satellite services must be migrated onto the I-4 satellites in order to produce their continuity. The migration will take place in 4 stages, as shown below: (pic.1-4). (pic.1) Move of AORW from the 3F5 satellite (54o W) to the 4F3 satellite (98o...","protected":false},"author":1,"featured_media":0,"parent":0,"menu_order":0,"comment_status":"closed","ping_status":"closed","template":"","meta":[],"aioseo_notices":[],"_links":{"self":[{"href":"https:\/\/shipnet.eu\/lv\/wp-json\/wp\/v2\/pages\/484"}],"collection":[{"href":"https:\/\/shipnet.eu\/lv\/wp-json\/wp\/v2\/pages"}],"about":[{"href":"https:\/\/shipnet.eu\/lv\/wp-json\/wp\/v2\/types\/page"}],"author":[{"embeddable":true,"href":"https:\/\/shipnet.eu\/lv\/wp-json\/wp\/v2\/users\/1"}],"replies":[{"embeddable":true,"href":"https:\/\/shipnet.eu\/lv\/wp-json\/wp\/v2\/comments?post=484"}],"version-history":[{"count":27,"href":"https:\/\/shipnet.eu\/lv\/wp-json\/wp\/v2\/pages\/484\/revisions"}],"predecessor-version":[{"id":1912,"href":"https:\/\/shipnet.eu\/lv\/wp-json\/wp\/v2\/pages\/484\/revisions\/1912"}],"wp:attachment":[{"href":"https:\/\/shipnet.eu\/lv\/wp-json\/wp\/v2\/media?parent=484"}],"curies":[{"name":"wp","href":"https:\/\/api.w.org\/{rel}","templated":true}]}}