{"id":467,"date":"2017-02-12T22:39:40","date_gmt":"2017-02-12T22:39:40","guid":{"rendered":"http:\/\/hansael.eu\/?page_id=467&#038;lang=lv"},"modified":"2018-03-13T08:10:47","modified_gmt":"2018-03-13T08:10:47","slug":"about-us","status":"publish","type":"page","link":"https:\/\/shipnet.eu\/lv\/about-us\/","title":{"rendered":"Par mums"},"content":{"rendered":"<section class=\"l-section wpb_row height_auto width_full\"><div class=\"l-section-h i-cf\"><div class=\"g-cols type_small valign_top\"><div class=\"vc_col-sm-12 wpb_column vc_column_container\"><div class=\"vc_column-inner\"><div class=\"wpb_wrapper\"><div class=\"w-image\"><div class=\"us-frame\"><img width=\"2000\" height=\"336\" src=\"https:\/\/shipnet.eu\/wp-content\/uploads\/2016\/11\/1-1.jpg\" class=\"attachment-full size-full\" alt=\"\" loading=\"lazy\" srcset=\"https:\/\/shipnet.eu\/wp-content\/uploads\/2016\/11\/1-1.jpg 2000w, https:\/\/shipnet.eu\/wp-content\/uploads\/2016\/11\/1-1-300x50.jpg 300w, https:\/\/shipnet.eu\/wp-content\/uploads\/2016\/11\/1-1-768x129.jpg 768w, https:\/\/shipnet.eu\/wp-content\/uploads\/2016\/11\/1-1-1024x172.jpg 1024w, https:\/\/shipnet.eu\/wp-content\/uploads\/2016\/11\/1-1-600x101.jpg 600w\" sizes=\"(max-width: 2000px) 100vw, 2000px\" \/><\/div><\/div><\/div><\/div><\/div><\/div><\/div><\/section><section class=\"l-section wpb_row height_medium\" style=\"padding-right: 20px !important;padding-left: 20px !important;\"><div class=\"l-section-h i-cf\"><div class=\"g-cols type_default valign_top\"><div class=\"vc_col-sm-6 wpb_column vc_column_container\"><div class=\"vc_column-inner\"><div class=\"wpb_wrapper\"><div class=\"wpb_text_column \"><div class=\"wpb_wrapper\">\n<h2>Hansel SIA<\/h2>\n<\/div> <\/div> <div class=\"wpb_text_column \"><div class=\"wpb_wrapper\"><strong>Hansael SIA<\/strong> dibin\u0101ta 2004.gad\u0101, pamatojoties uz Latvijas Ku\u0123niec\u012bbas uz\u0146\u0113muma J\u016bras elektronikas noda\u013cas b\u0101zi. Hansael SIA ir kvalific\u0113ti un pieredz\u0113ju\u0161i in\u017eenieri, kurus apm\u0101ca pasaules vado\u0161ie ku\u0123u apr\u012bkojuma un programmat\u016bras ra\u017eot\u0101ji.<\/p>\n<p>M\u016bsu komp\u0101nija ir vair\u0101ku pasaules vado\u0161o j\u016bras aparat\u016bras un programmat\u016bras ra\u017eot\u0101ju pilnvarotais p\u0101rst\u0101vis un biznesa partneris:<br \/>\nFURUNO DANMARK A\/S, Thrane&amp;Thrane A\/S trading as Cobham SATCOM, Northrop Grumman Sperry Marine BV, Kelvin Hughes Ltd., Raytheon Anschuetz GmbH, Orolia Ltd. ( McMurdo &amp; Kannad Marine ), Jotron AS, KVH Industries A\/S,AC Antennas A\/S, FLIR, NetWave Systems BV, Danelec Marine A\/S, Applied Satellite Technology Ltd., Pole Star Space Applications Ltd.<\/p>\n<p>Prasmes un pieredze, ko apstiprina pilnvarota sertifik\u0101cija, \u013cauj m\u016bsu in\u017eenieriem nodro\u0161in\u0101t kvalitat\u012bvu servisu j\u016bras aparat\u016bras un programmat\u016bras uzst\u0101d\u012b\u0161anai un uztur\u0113\u0161anai saska\u0146\u0101 ar ra\u017eot\u0101ja pras\u012bb\u0101m. M\u016bsu apkalpojo\u0161ais person\u0101ls ir gatavs apmekl\u0113t ku\u0123i vis\u0101 pasaul\u0113 jebkur\u0101 ost\u0101, kas piem\u0113rota klientam.<\/p>\n<p>M\u016bsu uz\u0146\u0113mums ir sertific\u0113jis<strong> Latvijas J\u016bras Administr\u0101cija<\/strong> un \u0161\u0101das klasifik\u0101cijas biedr\u012bbas:<\/p>\n<ul>\n<li>American Bureau of Shipping;<\/li>\n<li>Russian Maritime Register of Shipping;<\/li>\n<li>Germanischer Lloyd;<\/li>\n<li>Lloyd&#8217;s Register;<\/li>\n<li>Det Norske Veritas;<\/li>\n<li>Bureau Veritas;<\/li>\n<li>Shipping Register of Ukraine;<\/li>\n<li>RINA;<\/li>\n<li>Nippon Kaiji Kyokai.<\/li>\n<\/ul>\n<\/div> <\/div> <\/div><\/div><\/div><div class=\"vc_col-sm-6 wpb_column vc_column_container\"><div class=\"vc_column-inner\"><div class=\"wpb_wrapper\"><div class=\"w-image align_center\"><div class=\"us-frame\"><img width=\"301\" height=\"86\" src=\"https:\/\/shipnet.eu\/wp-content\/uploads\/2016\/11\/logo.png\" class=\"attachment-large size-large\" alt=\"\" loading=\"lazy\" srcset=\"https:\/\/shipnet.eu\/wp-content\/uploads\/2016\/11\/logo.png 301w, https:\/\/shipnet.eu\/wp-content\/uploads\/2016\/11\/logo-300x86.png 300w\" sizes=\"(max-width: 301px) 100vw, 301px\" \/><\/div><\/div>[vc_empty_space]<div class=\"w-slider\"><div class=\"us-frame\"><div class=\"royalSlider\"><div class=\"rsContent\"><a class=\"rsImg\" data-rsw=\"640\" data-rsh=\"406\" href=\"https:\/\/shipnet.eu\/wp-content\/uploads\/2017\/01\/31.jpg\"><\/a><\/div><div class=\"rsContent\"><a class=\"rsImg\" data-rsw=\"640\" data-rsh=\"406\" href=\"https:\/\/shipnet.eu\/wp-content\/uploads\/2017\/01\/32.jpg\"><\/a><\/div><div class=\"rsContent\"><a class=\"rsImg\" data-rsw=\"640\" data-rsh=\"406\" href=\"https:\/\/shipnet.eu\/wp-content\/uploads\/2017\/01\/30.jpg\"><\/a><\/div><div class=\"rsContent\"><a class=\"rsImg\" data-rsw=\"640\" data-rsh=\"406\" href=\"https:\/\/shipnet.eu\/wp-content\/uploads\/2017\/01\/29.jpg\"><\/a><\/div><div class=\"rsContent\"><a class=\"rsImg\" data-rsw=\"640\" data-rsh=\"406\" href=\"https:\/\/shipnet.eu\/wp-content\/uploads\/2017\/01\/28.jpg\"><\/a><\/div><div class=\"rsContent\"><a class=\"rsImg\" data-rsw=\"640\" data-rsh=\"404\" href=\"https:\/\/shipnet.eu\/wp-content\/uploads\/2017\/01\/27.jpg\"><\/a><\/div><div class=\"rsContent\"><a class=\"rsImg\" data-rsw=\"640\" data-rsh=\"404\" href=\"https:\/\/shipnet.eu\/wp-content\/uploads\/2017\/01\/26.jpg\"><\/a><\/div><div class=\"rsContent\"><a class=\"rsImg\" data-rsw=\"640\" data-rsh=\"404\" href=\"https:\/\/shipnet.eu\/wp-content\/uploads\/2017\/01\/25.jpg\"><\/a><\/div><div class=\"rsContent\"><a class=\"rsImg\" data-rsw=\"640\" data-rsh=\"404\" href=\"https:\/\/shipnet.eu\/wp-content\/uploads\/2017\/01\/24.jpg\"><\/a><\/div><div class=\"rsContent\"><a class=\"rsImg\" data-rsw=\"640\" data-rsh=\"404\" href=\"https:\/\/shipnet.eu\/wp-content\/uploads\/2017\/01\/23.jpg\"><\/a><\/div><div class=\"rsContent\"><a class=\"rsImg\" data-rsw=\"640\" data-rsh=\"404\" href=\"https:\/\/shipnet.eu\/wp-content\/uploads\/2017\/01\/22.jpg\"><\/a><\/div><div class=\"rsContent\"><a class=\"rsImg\" data-rsw=\"640\" data-rsh=\"404\" href=\"https:\/\/shipnet.eu\/wp-content\/uploads\/2017\/01\/21.jpg\"><\/a><\/div><div class=\"rsContent\"><a class=\"rsImg\" data-rsw=\"640\" data-rsh=\"404\" href=\"https:\/\/shipnet.eu\/wp-content\/uploads\/2017\/01\/20.jpg\"><\/a><\/div><div class=\"rsContent\"><a class=\"rsImg\" data-rsw=\"640\" data-rsh=\"401\" href=\"https:\/\/shipnet.eu\/wp-content\/uploads\/2017\/01\/9.jpg\"><\/a><\/div><div class=\"rsContent\"><a class=\"rsImg\" data-rsw=\"640\" data-rsh=\"401\" href=\"https:\/\/shipnet.eu\/wp-content\/uploads\/2017\/01\/8.jpg\"><\/a><\/div><div class=\"rsContent\"><a class=\"rsImg\" data-rsw=\"640\" data-rsh=\"401\" href=\"https:\/\/shipnet.eu\/wp-content\/uploads\/2017\/01\/7.jpg\"><\/a><\/div><div class=\"rsContent\"><a class=\"rsImg\" data-rsw=\"640\" data-rsh=\"401\" href=\"https:\/\/shipnet.eu\/wp-content\/uploads\/2017\/01\/6.jpg\"><\/a><\/div><div class=\"rsContent\"><a class=\"rsImg\" data-rsw=\"640\" data-rsh=\"401\" href=\"https:\/\/shipnet.eu\/wp-content\/uploads\/2017\/01\/5.jpg\"><\/a><\/div><div class=\"rsContent\"><a class=\"rsImg\" data-rsw=\"640\" data-rsh=\"401\" href=\"https:\/\/shipnet.eu\/wp-content\/uploads\/2017\/01\/4.jpg\"><\/a><\/div><div class=\"rsContent\"><a class=\"rsImg\" data-rsw=\"640\" data-rsh=\"401\" href=\"https:\/\/shipnet.eu\/wp-content\/uploads\/2017\/01\/3.jpg\"><\/a><\/div><\/div><img src=\"https:\/\/shipnet.eu\/wp-content\/uploads\/2017\/01\/31.jpg\" alt=\"\"><\/div><div class=\"w-slider-json\" onclick='return {&quot;transitionSpeed&quot;:300,&quot;loopRewind&quot;:true,&quot;slidesSpacing&quot;:0,&quot;imageScalePadding&quot;:0,&quot;numImagesToPreload&quot;:2,&quot;arrowsNav&quot;:true,&quot;arrowsNavAutoHide&quot;:false,&quot;transitionType&quot;:&quot;move&quot;,&quot;block&quot;:{&quot;moveEffect&quot;:&quot;none&quot;,&quot;speed&quot;:300},&quot;controlNavigation&quot;:&quot;none&quot;,&quot;imageScaleMode&quot;:&quot;fit-if-smaller&quot;,&quot;autoScaleSlider&quot;:true,&quot;autoScaleSliderWidth&quot;:640,&quot;autoScaleSliderHeight&quot;:406,&quot;fitInViewport&quot;:false}'><\/div><\/div>[vc_empty_space]<div class=\"wpb_text_column \"><div class=\"wpb_wrapper\">\n<h2>Contact us<\/h2>\n<\/div> <\/div> <div class=\"w-form for_cform align_left\" id=\"us_form_1\">\r\n\t<form class=\"w-form-h\" autocomplete=\"off\" action=\"https:\/\/shipnet.eu\/lv\/wp-json\/wp\/v2\/pages\/467\" method=\"post\">\r\n\t\t\t\t\t\t\t<div class=\"w-form-row for_name required\">\r\n\t<div class=\"w-form-row-label\">\r\n\t\t<label for=\"us_form_1_name\"><\/label>\r\n\t<\/div>\r\n\t<div class=\"w-form-row-field\">\r\n\t\t\t\t<input type=\"text\" name=\"name\" id=\"us_form_1_name\" value=\"\"\r\n\t\t\t   placeholder=\"Name *\" data-required=\"true\" aria-required=\"true\"\/>\r\n\t\t<span class=\"w-form-row-field-bar\"><\/span>\r\n\t\t\t<\/div>\r\n\t<div class=\"w-form-row-state\"><\/div>\r\n\t<\/div>\r\n\t\t\t\t\t<div class=\"w-form-row for_email required\">\r\n\t<div class=\"w-form-row-label\">\r\n\t\t<label for=\"us_form_1_email\"><\/label>\r\n\t<\/div>\r\n\t<div class=\"w-form-row-field\">\r\n\t\t\t\t<input type=\"email\" name=\"email\" id=\"us_form_1_email\" value=\"\"\r\n\t\t\t   placeholder=\"Email *\" data-required=\"true\" aria-required=\"true\"\/>\r\n\t\t<span class=\"w-form-row-field-bar\"><\/span>\r\n\t\t\t<\/div>\r\n\t<div class=\"w-form-row-state\"><\/div>\r\n\t<\/div>\r\n\t\t\t\t\t<div class=\"w-form-row for_phone required\">\r\n\t<div class=\"w-form-row-label\">\r\n\t\t<label for=\"us_form_1_phone\"><\/label>\r\n\t<\/div>\r\n\t<div class=\"w-form-row-field\">\r\n\t\t\t\t<input type=\"text\" name=\"phone\" id=\"us_form_1_phone\" value=\"\"\r\n\t\t\t   placeholder=\"Phone Number *\" data-required=\"true\" aria-required=\"true\"\/>\r\n\t\t<span class=\"w-form-row-field-bar\"><\/span>\r\n\t\t\t<\/div>\r\n\t<div class=\"w-form-row-state\"><\/div>\r\n\t<\/div>\r\n\t\t\t\t\t<div class=\"w-form-row for_message required\">\r\n\t<div class=\"w-form-row-label\">\r\n\t\t<label for=\"us_form_1_message\"><\/label>\r\n\t<\/div>\r\n\t<div class=\"w-form-row-field\">\r\n\t\t\t\t<textarea name=\"message\" id=\"us_form_1_message\" cols=\"30\" rows=\"10\" placeholder=\"Message *\"\r\n\t\t\t data-required=\"true\" aria-required=\"true\"><\/textarea>\r\n\t\t<span class=\"w-form-row-field-bar\"><\/span>\r\n\t\t\t<\/div>\r\n\t<div class=\"w-form-row-state\"><\/div>\r\n\t<\/div>\r\n\t\t\t\t\t<div class=\"w-form-row for_captcha required\">\r\n\t<div class=\"w-form-row-label\">\r\n\t\t<label for=\"us_form_1_captcha\">Just to prove you are a human, please solve the equation: <span>26 - 5 = ?<\/span><\/label>\r\n\t<\/div>\r\n\t<div class=\"w-form-row-field\">\r\n\t\t\t\t<input type=\"hidden\" name=\"captcha_hash\" value=\"e278cef7904bb27bab56f77f21b0abc9\" \/>\r\n\t\t<input type=\"text\" name=\"captcha\" id=\"us_form_1_captcha\" value=\"\"\r\n\t\t\t   data-required=\"1\" placeholder=\"\" aria-required=\"true\" \/>\r\n\t\t<span class=\"w-form-row-field-bar\"><\/span>\r\n\t\t\t<\/div>\r\n\t<div class=\"w-form-row-state\"><\/div>\r\n\t<\/div>\r\n\t\t\t\t\t<input type=\"hidden\" name=\"action\" value=\"us_ajax_cform\" \/>\r\n\t\t\t\t\t<input type=\"hidden\" name=\"post_id\" value=\"467\" \/>\r\n\t\t\t\t\t<input type=\"hidden\" name=\"form_index\" value=\"1\" \/>\r\n\t\t\t\t\t<div class=\"w-form-row for_submit\">\r\n\t<div class=\"w-form-row-field\">\r\n\t\t<button class=\"w-btn size_15px color_primary style_solid\" type=\"submit\"><span class=\"g-preloader type_1\"><\/span><span class=\"w-btn-label\">Send Message<\/span><\/button>\r\n\t<\/div>\r\n<\/div>\r\n\t\t\t\t<div class=\"w-form-message\"><\/div>\r\n\t\t\t<\/form>\r\n\t\t\t<div class=\"w-form-json hidden\" onclick='return {&quot;ajaxurl&quot;:&quot;https:\\\/\\\/shipnet.eu\\\/wp-admin\\\/admin-ajax.php&quot;,&quot;success&quot;:&quot;Thank you! Your message was sent.&quot;,&quot;errors&quot;:{&quot;name&quot;:&quot;Please enter your Name&quot;,&quot;email&quot;:&quot;Please enter your Email&quot;,&quot;phone&quot;:&quot;Please enter your Phone Number&quot;,&quot;message&quot;:&quot;Please enter a Message&quot;,&quot;captcha&quot;:&quot;Please enter the equation result&quot;}}'><\/div>\r\n\t<\/div>\r\n<\/div><\/div><\/div><\/div><\/div><\/section>\n","protected":false},"excerpt":{"rendered":"Hansel SIA Hansael SIA dibin\u0101ta 2004.gad\u0101, pamatojoties uz Latvijas Ku\u0123niec\u012bbas uz\u0146\u0113muma J\u016bras elektronikas noda\u013cas b\u0101zi. Hansael SIA ir kvalific\u0113ti un pieredz\u0113ju\u0161i in\u017eenieri, kurus apm\u0101ca pasaules vado\u0161ie ku\u0123u apr\u012bkojuma un programmat\u016bras ra\u017eot\u0101ji. M\u016bsu komp\u0101nija ir vair\u0101ku pasaules vado\u0161o j\u016bras aparat\u016bras un programmat\u016bras ra\u017eot\u0101ju pilnvarotais p\u0101rst\u0101vis un biznesa partneris: FURUNO DANMARK A\/S, Thrane&amp;Thrane A\/S trading as Cobham...","protected":false},"author":1,"featured_media":0,"parent":0,"menu_order":0,"comment_status":"closed","ping_status":"closed","template":"","meta":[],"aioseo_notices":[],"_links":{"self":[{"href":"https:\/\/shipnet.eu\/lv\/wp-json\/wp\/v2\/pages\/467"}],"collection":[{"href":"https:\/\/shipnet.eu\/lv\/wp-json\/wp\/v2\/pages"}],"about":[{"href":"https:\/\/shipnet.eu\/lv\/wp-json\/wp\/v2\/types\/page"}],"author":[{"embeddable":true,"href":"https:\/\/shipnet.eu\/lv\/wp-json\/wp\/v2\/users\/1"}],"replies":[{"embeddable":true,"href":"https:\/\/shipnet.eu\/lv\/wp-json\/wp\/v2\/comments?post=467"}],"version-history":[{"count":6,"href":"https:\/\/shipnet.eu\/lv\/wp-json\/wp\/v2\/pages\/467\/revisions"}],"predecessor-version":[{"id":2026,"href":"https:\/\/shipnet.eu\/lv\/wp-json\/wp\/v2\/pages\/467\/revisions\/2026"}],"wp:attachment":[{"href":"https:\/\/shipnet.eu\/lv\/wp-json\/wp\/v2\/media?parent=467"}],"curies":[{"name":"wp","href":"https:\/\/api.w.org\/{rel}","templated":true}]}}